{"id":127,"date":"2022-03-10T17:08:21","date_gmt":"2022-03-10T17:08:21","guid":{"rendered":"https:\/\/tomvaylo.thewebk.it\/?page_id=127"},"modified":"2025-08-14T10:54:30","modified_gmt":"2025-08-14T10:54:30","slug":"cours-initiation-handpan","status":"publish","type":"page","link":"https:\/\/tomvaylo.com\/fr\/cours-initiation-handpan\/","title":{"rendered":"Cours de Handpan"},"content":{"rendered":"<div class=\"wpb-content-wrapper\"><p>[vc_row][vc_column][vc_column_text css=\u00a0\u00bb\u00a0\u00bb]Cours \/ initiation handpan : offrez ou offrez-vous un moment unique et m\u00e9morable pour d\u00e9couvrir ou progresser au handpan avec Tom[\/vc_column_text][\/vc_column][vc_column width=\u00a0\u00bb1\/2&Prime;][vc_single_image image=\u00a0\u00bb97&Prime; img_size=\u00a0\u00bbfull\u00a0\u00bb][\/vc_column][vc_column width=\u00a0\u00bb1\/2&Prime;][vc_column_text css=\u00a0\u00bb\u00a0\u00bb]<\/p>\n<h2 class=\"major\">INITIATION AU HANDPAN<\/h2>\n<p>Avez-vous d\u00e9j\u00e0 voulu d\u00e9couvrir le son magique du handpan et apprendre \u00e0 en jouer facilement ?<\/p>\n<p>Tom propose des initiations au handpan \u00e0 Lyon (et parfois ailleurs), durant lesquelles vous pourrez essayer de nombreux handpans de constructeurs renom\u00e9s, apprendre l&rsquo;histoire de cet instrument et son processus de fabrication, d\u00e9couvrir le toucher et les bases du jeu, et jouer vos premi\u00e8res m\u00e9lodies.<\/p>\n<p><a href=\"https:\/\/tomvaylo.com\/fr\/ateliers-stages-handpan-lyon\/\">Vous pouvez aussi retrouvez les stages d&rsquo;initiation handpan en groupe ici<\/a>[\/vc_column_text][vc_btn title=\u00a0\u00bbOffrez (vous) une initiation !\u00a0\u00bb align=\u00a0\u00bbcenter\u00a0\u00bb link=\u00a0\u00bburl:https%3A%2F%2Ftomvaylo.com%2Ffr%2Fproduit%2Fhandpan-initiation-gift-card%2F|title:Handpan%20initiation%20gift%20card\u00a0\u00bb][vc_separator][vc_column_text]<\/p>\n<h2 class=\"major\">COURS DE HANDPAN<\/h2>\n<p>Vous souhaitez am\u00e9liorer votre jeu, obtenir des astuces pour arr\u00eater de tourner en rond ou d\u00e9couvrir de nouvelles techniques ?<\/p>\n<p>Je propose aussi des le\u00e7ons de handpan \u00e0 Lyon ! Les le\u00e7ons sont individuelles et adapt\u00e9es \u00e0 chaque \u00e9l\u00e8ve selon ses envies et besoins ; et s&rsquo;appuient sur plusieurs th\u00e8mes : technique\/rythme\/m\u00e9lodie\/th\u00e9orie\/composition\/interpr\u00e9tation\/improvisation &#8230; Tout est possible, bien que j&rsquo;aime \u00e0 voir la musique comme un moyen d&rsquo;expression, et \u00e0 conforter mes \u00e9l\u00e8ves dans la composition et l&rsquo;improvisation.<\/p>\n<p>Je suis tr\u00e8s \u00e0 l&rsquo;\u00e9coute des \u00e9l\u00e8ves pour leur fournir des cours tr\u00e8s personnels et adapt\u00e9s \u00e0 leurs envies.<\/p>\n<p>Vous pouvez r\u00e9server des cours directement depuis le site, ou tout simplement me contacter via le formulaire \u00ab\u00a0Contact\u00a0\u00bb pour en discuter ensemble.[\/vc_column_text][vc_btn title=\u00a0\u00bbOffrez (vous) des cours !\u00a0\u00bb align=\u00a0\u00bbcenter\u00a0\u00bb link=\u00a0\u00bburl:https%3A%2F%2Ftomvaylo.com%2Ffr%2Fproduit%2Fhandpan-lesson%2F|title:Handpan%20lesson\u00a0\u00bb][vc_separator][\/vc_column][\/vc_row][vc_row][vc_column][vc_column_text]<\/p>\n<h2 class=\"major\">Ateliers\/Stages\/Immersions en groupe<\/h2>\n<p>Une ou plusieurs journ\u00e9es en immersion totale dans l&rsquo;univers du handpan, avec de nombreux instruments disponibles en pr\u00eat ou \u00e0 l&rsquo;achat sur place, pour essayer, d\u00e9couvrir ou s&rsquo;am\u00e9liorer.<\/p>\n<p>Une occasion unique de profiter de l&rsquo;\u00e9mulation d&rsquo;un groupe et de vivre une journ\u00e9e qui restera longtemps dans votre m\u00e9moire.<\/p>\n<p>[\/vc_column_text][vc_btn title=\u00a0\u00bbD\u00e9couvrir les prochains stages\u00a0\u00bb align=\u00a0\u00bbcenter\u00a0\u00bb link=\u00a0\u00bburl:https%3A%2F%2Ftomvaylo.com%2Ffr%2Fateliers-stages%2F|title:stages\u00a0\u00bb][vc_column_text css=\u00a0\u00bb\u00a0\u00bb]<\/p>\n<div id=\"mlb2-26262498\" class=\"ml-form-embedContainer ml-subscribe-form ml-subscribe-form-26262498\">\n<div class=\"ml-form-align-center \">\n<div class=\"ml-form-embedWrapper embedForm\">\n<div class=\"ml-form-embedBody ml-form-embedBodyDefault row-form\">\n<div class=\"ml-form-embedContent\">\n<h4>Restez au courant<\/h4>\n<p>Recevez les dates des prochains stages !<\/p>\n<\/div>\n<form class=\"ml-block-form\" action=\"https:\/\/assets.mailerlite.com\/jsonp\/1535683\/forms\/155028125207496072\/subscribe\" method=\"post\" target=\"_blank\" data-code=\"\">\n<div class=\"ml-form-formContent\">\n<div class=\"ml-form-fieldRow \">\n<div class=\"ml-field-group ml-field-email ml-validate-email ml-validate-required\">\n<p><!-- input --><br \/>\n<input class=\"form-control\" autocomplete=\"email\" name=\"fields[email]\" type=\"email\" placeholder=\"Email\" aria-label=\"email\" aria-required=\"true\" data-inputmask=\"\" \/><br \/>\n<!-- \/input --><\/p>\n<p><!-- textarea --><\/p>\n<p><!-- \/textarea --><\/p>\n<p><!-- select --><\/p>\n<p><!-- \/select --><\/p>\n<p><!-- checkboxes --><\/p>\n<p><!-- \/checkboxes --><\/p>\n<p><!-- radio --><\/p>\n<p><!-- \/radio --><\/p>\n<p><!-- countries --><\/p>\n<p><!-- \/countries --><\/p>\n<\/div>\n<\/div>\n<div class=\"ml-form-fieldRow \">\n<div class=\"ml-field-group ml-field-name\">\n<p><!-- input --><br \/>\n<input class=\"form-control\" autocomplete=\"given-name\" name=\"fields[name]\" type=\"text\" placeholder=\"Pr\u00e9nom\" aria-label=\"name\" data-inputmask=\"\" \/><br \/>\n<!-- \/input --><\/p>\n<p><!-- textarea --><\/p>\n<p><!-- \/textarea --><\/p>\n<p><!-- select --><\/p>\n<p><!-- \/select --><\/p>\n<p><!-- checkboxes --><\/p>\n<p><!-- \/checkboxes --><\/p>\n<p><!-- radio --><\/p>\n<p><!-- \/radio --><\/p>\n<p><!-- countries --><\/p>\n<p><!-- \/countries --><\/p>\n<\/div>\n<\/div>\n<div class=\"ml-form-fieldRow \">\n<div class=\"ml-field-group ml-field-last_name\">\n<p><!-- input --><br \/>\n<input class=\"form-control\" autocomplete=\"family-name\" name=\"fields[last_name]\" type=\"text\" placeholder=\"Nom de famille\" aria-label=\"last_name\" data-inputmask=\"\" \/><br \/>\n<!-- \/input --><\/p>\n<p><!-- textarea --><\/p>\n<p><!-- \/textarea --><\/p>\n<p><!-- select --><\/p>\n<p><!-- \/select --><\/p>\n<p><!-- checkboxes --><\/p>\n<p><!-- \/checkboxes --><\/p>\n<p><!-- radio --><\/p>\n<p><!-- \/radio --><\/p>\n<p><!-- countries --><\/p>\n<p><!-- \/countries --><\/p>\n<\/div>\n<\/div>\n<div class=\"ml-form-fieldRow ml-last-item\">\n<div class=\"ml-field-group ml-field-state ml-validate-required\">\n<p><!-- input --><br \/>\n<input class=\"form-control\" autocomplete=\"\" name=\"fields[state]\" type=\"text\" placeholder=\"Ville ou r\u00e9gion\" aria-label=\"state\" aria-required=\"true\" data-inputmask=\"\" \/><br \/>\n<!-- \/input --><\/p>\n<p><!-- textarea --><\/p>\n<p><!-- \/textarea --><\/p>\n<p><!-- select --><\/p>\n<p><!-- \/select --><\/p>\n<p><!-- checkboxes --><\/p>\n<p><!-- \/checkboxes --><\/p>\n<p><!-- radio --><\/p>\n<p><!-- \/radio --><\/p>\n<p><!-- countries --><\/p>\n<p><!-- \/countries --><\/p>\n<\/div>\n<\/div>\n<\/div>\n<p><!-- Privacy policy --><\/p>\n<p><!-- \/Privacy policy --><\/p>\n<div class=\"ml-form-recaptcha ml-validate-required\" style=\"float: left;\">\n<style type=\"text\/css\">\n  .ml-form-recaptcha {<br \/>\n    margin-bottom: 20px;<br \/>\n  }<\/p>\n<p>  .ml-form-recaptcha.ml-error iframe {<br \/>\n    border: solid 1px #ff0000;<br \/>\n  }<\/p>\n<p>  @media screen and (max-width: 480px) {<br \/>\n    .ml-form-recaptcha {<br \/>\n      width: 220px!important<br \/>\n    }<br \/>\n    .g-recaptcha {<br \/>\n      transform: scale(0.78);<br \/>\n      -webkit-transform: scale(0.78);<br \/>\n      transform-origin: 0 0;<br \/>\n      -webkit-transform-origin: 0 0;<br \/>\n    }<br \/>\n  }<br \/>\n<\/style>\n<p><script src=\"https:\/\/www.google.com\/recaptcha\/api.js\"><\/script><\/p>\n<div class=\"g-recaptcha\" data-sitekey=\"6Lf1KHQUAAAAAFNKEX1hdSWCS3mRMv4FlFaNslaD\"><\/div>\n<\/div>\n<p><input name=\"ml-submit\" type=\"hidden\" value=\"1\" \/><\/p>\n<div class=\"ml-form-embedSubmit\">\n<p><button class=\"primary\" type=\"submit\">Subscribe<\/button><\/p>\n<p>&nbsp;<\/p>\n<div class=\"ml-form-embedSubmitLoad\"><\/div>\n<p><span class=\"sr-only\">Loading&#8230;<\/span><\/p>\n<\/div>\n<p><input name=\"anticsrf\" type=\"hidden\" value=\"true\" \/><\/p>\n<\/form>\n<\/div>\n<div class=\"ml-form-successBody row-success\" style=\"display: none;\">\n<div class=\"ml-form-successContent\">\n<h4>Thank you!<\/h4>\n<p>You have successfully joined our subscriber list.<\/p>\n<\/div>\n<\/div>\n<\/div>\n<\/div>\n<\/div>\n<p><script>\n    function ml_webform_success_26262498() {\n      var $ = ml_jQuery || jQuery;\n      $('.ml-subscribe-form-26262498 .row-success').show();\n      $('.ml-subscribe-form-26262498 .row-form').hide();\n    }\n      <\/script><\/p>\n<p><script src=\"https:\/\/groot.mailerlite.com\/js\/w\/webforms.min.js?v176e10baa5e7ed80d35ae235be3d5024\" type=\"text\/javascript\"><\/script><br \/>\n<script>\n            fetch(\"https:\/\/assets.mailerlite.com\/jsonp\/1535683\/forms\/155028125207496072\/takel\")\n        <\/script>[\/vc_column_text][\/vc_column][\/vc_row][vc_row][vc_column][\/vc_column][\/vc_row][vc_row][vc_column][\/vc_column][\/vc_row]<\/p>\n<\/div>","protected":false},"excerpt":{"rendered":"<p>[vc_row][vc_column][vc_column_text css=\u00a0\u00bb\u00a0\u00bb]Cours \/ initiation handpan : offrez ou offrez-vous un moment unique et m\u00e9morable pour d\u00e9couvrir ou progresser au handpan avec Tom[\/vc_column_text][\/vc_column][vc_column width=\u00a0\u00bb1\/2&Prime;][vc_single_image image=\u00a0\u00bb97&Prime; img_size=\u00a0\u00bbfull\u00a0\u00bb][\/vc_column][vc_column width=\u00a0\u00bb1\/2&Prime;][vc_column_text css=\u00a0\u00bb\u00a0\u00bb] INITIATION AU HANDPAN Avez-vous d\u00e9j\u00e0 voulu d\u00e9couvrir le son magique du handpan et apprendre \u00e0 en jouer facilement ? Tom propose des initiations au handpan \u00e0 Lyon (et&hellip;<\/p>\n","protected":false},"author":1,"featured_media":0,"parent":0,"menu_order":0,"comment_status":"closed","ping_status":"closed","template":"","meta":{"_acf_changed":false,"footnotes":""},"class_list":["post-127","page","type-page","status-publish","hentry"],"acf":[],"yoast_head":"<!-- This site is optimized with the Yoast SEO plugin v26.9 - https:\/\/yoast.com\/product\/yoast-seo-wordpress\/ -->\n<title>Cours \/ Initiation Handpan - Tom Vaylo<\/title>\n<meta name=\"description\" content=\"Cours \/ initiation Handpan avec Tom Vaylo - Offrez ou offrez-vous un moment de d\u00e9couverte ou de progression au Handpan !\" \/>\n<meta name=\"robots\" content=\"index, follow, max-snippet:-1, max-image-preview:large, max-video-preview:-1\" \/>\n<link rel=\"canonical\" href=\"https:\/\/tomvaylo.com\/fr\/cours-initiation-handpan\/\" \/>\n<meta property=\"og:locale\" content=\"fr_FR\" \/>\n<meta property=\"og:type\" content=\"article\" \/>\n<meta property=\"og:title\" content=\"Cours \/ Initiation Handpan - Tom Vaylo\" \/>\n<meta property=\"og:description\" content=\"Cours \/ initiation Handpan avec Tom Vaylo - Offrez ou offrez-vous un moment de d\u00e9couverte ou de progression au Handpan !\" \/>\n<meta property=\"og:url\" content=\"https:\/\/tomvaylo.com\/fr\/cours-initiation-handpan\/\" \/>\n<meta property=\"og:site_name\" content=\"Tom Vaylo\" \/>\n<meta property=\"article:publisher\" content=\"https:\/\/www.facebook.com\/tomvaylo\" \/>\n<meta property=\"article:modified_time\" content=\"2025-08-14T10:54:30+00:00\" \/>\n<meta property=\"og:image\" content=\"https:\/\/tomvaylo.com\/wp-content\/uploads\/2022\/03\/Simon_Morice_Media_1032-scaled-e1647969496949.jpg\" \/>\n\t<meta property=\"og:image:width\" content=\"2560\" \/>\n\t<meta property=\"og:image:height\" content=\"1707\" \/>\n\t<meta property=\"og:image:type\" content=\"image\/jpeg\" \/>\n<meta name=\"twitter:card\" content=\"summary_large_image\" \/>\n<meta name=\"twitter:label1\" content=\"Dur\u00e9e de lecture estim\u00e9e\" \/>\n\t<meta name=\"twitter:data1\" content=\"2 minutes\" \/>\n<script type=\"application\/ld+json\" class=\"yoast-schema-graph\">{\"@context\":\"https:\/\/schema.org\",\"@graph\":[{\"@type\":\"WebPage\",\"@id\":\"https:\/\/tomvaylo.com\/fr\/cours-initiation-handpan\/\",\"url\":\"https:\/\/tomvaylo.com\/fr\/cours-initiation-handpan\/\",\"name\":\"Cours \/ Initiation Handpan - Tom Vaylo\",\"isPartOf\":{\"@id\":\"https:\/\/tomvaylo.com\/fr\/#website\"},\"datePublished\":\"2022-03-10T17:08:21+00:00\",\"dateModified\":\"2025-08-14T10:54:30+00:00\",\"description\":\"Cours \/ initiation Handpan avec Tom Vaylo - Offrez ou offrez-vous un moment de d\u00e9couverte ou de progression au Handpan !\",\"breadcrumb\":{\"@id\":\"https:\/\/tomvaylo.com\/fr\/cours-initiation-handpan\/#breadcrumb\"},\"inLanguage\":\"fr-FR\",\"potentialAction\":[{\"@type\":\"ReadAction\",\"target\":[\"https:\/\/tomvaylo.com\/fr\/cours-initiation-handpan\/\"]}]},{\"@type\":\"BreadcrumbList\",\"@id\":\"https:\/\/tomvaylo.com\/fr\/cours-initiation-handpan\/#breadcrumb\",\"itemListElement\":[{\"@type\":\"ListItem\",\"position\":1,\"name\":\"Home\",\"item\":\"https:\/\/tomvaylo.com\/fr\/\"},{\"@type\":\"ListItem\",\"position\":2,\"name\":\"Cours de Handpan\"}]},{\"@type\":\"WebSite\",\"@id\":\"https:\/\/tomvaylo.com\/fr\/#website\",\"url\":\"https:\/\/tomvaylo.com\/fr\/\",\"name\":\"Tom Vaylo\",\"description\":\"Handpan electro chillout\",\"publisher\":{\"@id\":\"https:\/\/tomvaylo.com\/fr\/#\/schema\/person\/8794eff11bdd772b4ab3e884b744b512\"},\"potentialAction\":[{\"@type\":\"SearchAction\",\"target\":{\"@type\":\"EntryPoint\",\"urlTemplate\":\"https:\/\/tomvaylo.com\/fr\/?s={search_term_string}\"},\"query-input\":{\"@type\":\"PropertyValueSpecification\",\"valueRequired\":true,\"valueName\":\"search_term_string\"}}],\"inLanguage\":\"fr-FR\"},{\"@type\":[\"Person\",\"Organization\"],\"@id\":\"https:\/\/tomvaylo.com\/fr\/#\/schema\/person\/8794eff11bdd772b4ab3e884b744b512\",\"name\":\"TomVaylo\",\"image\":{\"@type\":\"ImageObject\",\"inLanguage\":\"fr-FR\",\"@id\":\"https:\/\/tomvaylo.com\/fr\/#\/schema\/person\/image\/\",\"url\":\"https:\/\/tomvaylo.com\/wp-content\/uploads\/2025\/08\/tomvaylo.png\",\"contentUrl\":\"https:\/\/tomvaylo.com\/wp-content\/uploads\/2025\/08\/tomvaylo.png\",\"width\":416,\"height\":183,\"caption\":\"TomVaylo\"},\"logo\":{\"@id\":\"https:\/\/tomvaylo.com\/fr\/#\/schema\/person\/image\/\"},\"description\":\"Tom Vaylo embodies the fusion of handpan (Hang) with magnetic electronic beats in a unique trip\/hop, dub and world musical trip. Creative traveler and sound crafter, he had the opportunity throughout his 3 albums to collaborate with many musicians and perform- ers (flute, trumpet, saxophone, dance,...) ; and to present live with them his project all around Europe (France, Belgium, UK, Hungary). Musician since his very young age (flute, guitar, saxophone,...) and french handpan pioneer, Tom Vaylo has settled since 2007 his place in the handpan players community. Not only did he played in the most famous handpan festivals (Handpan Festival, HangOut UK, HUG festival,...), he also shared music and handpan playing lessons in the \u201cLearn from the Best\u201d serie on MasterTheHandpan, as well as in his own association in Lyon and in several international workshops (Handpan Academy, le RDV du Hang, ...).\",\"sameAs\":[\"https:\/\/www.tomvaylo.com\",\"https:\/\/www.facebook.com\/tomvaylo\",\"https:\/\/www.instagram.com\/tom_vaylo\"]}]}<\/script>\n<!-- \/ Yoast SEO plugin. -->","yoast_head_json":{"title":"Cours \/ Initiation Handpan - Tom Vaylo","description":"Cours \/ initiation Handpan avec Tom Vaylo - Offrez ou offrez-vous un moment de d\u00e9couverte ou de progression au Handpan !","robots":{"index":"index","follow":"follow","max-snippet":"max-snippet:-1","max-image-preview":"max-image-preview:large","max-video-preview":"max-video-preview:-1"},"canonical":"https:\/\/tomvaylo.com\/fr\/cours-initiation-handpan\/","og_locale":"fr_FR","og_type":"article","og_title":"Cours \/ Initiation Handpan - Tom Vaylo","og_description":"Cours \/ initiation Handpan avec Tom Vaylo - Offrez ou offrez-vous un moment de d\u00e9couverte ou de progression au Handpan !","og_url":"https:\/\/tomvaylo.com\/fr\/cours-initiation-handpan\/","og_site_name":"Tom Vaylo","article_publisher":"https:\/\/www.facebook.com\/tomvaylo","article_modified_time":"2025-08-14T10:54:30+00:00","og_image":[{"width":2560,"height":1707,"url":"https:\/\/tomvaylo.com\/wp-content\/uploads\/2022\/03\/Simon_Morice_Media_1032-scaled-e1647969496949.jpg","type":"image\/jpeg"}],"twitter_card":"summary_large_image","twitter_misc":{"Dur\u00e9e de lecture estim\u00e9e":"2 minutes"},"schema":{"@context":"https:\/\/schema.org","@graph":[{"@type":"WebPage","@id":"https:\/\/tomvaylo.com\/fr\/cours-initiation-handpan\/","url":"https:\/\/tomvaylo.com\/fr\/cours-initiation-handpan\/","name":"Cours \/ Initiation Handpan - Tom Vaylo","isPartOf":{"@id":"https:\/\/tomvaylo.com\/fr\/#website"},"datePublished":"2022-03-10T17:08:21+00:00","dateModified":"2025-08-14T10:54:30+00:00","description":"Cours \/ initiation Handpan avec Tom Vaylo - Offrez ou offrez-vous un moment de d\u00e9couverte ou de progression au Handpan !","breadcrumb":{"@id":"https:\/\/tomvaylo.com\/fr\/cours-initiation-handpan\/#breadcrumb"},"inLanguage":"fr-FR","potentialAction":[{"@type":"ReadAction","target":["https:\/\/tomvaylo.com\/fr\/cours-initiation-handpan\/"]}]},{"@type":"BreadcrumbList","@id":"https:\/\/tomvaylo.com\/fr\/cours-initiation-handpan\/#breadcrumb","itemListElement":[{"@type":"ListItem","position":1,"name":"Home","item":"https:\/\/tomvaylo.com\/fr\/"},{"@type":"ListItem","position":2,"name":"Cours de Handpan"}]},{"@type":"WebSite","@id":"https:\/\/tomvaylo.com\/fr\/#website","url":"https:\/\/tomvaylo.com\/fr\/","name":"Tom Vaylo","description":"Handpan electro chillout","publisher":{"@id":"https:\/\/tomvaylo.com\/fr\/#\/schema\/person\/8794eff11bdd772b4ab3e884b744b512"},"potentialAction":[{"@type":"SearchAction","target":{"@type":"EntryPoint","urlTemplate":"https:\/\/tomvaylo.com\/fr\/?s={search_term_string}"},"query-input":{"@type":"PropertyValueSpecification","valueRequired":true,"valueName":"search_term_string"}}],"inLanguage":"fr-FR"},{"@type":["Person","Organization"],"@id":"https:\/\/tomvaylo.com\/fr\/#\/schema\/person\/8794eff11bdd772b4ab3e884b744b512","name":"TomVaylo","image":{"@type":"ImageObject","inLanguage":"fr-FR","@id":"https:\/\/tomvaylo.com\/fr\/#\/schema\/person\/image\/","url":"https:\/\/tomvaylo.com\/wp-content\/uploads\/2025\/08\/tomvaylo.png","contentUrl":"https:\/\/tomvaylo.com\/wp-content\/uploads\/2025\/08\/tomvaylo.png","width":416,"height":183,"caption":"TomVaylo"},"logo":{"@id":"https:\/\/tomvaylo.com\/fr\/#\/schema\/person\/image\/"},"description":"Tom Vaylo embodies the fusion of handpan (Hang) with magnetic electronic beats in a unique trip\/hop, dub and world musical trip. Creative traveler and sound crafter, he had the opportunity throughout his 3 albums to collaborate with many musicians and perform- ers (flute, trumpet, saxophone, dance,...) ; and to present live with them his project all around Europe (France, Belgium, UK, Hungary). Musician since his very young age (flute, guitar, saxophone,...) and french handpan pioneer, Tom Vaylo has settled since 2007 his place in the handpan players community. Not only did he played in the most famous handpan festivals (Handpan Festival, HangOut UK, HUG festival,...), he also shared music and handpan playing lessons in the \u201cLearn from the Best\u201d serie on MasterTheHandpan, as well as in his own association in Lyon and in several international workshops (Handpan Academy, le RDV du Hang, ...).","sameAs":["https:\/\/www.tomvaylo.com","https:\/\/www.facebook.com\/tomvaylo","https:\/\/www.instagram.com\/tom_vaylo"]}]}},"_links":{"self":[{"href":"https:\/\/tomvaylo.com\/fr\/wp-json\/wp\/v2\/pages\/127","targetHints":{"allow":["GET"]}}],"collection":[{"href":"https:\/\/tomvaylo.com\/fr\/wp-json\/wp\/v2\/pages"}],"about":[{"href":"https:\/\/tomvaylo.com\/fr\/wp-json\/wp\/v2\/types\/page"}],"author":[{"embeddable":true,"href":"https:\/\/tomvaylo.com\/fr\/wp-json\/wp\/v2\/users\/1"}],"replies":[{"embeddable":true,"href":"https:\/\/tomvaylo.com\/fr\/wp-json\/wp\/v2\/comments?post=127"}],"version-history":[{"count":15,"href":"https:\/\/tomvaylo.com\/fr\/wp-json\/wp\/v2\/pages\/127\/revisions"}],"predecessor-version":[{"id":1554,"href":"https:\/\/tomvaylo.com\/fr\/wp-json\/wp\/v2\/pages\/127\/revisions\/1554"}],"wp:attachment":[{"href":"https:\/\/tomvaylo.com\/fr\/wp-json\/wp\/v2\/media?parent=127"}],"curies":[{"name":"wp","href":"https:\/\/api.w.org\/{rel}","templated":true}]}}