{"id":368,"date":"2022-03-25T13:50:23","date_gmt":"2022-03-25T13:50:23","guid":{"rendered":"https:\/\/tomvaylo.fr\/?page_id=368"},"modified":"2026-03-12T12:22:22","modified_gmt":"2026-03-12T12:22:22","slug":"ateliers-stages-handpan-lyon","status":"publish","type":"page","link":"https:\/\/tomvaylo.com\/fr\/ateliers-stages-handpan-lyon\/","title":{"rendered":"Stages"},"content":{"rendered":"<div class=\"wpb-content-wrapper\"><p>[vc_row][vc_column][vc_column_text css=\u00a0\u00bb\u00a0\u00bb]<\/p>\n<h2 style=\"text-align: center;\">Ateliers \/ Stages Handpan Lyon (et alentours)<\/h2>\n<p style=\"text-align: center;\"><strong>Avec pr\u00eat d&rsquo;instruments<\/strong><\/p>\n<p style=\"text-align: center;\"><strong>Initiations &#8211; d\u00e9butants &#8211; confirm\u00e9s<\/strong><\/p>\n<p>[\/vc_column_text][\/vc_column][\/vc_row][vc_row equal_height=\u00a0\u00bbyes\u00a0\u00bb content_placement=\u00a0\u00bbtop\u00a0\u00bb][vc_column width=\u00a0\u00bb1\/2&Prime;][vc_column_text css_animation=\u00a0\u00bbfadeIn\u00a0\u00bb css=\u00a0\u00bb\u00a0\u00bb]<\/p>\n<h3 style=\"text-align: center;\"><strong>Prochains stages :<\/strong><\/h3>\n<p>[\/vc_column_text][vc_column_text css=\u00a0\u00bb\u00a0\u00bb]<\/p>\n<h4><strong>\u2022 14\/02\/26 &#8211; Initiation\/D\u00e9butants \/ Progression &#8211; Lyon<\/strong><\/h4>\n<p>[\/vc_column_text][vc_btn title=\u00a0\u00bbInscriptions \/ Infos\u00a0\u00bb style=\u00a0\u00bbflat\u00a0\u00bb align=\u00a0\u00bbcenter\u00a0\u00bb css=\u00a0\u00bb\u00a0\u00bb link=\u00a0\u00bburl:https%3A%2F%2Ftomvaylo.com%2Ffr%2Fproduit%2Fstage-progression-handpan-a-lyon-14-02-2026%2F|title:Atelier%20Handpan%20de%20f%C3%A9vrier%20Lyon%20%E2%80%93%2014%2F02%2F2026&Prime;][vc_separator css=\u00a0\u00bb\u00a0\u00bb][vc_column_text css=\u00a0\u00bb\u00a0\u00bb]<\/p>\n<h4><strong>\u2022 08\/03\/26 &#8211; Initiation \/ d\u00e9butants &#8211; Lyon (DIMANCHE)<\/strong><\/h4>\n<p>[\/vc_column_text][vc_column_text css=\u00a0\u00bb\u00a0\u00bb]<\/p>\n<h4 style=\"text-align: center;\"><strong>COMPLET<\/strong><\/h4>\n<p>[\/vc_column_text][vc_separator css=\u00a0\u00bb\u00a0\u00bb][vc_column_text css=\u00a0\u00bb\u00a0\u00bb]<\/p>\n<h4><strong>\u2022 27-29\/03\/26 &#8211; Immersion (Weekend Complet) &#8211; Le Mans<\/strong><\/h4>\n<p>[\/vc_column_text][vc_btn title=\u00a0\u00bbInfos sur le weekend d&rsquo;immersion\u00a0\u00bb style=\u00a0\u00bbflat\u00a0\u00bb align=\u00a0\u00bbcenter\u00a0\u00bb css=\u00a0\u00bb\u00a0\u00bb link=\u00a0\u00bburl:https%3A%2F%2Fdocs.google.com%2Fdocument%2Fd%2F1htHU37yMfU-dcGDYdr8yBZ_GhkJscT8lGmxC4aWDmH8%2Fedit%3Ftab%3Dt.0|title:Info%20Immersion%20Handpan%20de%20Mars%20%E2%80%93%2027-29%2F03%2F2026|target:_blank\u00a0\u00bb][vc_btn title=\u00a0\u00bbFiche d&rsquo;inscription\u00a0\u00bb style=\u00a0\u00bbflat\u00a0\u00bb align=\u00a0\u00bbcenter\u00a0\u00bb css=\u00a0\u00bb\u00a0\u00bb link=\u00a0\u00bburl:https%3A%2F%2Fforms.gle%2F6dwPr8fbnP41WFts5|title:Immersion%20Handpan%20de%20Mars%20%E2%80%93%2027-29%2F03%2F2026|target:_blank\u00a0\u00bb][vc_separator css=\u00a0\u00bb\u00a0\u00bb][vc_column_text css=\u00a0\u00bb\u00a0\u00bb]<\/p>\n<h4><strong>\u2022 25\/04\/26 &#8211; Initiation \/ d\u00e9butants &#8211; Chamb\u00e9ry<\/strong><\/h4>\n<p>[\/vc_column_text][vc_column_text css=\u00a0\u00bb\u00a0\u00bb]<\/p>\n<h4 style=\"text-align: center;\"><strong>COMPLET<\/strong><\/h4>\n<p>[\/vc_column_text][vc_separator css=\u00a0\u00bb\u00a0\u00bb][vc_column_text css=\u00a0\u00bb\u00a0\u00bb]<\/p>\n<h4><strong>\u2022 1-3\/05\/26 &#8211; Weekend Handpan &amp; Escalade &#8211; Sao\u00fb<\/strong><\/h4>\n<p>[\/vc_column_text][vc_btn title=\u00a0\u00bbInfos sur le weekend d&rsquo;immersion\u00a0\u00bb style=\u00a0\u00bbflat\u00a0\u00bb align=\u00a0\u00bbcenter\u00a0\u00bb css=\u00a0\u00bb\u00a0\u00bb link=\u00a0\u00bburl:https%3A%2F%2Ftomvaylo.com%2Ffr%2F1-3-05-26-weekend-handpan-escalade-saou%2F|title:Info%20Immersion%20Handpan%20de%20Mars%20%E2%80%93%2027-29%2F03%2F2026|target:_blank\u00a0\u00bb][vc_btn title=\u00a0\u00bbFiche d&rsquo;inscription\u00a0\u00bb style=\u00a0\u00bbflat\u00a0\u00bb align=\u00a0\u00bbcenter\u00a0\u00bb css=\u00a0\u00bb\u00a0\u00bb link=\u00a0\u00bburl:https%3A%2F%2Fdocs.google.com%2Fforms%2Fd%2Fe%2F1FAIpQLSdCSpLwNtdBzrQeENEdphBhcAL36BINF6DCocOquaPmCzV8Vw%2Fviewform%3Fusp%3Dheader|title:Immersion%20Handpan%20%26%20Escalade%20%E2%80%93%2001-03%2F05%2F2026|target:_blank\u00a0\u00bb][vc_column_text css=\u00a0\u00bb\u00a0\u00bb]<\/p>\n<h4><strong>\u2022 23\/05\/26 &#8211; Initiation \/ d\u00e9butants &#8211; Lyon<\/strong><\/h4>\n<p>[\/vc_column_text][vc_btn title=\u00a0\u00bbInscriptions \/ Infos\u00a0\u00bb style=\u00a0\u00bbflat\u00a0\u00bb align=\u00a0\u00bbcenter\u00a0\u00bb css=\u00a0\u00bb\u00a0\u00bb link=\u00a0\u00bburl:https%3A%2F%2Ftomvaylo.com%2Ffr%2Fproduit%2Fstage-handpan-de-mai-a-lyon-23-05-2026%2F|title:Atelier%20Handpan%20de%20mai%20%C3%A0%20Lyon%20%E2%80%93%2023%2F05%2F2026&Prime;][vc_separator][vc_column_text css=\u00a0\u00bb\u00a0\u00bb]<\/p>\n<h4><strong>Les Ateliers \/ Stages de Handpan, c&rsquo;est quoi ?<\/strong><\/h4>\n<p>[\/vc_column_text][vc_column_text css=\u00a0\u00bb\u00a0\u00bb]Offrez ou offrez-vous un moment de partage et de progression en groupe lors d&rsquo;une journ\u00e9e d&rsquo;ateliers \/ stages Handpan !<\/p>\n<p>Faites confiance \u00e0 un musicien reconnu pour d\u00e9couvrir la magie de cet instrument, et apprendre \u00e0 vous exprimer en musique !<\/p>\n<p>Les stage sont anim\u00e9 par Tom Vaylo, <strong>professeur de Handpan depuis 12 ans, musicien depuis 30 ans (7 albums)<\/strong>, et passionn\u00e9 de p\u00e9dagogie et de transmission. Durant ces derni\u00e8res ann\u00e9es, Tom a d\u00e9velopp\u00e9 <strong>une m\u00e9thode unique d&rsquo;apprentissage du handpan<\/strong>, bas\u00e9e sur une approche ludique et p\u00e9dagogique, r\u00e9fl\u00e9chie, \u00e9prouv\u00e9e et efficace.<\/p>\n<p>Ces ateliers \/ stages de Handpan sont des journ\u00e9es enti\u00e8re d&rsquo;immersion dans le monde du handpan en groupe intimiste (9 personnes maximum) mettent en valeur le plaisir et le partage, en d\u00e9veloppant au cours de la journ\u00e9e un programme p\u00e9dagogique \u00e9tudi\u00e9 sous forme de mini-ateliers, toujours adapt\u00e9s aux besoins et envies des participants.<\/p>\n<p><strong>Aucun connaissance en musique ou en solf\u00e8ge n&rsquo;est n\u00e9cessaire pour ces stage, et il est possible de vous pr\u00eater un instrument sur place.<\/strong>[\/vc_column_text][vc_separator][vc_column_text css=\u00a0\u00bb\u00a0\u00bb]<\/p>\n<h4><strong>Les Stages \u00ab\u00a0Initiation \/ D\u00e9butants\u00a0\u00bb<\/strong><\/h4>\n<p>[\/vc_column_text][vc_column_text css=\u00a0\u00bb\u00a0\u00bb]Adapt\u00e9s pour ceux qui n&rsquo;ont jamais pratiqu\u00e9 le handpan et souhaitent le d\u00e9couvrir, ainsi que pour ceux qui ont d\u00e9j\u00e0 un instrument mais d\u00e9butent dans la pratique. Les stages d&rsquo;initiation vous permettront d&rsquo;apprivoiser les bases du toucher, d\u00e9couvrir vos premi\u00e8res m\u00e9lodies, tester plusieurs instruments diff\u00e9rents de fabricants reconnus, et de plonger dans le monde merveilleux du handpan \u00e0 plusieurs !<\/p>\n<p>Plus d&rsquo;infos sur les stages de Handpan \u00ab\u00a0initiation\/d\u00e9butants\u00a0\u00bb en cliquant sur le bouton \u00ab\u00a0inscription \/ infos\u00a0\u00bb sous chaque stage[\/vc_column_text][vc_separator][vc_column_text css=\u00a0\u00bb\u00a0\u00bb]<\/p>\n<h4><strong>Les Stages \u00ab\u00a0Progression\u00a0\u00bb<\/strong><\/h4>\n<p>[\/vc_column_text][vc_column_text css=\u00a0\u00bb\u00a0\u00bb]Adapt\u00e9s \u00e0 ceux qui connaissent d\u00e9j\u00e0 les bases du handpan quel que soit leur niveau, les journ\u00e9es \u00ab\u00a0progression\u00a0\u00bb vous permettront de d\u00e9couvrir de nouveaux rythmes, astuces et conseils pour mieux vous exprimer en musique, varier votre jeu et d\u00e9velopper vos id\u00e9es. Apprivoisez la polyrythmie, l\u2019harmonie et les mesures compos\u00e9es, am\u00e9liorez vos m\u00e9lodies, et lib\u00e9rez votre expression musicale !<\/p>\n<p>Plus d&rsquo;infos sur les stages de Handpan \u00ab\u00a0Progression\u00a0\u00bb en cliquant sur le bouton \u00ab\u00a0inscription \/ infos\u00a0\u00bb sous chaque stage[\/vc_column_text][vc_separator][\/vc_column][vc_column width=\u00a0\u00bb1\/2&Prime;][vc_single_image image=\u00a0\u00bb1617&Prime; img_size=\u00a0\u00bblarge\u00a0\u00bb alignment=\u00a0\u00bbcenter\u00a0\u00bb css=\u00a0\u00bb\u00a0\u00bb][vc_separator][vc_column_text css=\u00a0\u00bb\u00a0\u00bb]<\/p>\n<h4><strong>Le Lieu<\/strong><\/h4>\n<p>[\/vc_column_text][vc_column_text css=\u00a0\u00bb\u00a0\u00bb]Les stages \u00e0 Lyon ont lieu au <a href=\"https:\/\/chanka-studio-lyon.fr\/\">Studio Chanka<\/a>, un lieu accueillant et enchanteur avec une \u00e2me puissante, d\u00e9di\u00e9e \u00e0 l&rsquo;art et au mouvement.[\/vc_column_text][vc_single_image image=\u00a0\u00bb1527&Prime; img_size=\u00a0\u00bbfull\u00a0\u00bb css=\u00a0\u00bb\u00a0\u00bb][\/vc_column][\/vc_row][vc_row][vc_column width=\u00a0\u00bb1\/2&Prime;][vc_column_text css=\u00a0\u00bb\u00a0\u00bb]<strong>Restez au courant !\u00a0<\/strong><\/p>\n<p>Recevez les dates des prochains stages :<\/p>\n<p><script async=\"\" src=\"https:\/\/eocampaign1.com\/form\/7c51a90c-8a3c-11f0-b985-8fec4983bd23.js\" data-form=\"7c51a90c-8a3c-11f0-b985-8fec4983bd23\"><\/script>[\/vc_column_text][\/vc_column][vc_column width=\u00a0\u00bb1\/2&Prime;][vc_column_text css=\u00a0\u00bb\u00a0\u00bb]<\/p>\n<h4><strong>Liens utiles<\/strong><\/h4>\n<p>[\/vc_column_text][vc_column_text css=\u00a0\u00bb\u00a0\u00bb]<a href=\"https:\/\/tomvaylo.com\/fr\/cours\/\">D\u00e9couvrez le format Cours \/ Initiations individuel<\/a><a href=\"https:\/\/tomvaylo.com\/fr\/pre-sauvegarder-mes-prochains-titres\/\"><br \/>\n<\/a><a href=\"https:\/\/tomvaylo.com\/fr\/bio\/\">En savoir plus sur Tom<\/a><a href=\"https:\/\/tomvaylo.com\/fr\/pre-sauvegarder-mes-prochains-titres\/\"><br \/>\n<\/a><a href=\"https:\/\/tomvaylo.com\/fr\/pre-sauvegarder-mes-prochains-titres\/\">Ecoutez le dernier album de Tom<\/a><a href=\"https:\/\/tomvaylo.com\/fr\/pre-sauvegarder-mes-prochains-titres\/\"><br \/>\n<\/a><a href=\"https:\/\/www.youtube.com\/tomvaylo\">Retrouvez Tom sur Youtube<\/a>[\/vc_column_text][\/vc_column][vc_column][\/vc_column][vc_column][\/vc_column][\/vc_row][vc_row][vc_column][\/vc_column][\/vc_row][vc_row][vc_column][\/vc_column][\/vc_row][vc_row][vc_column][\/vc_column][\/vc_row]<\/p>\n<\/div>","protected":false},"excerpt":{"rendered":"<p>[vc_row][vc_column][vc_column_text css=\u00a0\u00bb\u00a0\u00bb] Ateliers \/ Stages Handpan Lyon (et alentours) Avec pr\u00eat d&rsquo;instruments Initiations &#8211; d\u00e9butants &#8211; confirm\u00e9s [\/vc_column_text][\/vc_column][\/vc_row][vc_row equal_height=\u00a0\u00bbyes\u00a0\u00bb content_placement=\u00a0\u00bbtop\u00a0\u00bb][vc_column width=\u00a0\u00bb1\/2&Prime;][vc_column_text css_animation=\u00a0\u00bbfadeIn\u00a0\u00bb css=\u00a0\u00bb\u00a0\u00bb] Prochains stages : [\/vc_column_text][vc_column_text css=\u00a0\u00bb\u00a0\u00bb] \u2022 14\/02\/26 &#8211; Initiation\/D\u00e9butants \/ Progression &#8211; Lyon [\/vc_column_text][vc_btn title=\u00a0\u00bbInscriptions \/ Infos\u00a0\u00bb style=\u00a0\u00bbflat\u00a0\u00bb align=\u00a0\u00bbcenter\u00a0\u00bb css=\u00a0\u00bb\u00a0\u00bb link=\u00a0\u00bburl:https%3A%2F%2Ftomvaylo.com%2Ffr%2Fproduit%2Fstage-progression-handpan-a-lyon-14-02-2026%2F|title:Atelier%20Handpan%20de%20f%C3%A9vrier%20Lyon%20%E2%80%93%2014%2F02%2F2026&Prime;][vc_separator css=\u00a0\u00bb\u00a0\u00bb][vc_column_text css=\u00a0\u00bb\u00a0\u00bb] \u2022 08\/03\/26 &#8211; Initiation \/ d\u00e9butants &#8211; Lyon (DIMANCHE)&hellip;<\/p>\n","protected":false},"author":1,"featured_media":0,"parent":0,"menu_order":0,"comment_status":"closed","ping_status":"closed","template":"","meta":{"_acf_changed":false,"footnotes":""},"class_list":["post-368","page","type-page","status-publish","hentry"],"acf":[],"yoast_head":"<!-- This site is optimized with the Yoast SEO plugin v26.9 - https:\/\/yoast.com\/product\/yoast-seo-wordpress\/ -->\n<title>Stages Handpan - D\u00e9couvrez ou progressez au handpan ensemble !<\/title>\n<meta name=\"description\" content=\"Ateliers et Stages de Handpan pour tout niveaux - Initiation, progression ... Apprenez \u00e0 vous exprimer en musique seul ou a plusieurs !\" \/>\n<meta name=\"robots\" content=\"index, follow, max-snippet:-1, max-image-preview:large, max-video-preview:-1\" \/>\n<link rel=\"canonical\" href=\"https:\/\/tomvaylo.com\/fr\/ateliers-stages-handpan-lyon\/\" \/>\n<meta property=\"og:locale\" content=\"fr_FR\" \/>\n<meta property=\"og:type\" content=\"article\" \/>\n<meta property=\"og:title\" content=\"Stages Handpan - D\u00e9couvrez ou progressez au handpan ensemble !\" \/>\n<meta property=\"og:description\" content=\"Ateliers et Stages de Handpan pour tout niveaux - Initiation, progression ... Apprenez \u00e0 vous exprimer en musique seul ou a plusieurs !\" \/>\n<meta property=\"og:url\" content=\"https:\/\/tomvaylo.com\/fr\/ateliers-stages-handpan-lyon\/\" \/>\n<meta property=\"og:site_name\" content=\"Tom Vaylo\" \/>\n<meta property=\"article:publisher\" content=\"https:\/\/www.facebook.com\/tomvaylo\" \/>\n<meta property=\"article:modified_time\" content=\"2026-03-12T12:22:22+00:00\" \/>\n<meta property=\"og:image\" content=\"https:\/\/tomvaylo.com\/wp-content\/uploads\/2022\/03\/Simon_Morice_Media_1032-scaled-e1647969496949.jpg\" \/>\n\t<meta property=\"og:image:width\" content=\"2560\" \/>\n\t<meta property=\"og:image:height\" content=\"1707\" \/>\n\t<meta property=\"og:image:type\" content=\"image\/jpeg\" \/>\n<meta name=\"twitter:card\" content=\"summary_large_image\" \/>\n<meta name=\"twitter:label1\" content=\"Dur\u00e9e de lecture estim\u00e9e\" \/>\n\t<meta name=\"twitter:data1\" content=\"3 minutes\" \/>\n<script type=\"application\/ld+json\" class=\"yoast-schema-graph\">{\"@context\":\"https:\/\/schema.org\",\"@graph\":[{\"@type\":\"WebPage\",\"@id\":\"https:\/\/tomvaylo.com\/fr\/ateliers-stages-handpan-lyon\/\",\"url\":\"https:\/\/tomvaylo.com\/fr\/ateliers-stages-handpan-lyon\/\",\"name\":\"Stages Handpan - D\u00e9couvrez ou progressez au handpan ensemble !\",\"isPartOf\":{\"@id\":\"https:\/\/tomvaylo.com\/fr\/#website\"},\"datePublished\":\"2022-03-25T13:50:23+00:00\",\"dateModified\":\"2026-03-12T12:22:22+00:00\",\"description\":\"Ateliers et Stages de Handpan pour tout niveaux - Initiation, progression ... Apprenez \u00e0 vous exprimer en musique seul ou a plusieurs !\",\"breadcrumb\":{\"@id\":\"https:\/\/tomvaylo.com\/fr\/ateliers-stages-handpan-lyon\/#breadcrumb\"},\"inLanguage\":\"fr-FR\",\"potentialAction\":[{\"@type\":\"ReadAction\",\"target\":[\"https:\/\/tomvaylo.com\/fr\/ateliers-stages-handpan-lyon\/\"]}]},{\"@type\":\"BreadcrumbList\",\"@id\":\"https:\/\/tomvaylo.com\/fr\/ateliers-stages-handpan-lyon\/#breadcrumb\",\"itemListElement\":[{\"@type\":\"ListItem\",\"position\":1,\"name\":\"Home\",\"item\":\"https:\/\/tomvaylo.com\/fr\/\"},{\"@type\":\"ListItem\",\"position\":2,\"name\":\"Stages\"}]},{\"@type\":\"WebSite\",\"@id\":\"https:\/\/tomvaylo.com\/fr\/#website\",\"url\":\"https:\/\/tomvaylo.com\/fr\/\",\"name\":\"Tom Vaylo\",\"description\":\"Handpan electro chillout\",\"publisher\":{\"@id\":\"https:\/\/tomvaylo.com\/fr\/#\/schema\/person\/8794eff11bdd772b4ab3e884b744b512\"},\"potentialAction\":[{\"@type\":\"SearchAction\",\"target\":{\"@type\":\"EntryPoint\",\"urlTemplate\":\"https:\/\/tomvaylo.com\/fr\/?s={search_term_string}\"},\"query-input\":{\"@type\":\"PropertyValueSpecification\",\"valueRequired\":true,\"valueName\":\"search_term_string\"}}],\"inLanguage\":\"fr-FR\"},{\"@type\":[\"Person\",\"Organization\"],\"@id\":\"https:\/\/tomvaylo.com\/fr\/#\/schema\/person\/8794eff11bdd772b4ab3e884b744b512\",\"name\":\"TomVaylo\",\"image\":{\"@type\":\"ImageObject\",\"inLanguage\":\"fr-FR\",\"@id\":\"https:\/\/tomvaylo.com\/fr\/#\/schema\/person\/image\/\",\"url\":\"https:\/\/tomvaylo.com\/wp-content\/uploads\/2025\/08\/tomvaylo.png\",\"contentUrl\":\"https:\/\/tomvaylo.com\/wp-content\/uploads\/2025\/08\/tomvaylo.png\",\"width\":416,\"height\":183,\"caption\":\"TomVaylo\"},\"logo\":{\"@id\":\"https:\/\/tomvaylo.com\/fr\/#\/schema\/person\/image\/\"},\"description\":\"Tom Vaylo embodies the fusion of handpan (Hang) with magnetic electronic beats in a unique trip\/hop, dub and world musical trip. Creative traveler and sound crafter, he had the opportunity throughout his 3 albums to collaborate with many musicians and perform- ers (flute, trumpet, saxophone, dance,...) ; and to present live with them his project all around Europe (France, Belgium, UK, Hungary). Musician since his very young age (flute, guitar, saxophone,...) and french handpan pioneer, Tom Vaylo has settled since 2007 his place in the handpan players community. Not only did he played in the most famous handpan festivals (Handpan Festival, HangOut UK, HUG festival,...), he also shared music and handpan playing lessons in the \u201cLearn from the Best\u201d serie on MasterTheHandpan, as well as in his own association in Lyon and in several international workshops (Handpan Academy, le RDV du Hang, ...).\",\"sameAs\":[\"https:\/\/www.tomvaylo.com\",\"https:\/\/www.facebook.com\/tomvaylo\",\"https:\/\/www.instagram.com\/tom_vaylo\"]}]}<\/script>\n<!-- \/ Yoast SEO plugin. -->","yoast_head_json":{"title":"Stages Handpan - D\u00e9couvrez ou progressez au handpan ensemble !","description":"Ateliers et Stages de Handpan pour tout niveaux - Initiation, progression ... Apprenez \u00e0 vous exprimer en musique seul ou a plusieurs !","robots":{"index":"index","follow":"follow","max-snippet":"max-snippet:-1","max-image-preview":"max-image-preview:large","max-video-preview":"max-video-preview:-1"},"canonical":"https:\/\/tomvaylo.com\/fr\/ateliers-stages-handpan-lyon\/","og_locale":"fr_FR","og_type":"article","og_title":"Stages Handpan - D\u00e9couvrez ou progressez au handpan ensemble !","og_description":"Ateliers et Stages de Handpan pour tout niveaux - Initiation, progression ... Apprenez \u00e0 vous exprimer en musique seul ou a plusieurs !","og_url":"https:\/\/tomvaylo.com\/fr\/ateliers-stages-handpan-lyon\/","og_site_name":"Tom Vaylo","article_publisher":"https:\/\/www.facebook.com\/tomvaylo","article_modified_time":"2026-03-12T12:22:22+00:00","og_image":[{"width":2560,"height":1707,"url":"https:\/\/tomvaylo.com\/wp-content\/uploads\/2022\/03\/Simon_Morice_Media_1032-scaled-e1647969496949.jpg","type":"image\/jpeg"}],"twitter_card":"summary_large_image","twitter_misc":{"Dur\u00e9e de lecture estim\u00e9e":"3 minutes"},"schema":{"@context":"https:\/\/schema.org","@graph":[{"@type":"WebPage","@id":"https:\/\/tomvaylo.com\/fr\/ateliers-stages-handpan-lyon\/","url":"https:\/\/tomvaylo.com\/fr\/ateliers-stages-handpan-lyon\/","name":"Stages Handpan - D\u00e9couvrez ou progressez au handpan ensemble !","isPartOf":{"@id":"https:\/\/tomvaylo.com\/fr\/#website"},"datePublished":"2022-03-25T13:50:23+00:00","dateModified":"2026-03-12T12:22:22+00:00","description":"Ateliers et Stages de Handpan pour tout niveaux - Initiation, progression ... Apprenez \u00e0 vous exprimer en musique seul ou a plusieurs !","breadcrumb":{"@id":"https:\/\/tomvaylo.com\/fr\/ateliers-stages-handpan-lyon\/#breadcrumb"},"inLanguage":"fr-FR","potentialAction":[{"@type":"ReadAction","target":["https:\/\/tomvaylo.com\/fr\/ateliers-stages-handpan-lyon\/"]}]},{"@type":"BreadcrumbList","@id":"https:\/\/tomvaylo.com\/fr\/ateliers-stages-handpan-lyon\/#breadcrumb","itemListElement":[{"@type":"ListItem","position":1,"name":"Home","item":"https:\/\/tomvaylo.com\/fr\/"},{"@type":"ListItem","position":2,"name":"Stages"}]},{"@type":"WebSite","@id":"https:\/\/tomvaylo.com\/fr\/#website","url":"https:\/\/tomvaylo.com\/fr\/","name":"Tom Vaylo","description":"Handpan electro chillout","publisher":{"@id":"https:\/\/tomvaylo.com\/fr\/#\/schema\/person\/8794eff11bdd772b4ab3e884b744b512"},"potentialAction":[{"@type":"SearchAction","target":{"@type":"EntryPoint","urlTemplate":"https:\/\/tomvaylo.com\/fr\/?s={search_term_string}"},"query-input":{"@type":"PropertyValueSpecification","valueRequired":true,"valueName":"search_term_string"}}],"inLanguage":"fr-FR"},{"@type":["Person","Organization"],"@id":"https:\/\/tomvaylo.com\/fr\/#\/schema\/person\/8794eff11bdd772b4ab3e884b744b512","name":"TomVaylo","image":{"@type":"ImageObject","inLanguage":"fr-FR","@id":"https:\/\/tomvaylo.com\/fr\/#\/schema\/person\/image\/","url":"https:\/\/tomvaylo.com\/wp-content\/uploads\/2025\/08\/tomvaylo.png","contentUrl":"https:\/\/tomvaylo.com\/wp-content\/uploads\/2025\/08\/tomvaylo.png","width":416,"height":183,"caption":"TomVaylo"},"logo":{"@id":"https:\/\/tomvaylo.com\/fr\/#\/schema\/person\/image\/"},"description":"Tom Vaylo embodies the fusion of handpan (Hang) with magnetic electronic beats in a unique trip\/hop, dub and world musical trip. Creative traveler and sound crafter, he had the opportunity throughout his 3 albums to collaborate with many musicians and perform- ers (flute, trumpet, saxophone, dance,...) ; and to present live with them his project all around Europe (France, Belgium, UK, Hungary). Musician since his very young age (flute, guitar, saxophone,...) and french handpan pioneer, Tom Vaylo has settled since 2007 his place in the handpan players community. Not only did he played in the most famous handpan festivals (Handpan Festival, HangOut UK, HUG festival,...), he also shared music and handpan playing lessons in the \u201cLearn from the Best\u201d serie on MasterTheHandpan, as well as in his own association in Lyon and in several international workshops (Handpan Academy, le RDV du Hang, ...).","sameAs":["https:\/\/www.tomvaylo.com","https:\/\/www.facebook.com\/tomvaylo","https:\/\/www.instagram.com\/tom_vaylo"]}]}},"_links":{"self":[{"href":"https:\/\/tomvaylo.com\/fr\/wp-json\/wp\/v2\/pages\/368","targetHints":{"allow":["GET"]}}],"collection":[{"href":"https:\/\/tomvaylo.com\/fr\/wp-json\/wp\/v2\/pages"}],"about":[{"href":"https:\/\/tomvaylo.com\/fr\/wp-json\/wp\/v2\/types\/page"}],"author":[{"embeddable":true,"href":"https:\/\/tomvaylo.com\/fr\/wp-json\/wp\/v2\/users\/1"}],"replies":[{"embeddable":true,"href":"https:\/\/tomvaylo.com\/fr\/wp-json\/wp\/v2\/comments?post=368"}],"version-history":[{"count":68,"href":"https:\/\/tomvaylo.com\/fr\/wp-json\/wp\/v2\/pages\/368\/revisions"}],"predecessor-version":[{"id":1735,"href":"https:\/\/tomvaylo.com\/fr\/wp-json\/wp\/v2\/pages\/368\/revisions\/1735"}],"wp:attachment":[{"href":"https:\/\/tomvaylo.com\/fr\/wp-json\/wp\/v2\/media?parent=368"}],"curies":[{"name":"wp","href":"https:\/\/api.w.org\/{rel}","templated":true}]}}