{"id":39,"date":"2022-03-10T14:15:23","date_gmt":"2022-03-10T14:15:23","guid":{"rendered":"https:\/\/tomvaylo.thewebk.it\/?page_id=39"},"modified":"2025-08-14T11:06:25","modified_gmt":"2025-08-14T11:06:25","slug":"bio","status":"publish","type":"page","link":"https:\/\/tomvaylo.com\/fr\/bio\/","title":{"rendered":"Bio"},"content":{"rendered":"<div class=\"wpb-content-wrapper\"><p>[vc_row][vc_column][vc_single_image image=\u00a0\u00bb40&Prime; img_size=\u00a0\u00bblarge\u00a0\u00bb][vc_column_text css=\u00a0\u00bb\u00a0\u00bb]Tom Vaylo, c\u2019est la rencontre entre le handpan (Hang) et une musique \u00e9lectronique \u00e9clectique aux accents trip\/hop, dub et world.<\/p>\n<p>Voyageur cr\u00e9atif et inventeur sonore, il a eu l\u2019occasion au gr\u00e9 de ses 5 albums de collaborer avec des nombreux musiciens et performeurs (fl\u00fbte, trompette, saxophone, danse,\u2026) et de pr\u00e9senter avec eux son projet \u00e0 travers l\u2019Europe et le monde (France, Angleterre, Belgique, Hongrie, Inde, Espagne, Allemagne).<\/p>\n<p>Musicien depuis son plus jeune \u00e2ge (fl\u00fbte, guitare, saxophone, \u2026) et pionnier du handpan, Tom Vaylo s\u2019est forg\u00e9 depuis 2007 une place de choix dans ce milieu. Outre ses concerts dans les festivals majeurs de la discipline (Handpan Festival, HUG festival, HangOut UK,\u2026), Tom partage ses connaissances musicales dans la s\u00e9rie \u00ab Learn from the best \u00bb du mastodonte MasterTheHandpan, ainsi que dans son association lyonnaise et dans de nombreux workshops internationaux (Handpan Academy, le RDV du Hang, \u2026).<\/p>\n<p>En int\u00e9grant la musique \u00e9lectronique \u00e0 cet instrument magique, Tom Vaylo \u00e9tend son terrain de jeu et cr\u00e9e un v\u00e9ritable voyage musical. Explorant de nombreux univers, cassant les codes \u00e9tablis, il propose une performance sc\u00e9nique psych\u00e9d\u00e9lique originale, dans la lign\u00e9e de Massive Attack, Bonobo, Shpongle&#8230;.Pour nous faire parfois r\u00eaver, parfois danser, mais toujours nous surprendre. Ses morceaux sont l\u2019expression d\u2019une utopie, d\u2019un monde dans lequel domine l\u2019\u00e9motion, o\u00f9 les barri\u00e8res s\u2019effacent, o\u00f9 diversit\u00e9 et audace sont une force.<\/p>\n<p>Gr\u00e2ce au soutien de son public, Tom Vaylo vient de sortir son 5e opus, \u00ab Cosmic Patterns \u00bb, qui explore diff\u00e9rents univers musicaux \u00e0 travers un concept unique de pochette personnalis\u00e9e. Il invite sur cet album 6 autres musiciens instrumentistes (fl\u00fbte, violon, oud, saxophone, guitare, machines).[\/vc_column_text][\/vc_column][\/vc_row]<\/p>\n<\/div>","protected":false},"excerpt":{"rendered":"<p>[vc_row][vc_column][vc_single_image image=\u00a0\u00bb40&Prime; img_size=\u00a0\u00bblarge\u00a0\u00bb][vc_column_text css=\u00a0\u00bb\u00a0\u00bb]Tom Vaylo, c\u2019est la rencontre entre le handpan (Hang) et une musique \u00e9lectronique \u00e9clectique aux accents trip\/hop, dub et world. Voyageur cr\u00e9atif et inventeur sonore, il a eu l\u2019occasion au gr\u00e9 de ses 5 albums de collaborer avec des nombreux musiciens et performeurs (fl\u00fbte, trompette, saxophone, danse,\u2026) et de pr\u00e9senter avec eux&hellip;<\/p>\n","protected":false},"author":1,"featured_media":0,"parent":0,"menu_order":0,"comment_status":"closed","ping_status":"closed","template":"","meta":{"_acf_changed":false,"footnotes":""},"class_list":["post-39","page","type-page","status-publish","hentry"],"acf":[],"yoast_head":"<!-- This site is optimized with the Yoast SEO plugin v26.9 - https:\/\/yoast.com\/product\/yoast-seo-wordpress\/ -->\n<title>Bio - Tom Vaylo<\/title>\n<meta name=\"description\" content=\"Tom Vaylo, c\u2019est la rencontre entre le handpan (Hang) et une musique \u00e9lectronique \u00e9clectique aux accents trip\/hop, dub et world.\" \/>\n<meta name=\"robots\" content=\"index, follow, max-snippet:-1, max-image-preview:large, max-video-preview:-1\" \/>\n<link rel=\"canonical\" href=\"https:\/\/tomvaylo.com\/fr\/bio\/\" \/>\n<meta property=\"og:locale\" content=\"fr_FR\" \/>\n<meta property=\"og:type\" content=\"article\" \/>\n<meta property=\"og:title\" content=\"Bio - Tom Vaylo\" \/>\n<meta property=\"og:description\" content=\"Tom Vaylo, c\u2019est la rencontre entre le handpan (Hang) et une musique \u00e9lectronique \u00e9clectique aux accents trip\/hop, dub et world.\" \/>\n<meta property=\"og:url\" content=\"https:\/\/tomvaylo.com\/fr\/bio\/\" \/>\n<meta property=\"og:site_name\" content=\"Tom Vaylo\" \/>\n<meta property=\"article:publisher\" content=\"https:\/\/www.facebook.com\/tomvaylo\" \/>\n<meta property=\"article:modified_time\" content=\"2025-08-14T11:06:25+00:00\" \/>\n<meta property=\"og:image\" content=\"https:\/\/tomvaylo.com\/wp-content\/uploads\/2022\/03\/Simon_Morice_Media_1032-scaled-e1647969496949.jpg\" \/>\n\t<meta property=\"og:image:width\" content=\"2560\" \/>\n\t<meta property=\"og:image:height\" content=\"1707\" \/>\n\t<meta property=\"og:image:type\" content=\"image\/jpeg\" \/>\n<meta name=\"twitter:card\" content=\"summary_large_image\" \/>\n<meta name=\"twitter:label1\" content=\"Dur\u00e9e de lecture estim\u00e9e\" \/>\n\t<meta name=\"twitter:data1\" content=\"2 minutes\" \/>\n<script type=\"application\/ld+json\" class=\"yoast-schema-graph\">{\"@context\":\"https:\/\/schema.org\",\"@graph\":[{\"@type\":\"WebPage\",\"@id\":\"https:\/\/tomvaylo.com\/fr\/bio\/\",\"url\":\"https:\/\/tomvaylo.com\/fr\/bio\/\",\"name\":\"Bio - Tom Vaylo\",\"isPartOf\":{\"@id\":\"https:\/\/tomvaylo.com\/fr\/#website\"},\"datePublished\":\"2022-03-10T14:15:23+00:00\",\"dateModified\":\"2025-08-14T11:06:25+00:00\",\"description\":\"Tom Vaylo, c\u2019est la rencontre entre le handpan (Hang) et une musique \u00e9lectronique \u00e9clectique aux accents trip\/hop, dub et world.\",\"breadcrumb\":{\"@id\":\"https:\/\/tomvaylo.com\/fr\/bio\/#breadcrumb\"},\"inLanguage\":\"fr-FR\",\"potentialAction\":[{\"@type\":\"ReadAction\",\"target\":[\"https:\/\/tomvaylo.com\/fr\/bio\/\"]}]},{\"@type\":\"BreadcrumbList\",\"@id\":\"https:\/\/tomvaylo.com\/fr\/bio\/#breadcrumb\",\"itemListElement\":[{\"@type\":\"ListItem\",\"position\":1,\"name\":\"Home\",\"item\":\"https:\/\/tomvaylo.com\/fr\/\"},{\"@type\":\"ListItem\",\"position\":2,\"name\":\"Bio\"}]},{\"@type\":\"WebSite\",\"@id\":\"https:\/\/tomvaylo.com\/fr\/#website\",\"url\":\"https:\/\/tomvaylo.com\/fr\/\",\"name\":\"Tom Vaylo\",\"description\":\"Handpan electro chillout\",\"publisher\":{\"@id\":\"https:\/\/tomvaylo.com\/fr\/#\/schema\/person\/8794eff11bdd772b4ab3e884b744b512\"},\"potentialAction\":[{\"@type\":\"SearchAction\",\"target\":{\"@type\":\"EntryPoint\",\"urlTemplate\":\"https:\/\/tomvaylo.com\/fr\/?s={search_term_string}\"},\"query-input\":{\"@type\":\"PropertyValueSpecification\",\"valueRequired\":true,\"valueName\":\"search_term_string\"}}],\"inLanguage\":\"fr-FR\"},{\"@type\":[\"Person\",\"Organization\"],\"@id\":\"https:\/\/tomvaylo.com\/fr\/#\/schema\/person\/8794eff11bdd772b4ab3e884b744b512\",\"name\":\"TomVaylo\",\"image\":{\"@type\":\"ImageObject\",\"inLanguage\":\"fr-FR\",\"@id\":\"https:\/\/tomvaylo.com\/fr\/#\/schema\/person\/image\/\",\"url\":\"https:\/\/tomvaylo.com\/wp-content\/uploads\/2025\/08\/tomvaylo.png\",\"contentUrl\":\"https:\/\/tomvaylo.com\/wp-content\/uploads\/2025\/08\/tomvaylo.png\",\"width\":416,\"height\":183,\"caption\":\"TomVaylo\"},\"logo\":{\"@id\":\"https:\/\/tomvaylo.com\/fr\/#\/schema\/person\/image\/\"},\"description\":\"Tom Vaylo embodies the fusion of handpan (Hang) with magnetic electronic beats in a unique trip\/hop, dub and world musical trip. Creative traveler and sound crafter, he had the opportunity throughout his 3 albums to collaborate with many musicians and perform- ers (flute, trumpet, saxophone, dance,...) ; and to present live with them his project all around Europe (France, Belgium, UK, Hungary). Musician since his very young age (flute, guitar, saxophone,...) and french handpan pioneer, Tom Vaylo has settled since 2007 his place in the handpan players community. Not only did he played in the most famous handpan festivals (Handpan Festival, HangOut UK, HUG festival,...), he also shared music and handpan playing lessons in the \u201cLearn from the Best\u201d serie on MasterTheHandpan, as well as in his own association in Lyon and in several international workshops (Handpan Academy, le RDV du Hang, ...).\",\"sameAs\":[\"https:\/\/www.tomvaylo.com\",\"https:\/\/www.facebook.com\/tomvaylo\",\"https:\/\/www.instagram.com\/tom_vaylo\"]}]}<\/script>\n<!-- \/ Yoast SEO plugin. -->","yoast_head_json":{"title":"Bio - Tom Vaylo","description":"Tom Vaylo, c\u2019est la rencontre entre le handpan (Hang) et une musique \u00e9lectronique \u00e9clectique aux accents trip\/hop, dub et world.","robots":{"index":"index","follow":"follow","max-snippet":"max-snippet:-1","max-image-preview":"max-image-preview:large","max-video-preview":"max-video-preview:-1"},"canonical":"https:\/\/tomvaylo.com\/fr\/bio\/","og_locale":"fr_FR","og_type":"article","og_title":"Bio - Tom Vaylo","og_description":"Tom Vaylo, c\u2019est la rencontre entre le handpan (Hang) et une musique \u00e9lectronique \u00e9clectique aux accents trip\/hop, dub et world.","og_url":"https:\/\/tomvaylo.com\/fr\/bio\/","og_site_name":"Tom Vaylo","article_publisher":"https:\/\/www.facebook.com\/tomvaylo","article_modified_time":"2025-08-14T11:06:25+00:00","og_image":[{"width":2560,"height":1707,"url":"https:\/\/tomvaylo.com\/wp-content\/uploads\/2022\/03\/Simon_Morice_Media_1032-scaled-e1647969496949.jpg","type":"image\/jpeg"}],"twitter_card":"summary_large_image","twitter_misc":{"Dur\u00e9e de lecture estim\u00e9e":"2 minutes"},"schema":{"@context":"https:\/\/schema.org","@graph":[{"@type":"WebPage","@id":"https:\/\/tomvaylo.com\/fr\/bio\/","url":"https:\/\/tomvaylo.com\/fr\/bio\/","name":"Bio - Tom Vaylo","isPartOf":{"@id":"https:\/\/tomvaylo.com\/fr\/#website"},"datePublished":"2022-03-10T14:15:23+00:00","dateModified":"2025-08-14T11:06:25+00:00","description":"Tom Vaylo, c\u2019est la rencontre entre le handpan (Hang) et une musique \u00e9lectronique \u00e9clectique aux accents trip\/hop, dub et world.","breadcrumb":{"@id":"https:\/\/tomvaylo.com\/fr\/bio\/#breadcrumb"},"inLanguage":"fr-FR","potentialAction":[{"@type":"ReadAction","target":["https:\/\/tomvaylo.com\/fr\/bio\/"]}]},{"@type":"BreadcrumbList","@id":"https:\/\/tomvaylo.com\/fr\/bio\/#breadcrumb","itemListElement":[{"@type":"ListItem","position":1,"name":"Home","item":"https:\/\/tomvaylo.com\/fr\/"},{"@type":"ListItem","position":2,"name":"Bio"}]},{"@type":"WebSite","@id":"https:\/\/tomvaylo.com\/fr\/#website","url":"https:\/\/tomvaylo.com\/fr\/","name":"Tom Vaylo","description":"Handpan electro chillout","publisher":{"@id":"https:\/\/tomvaylo.com\/fr\/#\/schema\/person\/8794eff11bdd772b4ab3e884b744b512"},"potentialAction":[{"@type":"SearchAction","target":{"@type":"EntryPoint","urlTemplate":"https:\/\/tomvaylo.com\/fr\/?s={search_term_string}"},"query-input":{"@type":"PropertyValueSpecification","valueRequired":true,"valueName":"search_term_string"}}],"inLanguage":"fr-FR"},{"@type":["Person","Organization"],"@id":"https:\/\/tomvaylo.com\/fr\/#\/schema\/person\/8794eff11bdd772b4ab3e884b744b512","name":"TomVaylo","image":{"@type":"ImageObject","inLanguage":"fr-FR","@id":"https:\/\/tomvaylo.com\/fr\/#\/schema\/person\/image\/","url":"https:\/\/tomvaylo.com\/wp-content\/uploads\/2025\/08\/tomvaylo.png","contentUrl":"https:\/\/tomvaylo.com\/wp-content\/uploads\/2025\/08\/tomvaylo.png","width":416,"height":183,"caption":"TomVaylo"},"logo":{"@id":"https:\/\/tomvaylo.com\/fr\/#\/schema\/person\/image\/"},"description":"Tom Vaylo embodies the fusion of handpan (Hang) with magnetic electronic beats in a unique trip\/hop, dub and world musical trip. Creative traveler and sound crafter, he had the opportunity throughout his 3 albums to collaborate with many musicians and perform- ers (flute, trumpet, saxophone, dance,...) ; and to present live with them his project all around Europe (France, Belgium, UK, Hungary). Musician since his very young age (flute, guitar, saxophone,...) and french handpan pioneer, Tom Vaylo has settled since 2007 his place in the handpan players community. Not only did he played in the most famous handpan festivals (Handpan Festival, HangOut UK, HUG festival,...), he also shared music and handpan playing lessons in the \u201cLearn from the Best\u201d serie on MasterTheHandpan, as well as in his own association in Lyon and in several international workshops (Handpan Academy, le RDV du Hang, ...).","sameAs":["https:\/\/www.tomvaylo.com","https:\/\/www.facebook.com\/tomvaylo","https:\/\/www.instagram.com\/tom_vaylo"]}]}},"_links":{"self":[{"href":"https:\/\/tomvaylo.com\/fr\/wp-json\/wp\/v2\/pages\/39","targetHints":{"allow":["GET"]}}],"collection":[{"href":"https:\/\/tomvaylo.com\/fr\/wp-json\/wp\/v2\/pages"}],"about":[{"href":"https:\/\/tomvaylo.com\/fr\/wp-json\/wp\/v2\/types\/page"}],"author":[{"embeddable":true,"href":"https:\/\/tomvaylo.com\/fr\/wp-json\/wp\/v2\/users\/1"}],"replies":[{"embeddable":true,"href":"https:\/\/tomvaylo.com\/fr\/wp-json\/wp\/v2\/comments?post=39"}],"version-history":[{"count":4,"href":"https:\/\/tomvaylo.com\/fr\/wp-json\/wp\/v2\/pages\/39\/revisions"}],"predecessor-version":[{"id":1508,"href":"https:\/\/tomvaylo.com\/fr\/wp-json\/wp\/v2\/pages\/39\/revisions\/1508"}],"wp:attachment":[{"href":"https:\/\/tomvaylo.com\/fr\/wp-json\/wp\/v2\/media?parent=39"}],"curies":[{"name":"wp","href":"https:\/\/api.w.org\/{rel}","templated":true}]}}