{"id":52,"date":"2022-03-10T14:33:59","date_gmt":"2022-03-10T14:33:59","guid":{"rendered":"https:\/\/tomvaylo.thewebk.it\/?page_id=52"},"modified":"2022-03-22T17:10:48","modified_gmt":"2022-03-22T17:10:48","slug":"handpan-lessons","status":"publish","type":"page","link":"https:\/\/tomvaylo.com\/fr\/handpan-lessons\/","title":{"rendered":"Handpan lessons"},"content":{"rendered":"<div class=\"wpb-content-wrapper\"><p>[vc_row][vc_column][vc_column_text]<\/p>\n<h2 class=\"major\">INITIATIONS AU HANDPAN<\/h2>\n<p>Avez-vous d\u00e9j\u00e0 voulu d\u00e9couvrir le son magique du handpan et apprendre \u00e0 en jouer facilement ?<\/p>\n<p>Tom propose des initiations au handpan \u00e0 Lyon (et parfois ailleurs), durant lesquelles vous pourrez essayer de nombreux handpans de constructeurs renom\u00e9s, apprendre l&rsquo;histoire de cet instrument et son processus de fabrication, d\u00e9couvrir le toucher et les bases du jeu, et jouer vos premi\u00e8res m\u00e9lodies.[\/vc_column_text][vc_btn title=\u00a0\u00bb(S&rsquo;) offrir une initiation\u00a0\u00bb link=\u00a0\u00bburl:https%3A%2F%2Ftomvaylo.thewebk.it%2Ffr%2Fproduit%2Fhandpan-initiation-gift-card%2F|title:Handpan%20initiation%20gift%20card\u00a0\u00bb][vc_column_text]<\/p>\n<h2 class=\"major\">LE<span class=\"ILfuVd\"><span class=\"hgKElc\"><b>\u00c7<\/b><\/span><\/span>ONS DE HANDPAN<\/h2>\n<p>Vous souhaitez am\u00e9liorer votre jeu, obtenir des astuces pour arr\u00eater de tourner en rond ou d\u00e9couvrir de nouvelles techniques ?<\/p>\n<p>Je propose aussi des le\u00e7ons de handpan \u00e0 Lyon ! Les le\u00e7ons sont individuelles et adapt\u00e9es \u00e0 chaque \u00e9l\u00e8ve selon ses envies et besoins ; et s&rsquo;appuient sur plusieurs th\u00e8mes : technique\/rythme\/m\u00e9lodie\/th\u00e9orie\/composition\/interpr\u00e9tation\/improvisation &#8230; Tout est possible, bien que j&rsquo;aime \u00e0 voir la musique comme un moyen d&rsquo;expression, et \u00e0 conforter mes \u00e9l\u00e8ves dans la composition et l&rsquo;improvisation.<\/p>\n<p>Je suis tr\u00e8s \u00e0 l&rsquo;\u00e9coute des \u00e9l\u00e8ves pour leur fournir des cours tr\u00e8s personnels et adapt\u00e9s \u00e0 leurs envies.<\/p>\n<p>Vous pouvez r\u00e9server des cours directement depuis le site, ou tout simplement me contacter via le formulaire \u00ab\u00a0Contact\u00a0\u00bb pour en discuter ensemble.[\/vc_column_text][vc_btn title=\u00a0\u00bb(S&rsquo;) offrir des cours\u00a0\u00bb link=\u00a0\u00bburl:https%3A%2F%2Ftomvaylo.thewebk.it%2Ffr%2Fproduit%2Fhandpan-lesson%2F|title:Handpan%20Lessons\u00a0\u00bb][\/vc_column][\/vc_row]<\/p>\n<\/div>","protected":false},"excerpt":{"rendered":"<p>[vc_row][vc_column][vc_column_text] INITIATIONS AU HANDPAN Avez-vous d\u00e9j\u00e0 voulu d\u00e9couvrir le son magique du handpan et apprendre \u00e0 en jouer facilement ? Tom propose des initiations au handpan \u00e0 Lyon (et parfois ailleurs), durant lesquelles vous pourrez essayer de nombreux handpans de constructeurs renom\u00e9s, apprendre l&rsquo;histoire de cet instrument et son processus de fabrication, d\u00e9couvrir le toucher&hellip;<\/p>\n","protected":false},"author":1,"featured_media":0,"parent":0,"menu_order":0,"comment_status":"closed","ping_status":"closed","template":"","meta":{"_acf_changed":false,"footnotes":""},"class_list":["post-52","page","type-page","status-publish","hentry"],"acf":[],"yoast_head":"<!-- This site is optimized with the Yoast SEO plugin v26.9 - https:\/\/yoast.com\/product\/yoast-seo-wordpress\/ -->\n<title>Handpan lessons - Tom Vaylo<\/title>\n<meta name=\"robots\" content=\"index, follow, max-snippet:-1, max-image-preview:large, max-video-preview:-1\" \/>\n<link rel=\"canonical\" href=\"https:\/\/tomvaylo.com\/fr\/handpan-lessons\/\" \/>\n<meta property=\"og:locale\" content=\"fr_FR\" \/>\n<meta property=\"og:type\" content=\"article\" \/>\n<meta property=\"og:title\" content=\"Handpan lessons - Tom Vaylo\" \/>\n<meta property=\"og:description\" content=\"[vc_row][vc_column][vc_column_text] INITIATIONS AU HANDPAN Avez-vous d\u00e9j\u00e0 voulu d\u00e9couvrir le son magique du handpan et apprendre \u00e0 en jouer facilement ? Tom propose des initiations au handpan \u00e0 Lyon (et parfois ailleurs), durant lesquelles vous pourrez essayer de nombreux handpans de constructeurs renom\u00e9s, apprendre l&rsquo;histoire de cet instrument et son processus de fabrication, d\u00e9couvrir le toucher&hellip;\" \/>\n<meta property=\"og:url\" content=\"https:\/\/tomvaylo.com\/fr\/handpan-lessons\/\" \/>\n<meta property=\"og:site_name\" content=\"Tom Vaylo\" \/>\n<meta property=\"article:publisher\" content=\"https:\/\/www.facebook.com\/tomvaylo\" \/>\n<meta property=\"article:modified_time\" content=\"2022-03-22T17:10:48+00:00\" \/>\n<meta property=\"og:image\" content=\"https:\/\/tomvaylo.com\/wp-content\/uploads\/2022\/03\/Simon_Morice_Media_1032-scaled-e1647969496949.jpg\" \/>\n\t<meta property=\"og:image:width\" content=\"2560\" \/>\n\t<meta property=\"og:image:height\" content=\"1707\" \/>\n\t<meta property=\"og:image:type\" content=\"image\/jpeg\" \/>\n<meta name=\"twitter:card\" content=\"summary_large_image\" \/>\n<meta name=\"twitter:label1\" content=\"Dur\u00e9e de lecture estim\u00e9e\" \/>\n\t<meta name=\"twitter:data1\" content=\"1 minute\" \/>\n<script type=\"application\/ld+json\" class=\"yoast-schema-graph\">{\"@context\":\"https:\/\/schema.org\",\"@graph\":[{\"@type\":\"WebPage\",\"@id\":\"https:\/\/tomvaylo.com\/fr\/handpan-lessons\/\",\"url\":\"https:\/\/tomvaylo.com\/fr\/handpan-lessons\/\",\"name\":\"Handpan lessons - Tom Vaylo\",\"isPartOf\":{\"@id\":\"https:\/\/tomvaylo.com\/fr\/#website\"},\"datePublished\":\"2022-03-10T14:33:59+00:00\",\"dateModified\":\"2022-03-22T17:10:48+00:00\",\"breadcrumb\":{\"@id\":\"https:\/\/tomvaylo.com\/fr\/handpan-lessons\/#breadcrumb\"},\"inLanguage\":\"fr-FR\",\"potentialAction\":[{\"@type\":\"ReadAction\",\"target\":[\"https:\/\/tomvaylo.com\/fr\/handpan-lessons\/\"]}]},{\"@type\":\"BreadcrumbList\",\"@id\":\"https:\/\/tomvaylo.com\/fr\/handpan-lessons\/#breadcrumb\",\"itemListElement\":[{\"@type\":\"ListItem\",\"position\":1,\"name\":\"Home\",\"item\":\"https:\/\/tomvaylo.com\/fr\/\"},{\"@type\":\"ListItem\",\"position\":2,\"name\":\"Handpan lessons\"}]},{\"@type\":\"WebSite\",\"@id\":\"https:\/\/tomvaylo.com\/fr\/#website\",\"url\":\"https:\/\/tomvaylo.com\/fr\/\",\"name\":\"Tom Vaylo\",\"description\":\"Handpan electro chillout\",\"publisher\":{\"@id\":\"https:\/\/tomvaylo.com\/fr\/#\/schema\/person\/8794eff11bdd772b4ab3e884b744b512\"},\"potentialAction\":[{\"@type\":\"SearchAction\",\"target\":{\"@type\":\"EntryPoint\",\"urlTemplate\":\"https:\/\/tomvaylo.com\/fr\/?s={search_term_string}\"},\"query-input\":{\"@type\":\"PropertyValueSpecification\",\"valueRequired\":true,\"valueName\":\"search_term_string\"}}],\"inLanguage\":\"fr-FR\"},{\"@type\":[\"Person\",\"Organization\"],\"@id\":\"https:\/\/tomvaylo.com\/fr\/#\/schema\/person\/8794eff11bdd772b4ab3e884b744b512\",\"name\":\"TomVaylo\",\"image\":{\"@type\":\"ImageObject\",\"inLanguage\":\"fr-FR\",\"@id\":\"https:\/\/tomvaylo.com\/fr\/#\/schema\/person\/image\/\",\"url\":\"https:\/\/tomvaylo.com\/wp-content\/uploads\/2025\/08\/tomvaylo.png\",\"contentUrl\":\"https:\/\/tomvaylo.com\/wp-content\/uploads\/2025\/08\/tomvaylo.png\",\"width\":416,\"height\":183,\"caption\":\"TomVaylo\"},\"logo\":{\"@id\":\"https:\/\/tomvaylo.com\/fr\/#\/schema\/person\/image\/\"},\"description\":\"Tom Vaylo embodies the fusion of handpan (Hang) with magnetic electronic beats in a unique trip\/hop, dub and world musical trip. Creative traveler and sound crafter, he had the opportunity throughout his 3 albums to collaborate with many musicians and perform- ers (flute, trumpet, saxophone, dance,...) ; and to present live with them his project all around Europe (France, Belgium, UK, Hungary). Musician since his very young age (flute, guitar, saxophone,...) and french handpan pioneer, Tom Vaylo has settled since 2007 his place in the handpan players community. Not only did he played in the most famous handpan festivals (Handpan Festival, HangOut UK, HUG festival,...), he also shared music and handpan playing lessons in the \u201cLearn from the Best\u201d serie on MasterTheHandpan, as well as in his own association in Lyon and in several international workshops (Handpan Academy, le RDV du Hang, ...).\",\"sameAs\":[\"https:\/\/www.tomvaylo.com\",\"https:\/\/www.facebook.com\/tomvaylo\",\"https:\/\/www.instagram.com\/tom_vaylo\"]}]}<\/script>\n<!-- \/ Yoast SEO plugin. -->","yoast_head_json":{"title":"Handpan lessons - Tom Vaylo","robots":{"index":"index","follow":"follow","max-snippet":"max-snippet:-1","max-image-preview":"max-image-preview:large","max-video-preview":"max-video-preview:-1"},"canonical":"https:\/\/tomvaylo.com\/fr\/handpan-lessons\/","og_locale":"fr_FR","og_type":"article","og_title":"Handpan lessons - Tom Vaylo","og_description":"[vc_row][vc_column][vc_column_text] INITIATIONS AU HANDPAN Avez-vous d\u00e9j\u00e0 voulu d\u00e9couvrir le son magique du handpan et apprendre \u00e0 en jouer facilement ? Tom propose des initiations au handpan \u00e0 Lyon (et parfois ailleurs), durant lesquelles vous pourrez essayer de nombreux handpans de constructeurs renom\u00e9s, apprendre l&rsquo;histoire de cet instrument et son processus de fabrication, d\u00e9couvrir le toucher&hellip;","og_url":"https:\/\/tomvaylo.com\/fr\/handpan-lessons\/","og_site_name":"Tom Vaylo","article_publisher":"https:\/\/www.facebook.com\/tomvaylo","article_modified_time":"2022-03-22T17:10:48+00:00","og_image":[{"width":2560,"height":1707,"url":"https:\/\/tomvaylo.com\/wp-content\/uploads\/2022\/03\/Simon_Morice_Media_1032-scaled-e1647969496949.jpg","type":"image\/jpeg"}],"twitter_card":"summary_large_image","twitter_misc":{"Dur\u00e9e de lecture estim\u00e9e":"1 minute"},"schema":{"@context":"https:\/\/schema.org","@graph":[{"@type":"WebPage","@id":"https:\/\/tomvaylo.com\/fr\/handpan-lessons\/","url":"https:\/\/tomvaylo.com\/fr\/handpan-lessons\/","name":"Handpan lessons - Tom Vaylo","isPartOf":{"@id":"https:\/\/tomvaylo.com\/fr\/#website"},"datePublished":"2022-03-10T14:33:59+00:00","dateModified":"2022-03-22T17:10:48+00:00","breadcrumb":{"@id":"https:\/\/tomvaylo.com\/fr\/handpan-lessons\/#breadcrumb"},"inLanguage":"fr-FR","potentialAction":[{"@type":"ReadAction","target":["https:\/\/tomvaylo.com\/fr\/handpan-lessons\/"]}]},{"@type":"BreadcrumbList","@id":"https:\/\/tomvaylo.com\/fr\/handpan-lessons\/#breadcrumb","itemListElement":[{"@type":"ListItem","position":1,"name":"Home","item":"https:\/\/tomvaylo.com\/fr\/"},{"@type":"ListItem","position":2,"name":"Handpan lessons"}]},{"@type":"WebSite","@id":"https:\/\/tomvaylo.com\/fr\/#website","url":"https:\/\/tomvaylo.com\/fr\/","name":"Tom Vaylo","description":"Handpan electro chillout","publisher":{"@id":"https:\/\/tomvaylo.com\/fr\/#\/schema\/person\/8794eff11bdd772b4ab3e884b744b512"},"potentialAction":[{"@type":"SearchAction","target":{"@type":"EntryPoint","urlTemplate":"https:\/\/tomvaylo.com\/fr\/?s={search_term_string}"},"query-input":{"@type":"PropertyValueSpecification","valueRequired":true,"valueName":"search_term_string"}}],"inLanguage":"fr-FR"},{"@type":["Person","Organization"],"@id":"https:\/\/tomvaylo.com\/fr\/#\/schema\/person\/8794eff11bdd772b4ab3e884b744b512","name":"TomVaylo","image":{"@type":"ImageObject","inLanguage":"fr-FR","@id":"https:\/\/tomvaylo.com\/fr\/#\/schema\/person\/image\/","url":"https:\/\/tomvaylo.com\/wp-content\/uploads\/2025\/08\/tomvaylo.png","contentUrl":"https:\/\/tomvaylo.com\/wp-content\/uploads\/2025\/08\/tomvaylo.png","width":416,"height":183,"caption":"TomVaylo"},"logo":{"@id":"https:\/\/tomvaylo.com\/fr\/#\/schema\/person\/image\/"},"description":"Tom Vaylo embodies the fusion of handpan (Hang) with magnetic electronic beats in a unique trip\/hop, dub and world musical trip. Creative traveler and sound crafter, he had the opportunity throughout his 3 albums to collaborate with many musicians and perform- ers (flute, trumpet, saxophone, dance,...) ; and to present live with them his project all around Europe (France, Belgium, UK, Hungary). Musician since his very young age (flute, guitar, saxophone,...) and french handpan pioneer, Tom Vaylo has settled since 2007 his place in the handpan players community. Not only did he played in the most famous handpan festivals (Handpan Festival, HangOut UK, HUG festival,...), he also shared music and handpan playing lessons in the \u201cLearn from the Best\u201d serie on MasterTheHandpan, as well as in his own association in Lyon and in several international workshops (Handpan Academy, le RDV du Hang, ...).","sameAs":["https:\/\/www.tomvaylo.com","https:\/\/www.facebook.com\/tomvaylo","https:\/\/www.instagram.com\/tom_vaylo"]}]}},"_links":{"self":[{"href":"https:\/\/tomvaylo.com\/fr\/wp-json\/wp\/v2\/pages\/52","targetHints":{"allow":["GET"]}}],"collection":[{"href":"https:\/\/tomvaylo.com\/fr\/wp-json\/wp\/v2\/pages"}],"about":[{"href":"https:\/\/tomvaylo.com\/fr\/wp-json\/wp\/v2\/types\/page"}],"author":[{"embeddable":true,"href":"https:\/\/tomvaylo.com\/fr\/wp-json\/wp\/v2\/users\/1"}],"replies":[{"embeddable":true,"href":"https:\/\/tomvaylo.com\/fr\/wp-json\/wp\/v2\/comments?post=52"}],"version-history":[{"count":7,"href":"https:\/\/tomvaylo.com\/fr\/wp-json\/wp\/v2\/pages\/52\/revisions"}],"predecessor-version":[{"id":245,"href":"https:\/\/tomvaylo.com\/fr\/wp-json\/wp\/v2\/pages\/52\/revisions\/245"}],"wp:attachment":[{"href":"https:\/\/tomvaylo.com\/fr\/wp-json\/wp\/v2\/media?parent=52"}],"curies":[{"name":"wp","href":"https:\/\/api.w.org\/{rel}","templated":true}]}}