{"id":100,"date":"2022-03-10T15:50:55","date_gmt":"2022-03-10T15:50:55","guid":{"rendered":"https:\/\/tomvaylo.thewebk.it\/?post_type=product&#038;p=100"},"modified":"2023-09-04T10:46:40","modified_gmt":"2023-09-04T10:46:40","slug":"microcosmes-digital-version","status":"publish","type":"product","link":"https:\/\/tomvaylo.com\/fr\/produit\/microcosmes-digital-version\/","title":{"rendered":"\u00ab\u00a0Microcosmes\u00a0\u00bb Digital version"},"content":{"rendered":"<div class=\"wpb-content-wrapper\"><p>[vc_row][vc_column][\/vc_column][\/vc_row]<\/p>\n<\/div>","protected":false},"excerpt":{"rendered":"<p><b>Obtenez mon nouvel album \u00ab\u00a0Microcosmes\u00a0\u00bb en version digitale !<br \/>\n<\/b><\/p>\n<p><strong>SORTIE ET LIVRAISON LE 15 AVRIL<\/strong><\/p>\n<p>Microcosmes est un album phygital unique dans lequel vous serez guid\u00e9 au son du handpan pour d\u00e9couvrir 3 univers diff\u00e9rents.<\/p>\n<p>3 th\u00e8mes, 3 directions, 3 microcosmes qui d\u00e9voilent chacun un style musical diff\u00e9rent, port\u00e9 par des morceaux originaux et sans concession. Plongez avec moi dans ces univers pleins de surprises, et laissez vous r\u00eaver !<\/p>\n<p><strong>NB : Ceci est la version \u00e0 t\u00e9l\u00e9charger, vous voudrez peut-\u00eatre commander la <a href=\"https:\/\/tomvaylo.thewebk.it\/fr\/produit\/album-microcosmes\/\">version phygitale collector<\/a> (qui ne contient pas de cd mais 3 illustrations \u00e0 l&rsquo;encre de chine donnant acc\u00e8s aux morceaux) !<\/strong><\/p>\n","protected":false},"featured_media":282,"comment_status":"open","ping_status":"closed","template":"","meta":{"_acf_changed":false},"product_brand":[],"product_cat":[26,27],"product_tag":[],"class_list":{"0":"post-100","1":"product","2":"type-product","3":"status-publish","4":"has-post-thumbnail","6":"product_cat-albums","7":"product_cat-digital-albums","9":"first","10":"instock","11":"downloadable","12":"virtual","13":"purchasable","14":"product-type-simple","16":"catalog-layout-default","17":"columns-xs-1"},"acf":[],"yoast_head":"<!-- This site is optimized with the Yoast SEO plugin v26.9 - https:\/\/yoast.com\/product\/yoast-seo-wordpress\/ -->\n<title>&quot;Microcosmes&quot; Digital version - Tom Vaylo<\/title>\n<meta name=\"robots\" content=\"index, follow, max-snippet:-1, max-image-preview:large, max-video-preview:-1\" \/>\n<link rel=\"canonical\" href=\"https:\/\/tomvaylo.com\/fr\/produit\/microcosmes-digital-version\/\" \/>\n<meta property=\"og:locale\" content=\"fr_FR\" \/>\n<meta property=\"og:type\" content=\"article\" \/>\n<meta property=\"og:title\" content=\"&quot;Microcosmes&quot; Digital version - Tom Vaylo\" \/>\n<meta property=\"og:description\" content=\"Obtenez mon nouvel album &quot;Microcosmes&quot; en version digitale !   SORTIE ET LIVRAISON LE 15 AVRIL  Microcosmes est un album phygital unique dans lequel vous serez guid\u00e9 au son du handpan pour d\u00e9couvrir 3 univers diff\u00e9rents.  3 th\u00e8mes, 3 directions, 3 microcosmes qui d\u00e9voilent chacun un style musical diff\u00e9rent, port\u00e9 par des morceaux originaux et sans concession. Plongez avec moi dans ces univers pleins de surprises, et laissez vous r\u00eaver !  NB : Ceci est la version \u00e0 t\u00e9l\u00e9charger, vous voudrez peut-\u00eatre commander la version phygitale collector (qui ne contient pas de cd mais 3 illustrations \u00e0 l&#039;encre de chine donnant acc\u00e8s aux morceaux) !\" \/>\n<meta property=\"og:url\" content=\"https:\/\/tomvaylo.com\/fr\/produit\/microcosmes-digital-version\/\" \/>\n<meta property=\"og:site_name\" content=\"Tom Vaylo\" \/>\n<meta property=\"article:publisher\" content=\"https:\/\/www.facebook.com\/tomvaylo\" \/>\n<meta property=\"article:modified_time\" content=\"2023-09-04T10:46:40+00:00\" \/>\n<meta property=\"og:image\" content=\"https:\/\/tomvaylo.com\/wp-content\/uploads\/2022\/03\/Microcosmes_Cover_1440digital.jpg\" \/>\n\t<meta property=\"og:image:width\" content=\"1440\" \/>\n\t<meta property=\"og:image:height\" content=\"1440\" \/>\n\t<meta property=\"og:image:type\" content=\"image\/jpeg\" \/>\n<meta name=\"twitter:card\" content=\"summary_large_image\" \/>\n<script type=\"application\/ld+json\" class=\"yoast-schema-graph\">{\"@context\":\"https:\/\/schema.org\",\"@graph\":[{\"@type\":\"WebPage\",\"@id\":\"https:\/\/tomvaylo.com\/fr\/produit\/microcosmes-digital-version\/\",\"url\":\"https:\/\/tomvaylo.com\/fr\/produit\/microcosmes-digital-version\/\",\"name\":\"\\\"Microcosmes\\\" Digital version - Tom Vaylo\",\"isPartOf\":{\"@id\":\"https:\/\/tomvaylo.com\/fr\/#website\"},\"primaryImageOfPage\":{\"@id\":\"https:\/\/tomvaylo.com\/fr\/produit\/microcosmes-digital-version\/#primaryimage\"},\"image\":{\"@id\":\"https:\/\/tomvaylo.com\/fr\/produit\/microcosmes-digital-version\/#primaryimage\"},\"thumbnailUrl\":\"https:\/\/tomvaylo.com\/wp-content\/uploads\/2022\/03\/Microcosmes_Cover_1440digital.jpg\",\"datePublished\":\"2022-03-10T15:50:55+00:00\",\"dateModified\":\"2023-09-04T10:46:40+00:00\",\"breadcrumb\":{\"@id\":\"https:\/\/tomvaylo.com\/fr\/produit\/microcosmes-digital-version\/#breadcrumb\"},\"inLanguage\":\"fr-FR\",\"potentialAction\":[{\"@type\":\"ReadAction\",\"target\":[\"https:\/\/tomvaylo.com\/fr\/produit\/microcosmes-digital-version\/\"]}]},{\"@type\":\"ImageObject\",\"inLanguage\":\"fr-FR\",\"@id\":\"https:\/\/tomvaylo.com\/fr\/produit\/microcosmes-digital-version\/#primaryimage\",\"url\":\"https:\/\/tomvaylo.com\/wp-content\/uploads\/2022\/03\/Microcosmes_Cover_1440digital.jpg\",\"contentUrl\":\"https:\/\/tomvaylo.com\/wp-content\/uploads\/2022\/03\/Microcosmes_Cover_1440digital.jpg\",\"width\":1440,\"height\":1440},{\"@type\":\"BreadcrumbList\",\"@id\":\"https:\/\/tomvaylo.com\/fr\/produit\/microcosmes-digital-version\/#breadcrumb\",\"itemListElement\":[{\"@type\":\"ListItem\",\"position\":1,\"name\":\"Home\",\"item\":\"https:\/\/tomvaylo.com\/fr\/\"},{\"@type\":\"ListItem\",\"position\":2,\"name\":\"Boutique\",\"item\":\"https:\/\/tomvaylo.com\/shop\/\"},{\"@type\":\"ListItem\",\"position\":3,\"name\":\"&#8220;Microcosmes&#8221; Digital version\"}]},{\"@type\":\"WebSite\",\"@id\":\"https:\/\/tomvaylo.com\/fr\/#website\",\"url\":\"https:\/\/tomvaylo.com\/fr\/\",\"name\":\"Tom Vaylo\",\"description\":\"Handpan electro chillout\",\"publisher\":{\"@id\":\"https:\/\/tomvaylo.com\/fr\/#\/schema\/person\/8794eff11bdd772b4ab3e884b744b512\"},\"potentialAction\":[{\"@type\":\"SearchAction\",\"target\":{\"@type\":\"EntryPoint\",\"urlTemplate\":\"https:\/\/tomvaylo.com\/fr\/?s={search_term_string}\"},\"query-input\":{\"@type\":\"PropertyValueSpecification\",\"valueRequired\":true,\"valueName\":\"search_term_string\"}}],\"inLanguage\":\"fr-FR\"},{\"@type\":[\"Person\",\"Organization\"],\"@id\":\"https:\/\/tomvaylo.com\/fr\/#\/schema\/person\/8794eff11bdd772b4ab3e884b744b512\",\"name\":\"TomVaylo\",\"image\":{\"@type\":\"ImageObject\",\"inLanguage\":\"fr-FR\",\"@id\":\"https:\/\/tomvaylo.com\/fr\/#\/schema\/person\/image\/\",\"url\":\"https:\/\/tomvaylo.com\/wp-content\/uploads\/2025\/08\/tomvaylo.png\",\"contentUrl\":\"https:\/\/tomvaylo.com\/wp-content\/uploads\/2025\/08\/tomvaylo.png\",\"width\":416,\"height\":183,\"caption\":\"TomVaylo\"},\"logo\":{\"@id\":\"https:\/\/tomvaylo.com\/fr\/#\/schema\/person\/image\/\"},\"description\":\"Tom Vaylo embodies the fusion of handpan (Hang) with magnetic electronic beats in a unique trip\/hop, dub and world musical trip. Creative traveler and sound crafter, he had the opportunity throughout his 3 albums to collaborate with many musicians and perform- ers (flute, trumpet, saxophone, dance,...) ; and to present live with them his project all around Europe (France, Belgium, UK, Hungary). Musician since his very young age (flute, guitar, saxophone,...) and french handpan pioneer, Tom Vaylo has settled since 2007 his place in the handpan players community. Not only did he played in the most famous handpan festivals (Handpan Festival, HangOut UK, HUG festival,...), he also shared music and handpan playing lessons in the \u201cLearn from the Best\u201d serie on MasterTheHandpan, as well as in his own association in Lyon and in several international workshops (Handpan Academy, le RDV du Hang, ...).\",\"sameAs\":[\"https:\/\/www.tomvaylo.com\",\"https:\/\/www.facebook.com\/tomvaylo\",\"https:\/\/www.instagram.com\/tom_vaylo\"]}]}<\/script>\n<!-- \/ Yoast SEO plugin. -->","yoast_head_json":{"title":"\"Microcosmes\" Digital version - Tom Vaylo","robots":{"index":"index","follow":"follow","max-snippet":"max-snippet:-1","max-image-preview":"max-image-preview:large","max-video-preview":"max-video-preview:-1"},"canonical":"https:\/\/tomvaylo.com\/fr\/produit\/microcosmes-digital-version\/","og_locale":"fr_FR","og_type":"article","og_title":"\"Microcosmes\" Digital version - Tom Vaylo","og_description":"Obtenez mon nouvel album \"Microcosmes\" en version digitale !   SORTIE ET LIVRAISON LE 15 AVRIL  Microcosmes est un album phygital unique dans lequel vous serez guid\u00e9 au son du handpan pour d\u00e9couvrir 3 univers diff\u00e9rents.  3 th\u00e8mes, 3 directions, 3 microcosmes qui d\u00e9voilent chacun un style musical diff\u00e9rent, port\u00e9 par des morceaux originaux et sans concession. Plongez avec moi dans ces univers pleins de surprises, et laissez vous r\u00eaver !  NB : Ceci est la version \u00e0 t\u00e9l\u00e9charger, vous voudrez peut-\u00eatre commander la version phygitale collector (qui ne contient pas de cd mais 3 illustrations \u00e0 l'encre de chine donnant acc\u00e8s aux morceaux) !","og_url":"https:\/\/tomvaylo.com\/fr\/produit\/microcosmes-digital-version\/","og_site_name":"Tom Vaylo","article_publisher":"https:\/\/www.facebook.com\/tomvaylo","article_modified_time":"2023-09-04T10:46:40+00:00","og_image":[{"width":1440,"height":1440,"url":"https:\/\/tomvaylo.com\/wp-content\/uploads\/2022\/03\/Microcosmes_Cover_1440digital.jpg","type":"image\/jpeg"}],"twitter_card":"summary_large_image","schema":{"@context":"https:\/\/schema.org","@graph":[{"@type":"WebPage","@id":"https:\/\/tomvaylo.com\/fr\/produit\/microcosmes-digital-version\/","url":"https:\/\/tomvaylo.com\/fr\/produit\/microcosmes-digital-version\/","name":"\"Microcosmes\" Digital version - Tom Vaylo","isPartOf":{"@id":"https:\/\/tomvaylo.com\/fr\/#website"},"primaryImageOfPage":{"@id":"https:\/\/tomvaylo.com\/fr\/produit\/microcosmes-digital-version\/#primaryimage"},"image":{"@id":"https:\/\/tomvaylo.com\/fr\/produit\/microcosmes-digital-version\/#primaryimage"},"thumbnailUrl":"https:\/\/tomvaylo.com\/wp-content\/uploads\/2022\/03\/Microcosmes_Cover_1440digital.jpg","datePublished":"2022-03-10T15:50:55+00:00","dateModified":"2023-09-04T10:46:40+00:00","breadcrumb":{"@id":"https:\/\/tomvaylo.com\/fr\/produit\/microcosmes-digital-version\/#breadcrumb"},"inLanguage":"fr-FR","potentialAction":[{"@type":"ReadAction","target":["https:\/\/tomvaylo.com\/fr\/produit\/microcosmes-digital-version\/"]}]},{"@type":"ImageObject","inLanguage":"fr-FR","@id":"https:\/\/tomvaylo.com\/fr\/produit\/microcosmes-digital-version\/#primaryimage","url":"https:\/\/tomvaylo.com\/wp-content\/uploads\/2022\/03\/Microcosmes_Cover_1440digital.jpg","contentUrl":"https:\/\/tomvaylo.com\/wp-content\/uploads\/2022\/03\/Microcosmes_Cover_1440digital.jpg","width":1440,"height":1440},{"@type":"BreadcrumbList","@id":"https:\/\/tomvaylo.com\/fr\/produit\/microcosmes-digital-version\/#breadcrumb","itemListElement":[{"@type":"ListItem","position":1,"name":"Home","item":"https:\/\/tomvaylo.com\/fr\/"},{"@type":"ListItem","position":2,"name":"Boutique","item":"https:\/\/tomvaylo.com\/shop\/"},{"@type":"ListItem","position":3,"name":"&#8220;Microcosmes&#8221; Digital version"}]},{"@type":"WebSite","@id":"https:\/\/tomvaylo.com\/fr\/#website","url":"https:\/\/tomvaylo.com\/fr\/","name":"Tom Vaylo","description":"Handpan electro chillout","publisher":{"@id":"https:\/\/tomvaylo.com\/fr\/#\/schema\/person\/8794eff11bdd772b4ab3e884b744b512"},"potentialAction":[{"@type":"SearchAction","target":{"@type":"EntryPoint","urlTemplate":"https:\/\/tomvaylo.com\/fr\/?s={search_term_string}"},"query-input":{"@type":"PropertyValueSpecification","valueRequired":true,"valueName":"search_term_string"}}],"inLanguage":"fr-FR"},{"@type":["Person","Organization"],"@id":"https:\/\/tomvaylo.com\/fr\/#\/schema\/person\/8794eff11bdd772b4ab3e884b744b512","name":"TomVaylo","image":{"@type":"ImageObject","inLanguage":"fr-FR","@id":"https:\/\/tomvaylo.com\/fr\/#\/schema\/person\/image\/","url":"https:\/\/tomvaylo.com\/wp-content\/uploads\/2025\/08\/tomvaylo.png","contentUrl":"https:\/\/tomvaylo.com\/wp-content\/uploads\/2025\/08\/tomvaylo.png","width":416,"height":183,"caption":"TomVaylo"},"logo":{"@id":"https:\/\/tomvaylo.com\/fr\/#\/schema\/person\/image\/"},"description":"Tom Vaylo embodies the fusion of handpan (Hang) with magnetic electronic beats in a unique trip\/hop, dub and world musical trip. Creative traveler and sound crafter, he had the opportunity throughout his 3 albums to collaborate with many musicians and perform- ers (flute, trumpet, saxophone, dance,...) ; and to present live with them his project all around Europe (France, Belgium, UK, Hungary). Musician since his very young age (flute, guitar, saxophone,...) and french handpan pioneer, Tom Vaylo has settled since 2007 his place in the handpan players community. Not only did he played in the most famous handpan festivals (Handpan Festival, HangOut UK, HUG festival,...), he also shared music and handpan playing lessons in the \u201cLearn from the Best\u201d serie on MasterTheHandpan, as well as in his own association in Lyon and in several international workshops (Handpan Academy, le RDV du Hang, ...).","sameAs":["https:\/\/www.tomvaylo.com","https:\/\/www.facebook.com\/tomvaylo","https:\/\/www.instagram.com\/tom_vaylo"]}]}},"_links":{"self":[{"href":"https:\/\/tomvaylo.com\/fr\/wp-json\/wp\/v2\/product\/100","targetHints":{"allow":["GET"]}}],"collection":[{"href":"https:\/\/tomvaylo.com\/fr\/wp-json\/wp\/v2\/product"}],"about":[{"href":"https:\/\/tomvaylo.com\/fr\/wp-json\/wp\/v2\/types\/product"}],"replies":[{"embeddable":true,"href":"https:\/\/tomvaylo.com\/fr\/wp-json\/wp\/v2\/comments?post=100"}],"wp:featuredmedia":[{"embeddable":true,"href":"https:\/\/tomvaylo.com\/fr\/wp-json\/wp\/v2\/media\/282"}],"wp:attachment":[{"href":"https:\/\/tomvaylo.com\/fr\/wp-json\/wp\/v2\/media?parent=100"}],"wp:term":[{"taxonomy":"product_brand","embeddable":true,"href":"https:\/\/tomvaylo.com\/fr\/wp-json\/wp\/v2\/product_brand?post=100"},{"taxonomy":"product_cat","embeddable":true,"href":"https:\/\/tomvaylo.com\/fr\/wp-json\/wp\/v2\/product_cat?post=100"},{"taxonomy":"product_tag","embeddable":true,"href":"https:\/\/tomvaylo.com\/fr\/wp-json\/wp\/v2\/product_tag?post=100"}],"curies":[{"name":"wp","href":"https:\/\/api.w.org\/{rel}","templated":true}]}}