{"id":1012,"date":"2025-03-05T12:41:44","date_gmt":"2025-03-05T12:41:44","guid":{"rendered":"https:\/\/tomvaylo.com\/produit\/cosmic-patterns-edition-physique-collector\/"},"modified":"2025-03-05T12:41:44","modified_gmt":"2025-03-05T12:41:44","slug":"cosmic-patterns-edition-physique-collector","status":"publish","type":"product","link":"https:\/\/tomvaylo.com\/fr\/produit\/cosmic-patterns-edition-physique-collector\/","title":{"rendered":"Cosmic Patterns &#8211; EDITION PHYSIQUE COLLECTOR"},"content":{"rendered":"<p>Ceci est l&rsquo;\u00c9DITION PHYSIQUE COLLECTOR (limit\u00e9e \u00e0 300 exemplaires) de Cosmic Patterns.<\/p>\n<p>Le pack comprend :<br \/>\n&#8211; Le CD physique de Cosmic Patterns<br \/>\n&#8211; Une carte de t\u00e9l\u00e9chargement num\u00e9rique de Cosmic Patterns<br \/>\n&#8211; Le \u00ab\u00a0Kit de Cartographie\u00a0\u00bb : 4 stickers pour personnaliser la pochette et la rendre unique<br \/>\n&#8211; Un livret contenant les histoires d\u00e9taill\u00e9es de chaque morceau<\/p>\n<p>Bienvenue \u00e0 Bord, voyageur. Votre odyss\u00e9e cosmique commence ici.<\/p>\n<p>\u00c0 travers les \u00e9toiles scintillantes et l&rsquo;immensit\u00e9 de l&rsquo;inconnu, Cosmic Patterns vous embarque dans un voyage astral \u00e0 travers les constellations, chaque morceau d\u00e9voilant une couche plus profonde de l&rsquo;univers. De la lueur des galaxies lointaines au silence abyssal du vide, laissez-vous immerger dans les rythmes et les \u00e9nergies qui vibrent \u00e0 travers le cosmos.<\/p>\n<p>Ressentez le flux cosmique avec Astral Flow et laissez-vous emporter par le groove des galaxies avec Galactic Groove.<br \/>Assistez \u00e0 la naissance des \u00e9toiles dans Nebulae Rhythms et percez les secrets cach\u00e9s de l&rsquo;univers avec Secret Spice.<br \/>\u00c0 mesure que les constellations r\u00e9v\u00e8lent leurs motifs, vous croiserez des \u00eatres de lumi\u00e8re, surferez sur des vagues de poussi\u00e8re d\u2019\u00e9toiles et transcenderez les fronti\u00e8res du temps et de l\u2019espace.<\/p>\n<p>Ce n\u2019est pas qu\u2019un simple album\u2014c\u2019est un voyage. Chaque morceau est un portail vers une nouvelle dimension, une plong\u00e9e plus profonde dans l\u2019infini. Laissez la musique vous guider \u00e0 travers cette danse c\u00e9leste, o\u00f9 les \u00e9toiles chantent et o\u00f9 l\u2019univers murmure ses v\u00e9rit\u00e9s.<\/p>\n<p>Pr\u00e9parez-vous au d\u00e9collage. L&rsquo;univers vous attend.<\/p>\n","protected":false},"excerpt":{"rendered":"<p>Ceci est l&rsquo;EDITION COLLECTOR PHYSIQUE (limit\u00e9e \u00e0 300 exemplaires)<\/p>\n<p>Le pack comprend :<br \/>\n&#8211; Le CD physique de Cosmic Patterns<br \/>\n&#8211; Une carte de t\u00e9l\u00e9chargement num\u00e9rique de Cosmic Patterns<br \/>\n&#8211; Le \u00ab\u00a0Kit de Cartographie\u00a0\u00bb : 4 stickers pour personnaliser la pochette et la rendre unique<br \/>\n&#8211; Un livret contenant les histoires d\u00e9taill\u00e9es de chaque morceau<\/p>\n","protected":false},"featured_media":1011,"comment_status":"open","ping_status":"closed","template":"","meta":{"_acf_changed":false},"product_brand":[],"product_cat":[26,29],"product_tag":[],"class_list":{"0":"post-1012","1":"product","2":"type-product","3":"status-publish","4":"has-post-thumbnail","6":"product_cat-albums","7":"product_cat-physical-albums","9":"first","10":"instock","11":"shipping-taxable","12":"purchasable","13":"product-type-simple","15":"catalog-layout-default","16":"columns-xs-1"},"acf":[],"yoast_head":"<!-- This site is optimized with the Yoast SEO plugin v26.9 - https:\/\/yoast.com\/product\/yoast-seo-wordpress\/ -->\n<title>Cosmic Patterns - EDITION PHYSIQUE COLLECTOR - Tom Vaylo<\/title>\n<meta name=\"robots\" content=\"index, follow, max-snippet:-1, max-image-preview:large, max-video-preview:-1\" \/>\n<link rel=\"canonical\" href=\"https:\/\/tomvaylo.com\/fr\/produit\/cosmic-patterns-edition-physique-collector\/\" \/>\n<meta property=\"og:locale\" content=\"fr_FR\" \/>\n<meta property=\"og:type\" content=\"article\" \/>\n<meta property=\"og:title\" content=\"Cosmic Patterns - EDITION PHYSIQUE COLLECTOR - Tom Vaylo\" \/>\n<meta property=\"og:description\" content=\"Ceci est l&#039;EDITION COLLECTOR PHYSIQUE (limit\u00e9e \u00e0 300 exemplaires) Le pack comprend : - Le CD physique de Cosmic Patterns - Une carte de t\u00e9l\u00e9chargement num\u00e9rique de Cosmic Patterns - Le &quot;Kit de Cartographie&quot; : 4 stickers pour personnaliser la pochette et la rendre unique - Un livret contenant les histoires d\u00e9taill\u00e9es de chaque morceau\" \/>\n<meta property=\"og:url\" content=\"https:\/\/tomvaylo.com\/fr\/produit\/cosmic-patterns-edition-physique-collector\/\" \/>\n<meta property=\"og:site_name\" content=\"Tom Vaylo\" \/>\n<meta property=\"article:publisher\" content=\"https:\/\/www.facebook.com\/tomvaylo\" \/>\n<meta property=\"og:image\" content=\"https:\/\/tomvaylo.com\/wp-content\/uploads\/2025\/03\/VF9A7915.jpg\" \/>\n\t<meta property=\"og:image:width\" content=\"1000\" \/>\n\t<meta property=\"og:image:height\" content=\"1000\" \/>\n\t<meta property=\"og:image:type\" content=\"image\/jpeg\" \/>\n<meta name=\"twitter:card\" content=\"summary_large_image\" \/>\n<meta name=\"twitter:label1\" content=\"Dur\u00e9e de lecture estim\u00e9e\" \/>\n\t<meta name=\"twitter:data1\" content=\"1 minute\" \/>\n<script type=\"application\/ld+json\" class=\"yoast-schema-graph\">{\"@context\":\"https:\/\/schema.org\",\"@graph\":[{\"@type\":\"WebPage\",\"@id\":\"https:\/\/tomvaylo.com\/fr\/produit\/cosmic-patterns-edition-physique-collector\/\",\"url\":\"https:\/\/tomvaylo.com\/fr\/produit\/cosmic-patterns-edition-physique-collector\/\",\"name\":\"Cosmic Patterns - EDITION PHYSIQUE COLLECTOR - Tom Vaylo\",\"isPartOf\":{\"@id\":\"https:\/\/tomvaylo.com\/fr\/#website\"},\"primaryImageOfPage\":{\"@id\":\"https:\/\/tomvaylo.com\/fr\/produit\/cosmic-patterns-edition-physique-collector\/#primaryimage\"},\"image\":{\"@id\":\"https:\/\/tomvaylo.com\/fr\/produit\/cosmic-patterns-edition-physique-collector\/#primaryimage\"},\"thumbnailUrl\":\"https:\/\/tomvaylo.com\/wp-content\/uploads\/2025\/03\/VF9A7915.jpg\",\"datePublished\":\"2025-03-05T12:41:44+00:00\",\"breadcrumb\":{\"@id\":\"https:\/\/tomvaylo.com\/fr\/produit\/cosmic-patterns-edition-physique-collector\/#breadcrumb\"},\"inLanguage\":\"fr-FR\",\"potentialAction\":[{\"@type\":\"ReadAction\",\"target\":[\"https:\/\/tomvaylo.com\/fr\/produit\/cosmic-patterns-edition-physique-collector\/\"]}]},{\"@type\":\"ImageObject\",\"inLanguage\":\"fr-FR\",\"@id\":\"https:\/\/tomvaylo.com\/fr\/produit\/cosmic-patterns-edition-physique-collector\/#primaryimage\",\"url\":\"https:\/\/tomvaylo.com\/wp-content\/uploads\/2025\/03\/VF9A7915.jpg\",\"contentUrl\":\"https:\/\/tomvaylo.com\/wp-content\/uploads\/2025\/03\/VF9A7915.jpg\",\"width\":1000,\"height\":1000},{\"@type\":\"BreadcrumbList\",\"@id\":\"https:\/\/tomvaylo.com\/fr\/produit\/cosmic-patterns-edition-physique-collector\/#breadcrumb\",\"itemListElement\":[{\"@type\":\"ListItem\",\"position\":1,\"name\":\"Home\",\"item\":\"https:\/\/tomvaylo.com\/fr\/\"},{\"@type\":\"ListItem\",\"position\":2,\"name\":\"Boutique\",\"item\":\"https:\/\/tomvaylo.com\/shop\/\"},{\"@type\":\"ListItem\",\"position\":3,\"name\":\"Cosmic Patterns &#8211; EDITION PHYSIQUE COLLECTOR\"}]},{\"@type\":\"WebSite\",\"@id\":\"https:\/\/tomvaylo.com\/fr\/#website\",\"url\":\"https:\/\/tomvaylo.com\/fr\/\",\"name\":\"Tom Vaylo\",\"description\":\"Handpan electro chillout\",\"publisher\":{\"@id\":\"https:\/\/tomvaylo.com\/fr\/#\/schema\/person\/8794eff11bdd772b4ab3e884b744b512\"},\"potentialAction\":[{\"@type\":\"SearchAction\",\"target\":{\"@type\":\"EntryPoint\",\"urlTemplate\":\"https:\/\/tomvaylo.com\/fr\/?s={search_term_string}\"},\"query-input\":{\"@type\":\"PropertyValueSpecification\",\"valueRequired\":true,\"valueName\":\"search_term_string\"}}],\"inLanguage\":\"fr-FR\"},{\"@type\":[\"Person\",\"Organization\"],\"@id\":\"https:\/\/tomvaylo.com\/fr\/#\/schema\/person\/8794eff11bdd772b4ab3e884b744b512\",\"name\":\"TomVaylo\",\"image\":{\"@type\":\"ImageObject\",\"inLanguage\":\"fr-FR\",\"@id\":\"https:\/\/tomvaylo.com\/fr\/#\/schema\/person\/image\/\",\"url\":\"https:\/\/tomvaylo.com\/wp-content\/uploads\/2025\/08\/tomvaylo.png\",\"contentUrl\":\"https:\/\/tomvaylo.com\/wp-content\/uploads\/2025\/08\/tomvaylo.png\",\"width\":416,\"height\":183,\"caption\":\"TomVaylo\"},\"logo\":{\"@id\":\"https:\/\/tomvaylo.com\/fr\/#\/schema\/person\/image\/\"},\"description\":\"Tom Vaylo embodies the fusion of handpan (Hang) with magnetic electronic beats in a unique trip\/hop, dub and world musical trip. Creative traveler and sound crafter, he had the opportunity throughout his 3 albums to collaborate with many musicians and perform- ers (flute, trumpet, saxophone, dance,...) ; and to present live with them his project all around Europe (France, Belgium, UK, Hungary). Musician since his very young age (flute, guitar, saxophone,...) and french handpan pioneer, Tom Vaylo has settled since 2007 his place in the handpan players community. Not only did he played in the most famous handpan festivals (Handpan Festival, HangOut UK, HUG festival,...), he also shared music and handpan playing lessons in the \u201cLearn from the Best\u201d serie on MasterTheHandpan, as well as in his own association in Lyon and in several international workshops (Handpan Academy, le RDV du Hang, ...).\",\"sameAs\":[\"https:\/\/www.tomvaylo.com\",\"https:\/\/www.facebook.com\/tomvaylo\",\"https:\/\/www.instagram.com\/tom_vaylo\"]}]}<\/script>\n<!-- \/ Yoast SEO plugin. -->","yoast_head_json":{"title":"Cosmic Patterns - EDITION PHYSIQUE COLLECTOR - Tom Vaylo","robots":{"index":"index","follow":"follow","max-snippet":"max-snippet:-1","max-image-preview":"max-image-preview:large","max-video-preview":"max-video-preview:-1"},"canonical":"https:\/\/tomvaylo.com\/fr\/produit\/cosmic-patterns-edition-physique-collector\/","og_locale":"fr_FR","og_type":"article","og_title":"Cosmic Patterns - EDITION PHYSIQUE COLLECTOR - Tom Vaylo","og_description":"Ceci est l'EDITION COLLECTOR PHYSIQUE (limit\u00e9e \u00e0 300 exemplaires) Le pack comprend : - Le CD physique de Cosmic Patterns - Une carte de t\u00e9l\u00e9chargement num\u00e9rique de Cosmic Patterns - Le \"Kit de Cartographie\" : 4 stickers pour personnaliser la pochette et la rendre unique - Un livret contenant les histoires d\u00e9taill\u00e9es de chaque morceau","og_url":"https:\/\/tomvaylo.com\/fr\/produit\/cosmic-patterns-edition-physique-collector\/","og_site_name":"Tom Vaylo","article_publisher":"https:\/\/www.facebook.com\/tomvaylo","og_image":[{"width":1000,"height":1000,"url":"https:\/\/tomvaylo.com\/wp-content\/uploads\/2025\/03\/VF9A7915.jpg","type":"image\/jpeg"}],"twitter_card":"summary_large_image","twitter_misc":{"Dur\u00e9e de lecture estim\u00e9e":"1 minute"},"schema":{"@context":"https:\/\/schema.org","@graph":[{"@type":"WebPage","@id":"https:\/\/tomvaylo.com\/fr\/produit\/cosmic-patterns-edition-physique-collector\/","url":"https:\/\/tomvaylo.com\/fr\/produit\/cosmic-patterns-edition-physique-collector\/","name":"Cosmic Patterns - EDITION PHYSIQUE COLLECTOR - Tom Vaylo","isPartOf":{"@id":"https:\/\/tomvaylo.com\/fr\/#website"},"primaryImageOfPage":{"@id":"https:\/\/tomvaylo.com\/fr\/produit\/cosmic-patterns-edition-physique-collector\/#primaryimage"},"image":{"@id":"https:\/\/tomvaylo.com\/fr\/produit\/cosmic-patterns-edition-physique-collector\/#primaryimage"},"thumbnailUrl":"https:\/\/tomvaylo.com\/wp-content\/uploads\/2025\/03\/VF9A7915.jpg","datePublished":"2025-03-05T12:41:44+00:00","breadcrumb":{"@id":"https:\/\/tomvaylo.com\/fr\/produit\/cosmic-patterns-edition-physique-collector\/#breadcrumb"},"inLanguage":"fr-FR","potentialAction":[{"@type":"ReadAction","target":["https:\/\/tomvaylo.com\/fr\/produit\/cosmic-patterns-edition-physique-collector\/"]}]},{"@type":"ImageObject","inLanguage":"fr-FR","@id":"https:\/\/tomvaylo.com\/fr\/produit\/cosmic-patterns-edition-physique-collector\/#primaryimage","url":"https:\/\/tomvaylo.com\/wp-content\/uploads\/2025\/03\/VF9A7915.jpg","contentUrl":"https:\/\/tomvaylo.com\/wp-content\/uploads\/2025\/03\/VF9A7915.jpg","width":1000,"height":1000},{"@type":"BreadcrumbList","@id":"https:\/\/tomvaylo.com\/fr\/produit\/cosmic-patterns-edition-physique-collector\/#breadcrumb","itemListElement":[{"@type":"ListItem","position":1,"name":"Home","item":"https:\/\/tomvaylo.com\/fr\/"},{"@type":"ListItem","position":2,"name":"Boutique","item":"https:\/\/tomvaylo.com\/shop\/"},{"@type":"ListItem","position":3,"name":"Cosmic Patterns &#8211; EDITION PHYSIQUE COLLECTOR"}]},{"@type":"WebSite","@id":"https:\/\/tomvaylo.com\/fr\/#website","url":"https:\/\/tomvaylo.com\/fr\/","name":"Tom Vaylo","description":"Handpan electro chillout","publisher":{"@id":"https:\/\/tomvaylo.com\/fr\/#\/schema\/person\/8794eff11bdd772b4ab3e884b744b512"},"potentialAction":[{"@type":"SearchAction","target":{"@type":"EntryPoint","urlTemplate":"https:\/\/tomvaylo.com\/fr\/?s={search_term_string}"},"query-input":{"@type":"PropertyValueSpecification","valueRequired":true,"valueName":"search_term_string"}}],"inLanguage":"fr-FR"},{"@type":["Person","Organization"],"@id":"https:\/\/tomvaylo.com\/fr\/#\/schema\/person\/8794eff11bdd772b4ab3e884b744b512","name":"TomVaylo","image":{"@type":"ImageObject","inLanguage":"fr-FR","@id":"https:\/\/tomvaylo.com\/fr\/#\/schema\/person\/image\/","url":"https:\/\/tomvaylo.com\/wp-content\/uploads\/2025\/08\/tomvaylo.png","contentUrl":"https:\/\/tomvaylo.com\/wp-content\/uploads\/2025\/08\/tomvaylo.png","width":416,"height":183,"caption":"TomVaylo"},"logo":{"@id":"https:\/\/tomvaylo.com\/fr\/#\/schema\/person\/image\/"},"description":"Tom Vaylo embodies the fusion of handpan (Hang) with magnetic electronic beats in a unique trip\/hop, dub and world musical trip. Creative traveler and sound crafter, he had the opportunity throughout his 3 albums to collaborate with many musicians and perform- ers (flute, trumpet, saxophone, dance,...) ; and to present live with them his project all around Europe (France, Belgium, UK, Hungary). Musician since his very young age (flute, guitar, saxophone,...) and french handpan pioneer, Tom Vaylo has settled since 2007 his place in the handpan players community. Not only did he played in the most famous handpan festivals (Handpan Festival, HangOut UK, HUG festival,...), he also shared music and handpan playing lessons in the \u201cLearn from the Best\u201d serie on MasterTheHandpan, as well as in his own association in Lyon and in several international workshops (Handpan Academy, le RDV du Hang, ...).","sameAs":["https:\/\/www.tomvaylo.com","https:\/\/www.facebook.com\/tomvaylo","https:\/\/www.instagram.com\/tom_vaylo"]}]}},"_links":{"self":[{"href":"https:\/\/tomvaylo.com\/fr\/wp-json\/wp\/v2\/product\/1012","targetHints":{"allow":["GET"]}}],"collection":[{"href":"https:\/\/tomvaylo.com\/fr\/wp-json\/wp\/v2\/product"}],"about":[{"href":"https:\/\/tomvaylo.com\/fr\/wp-json\/wp\/v2\/types\/product"}],"replies":[{"embeddable":true,"href":"https:\/\/tomvaylo.com\/fr\/wp-json\/wp\/v2\/comments?post=1012"}],"wp:featuredmedia":[{"embeddable":true,"href":"https:\/\/tomvaylo.com\/fr\/wp-json\/wp\/v2\/media\/1011"}],"wp:attachment":[{"href":"https:\/\/tomvaylo.com\/fr\/wp-json\/wp\/v2\/media?parent=1012"}],"wp:term":[{"taxonomy":"product_brand","embeddable":true,"href":"https:\/\/tomvaylo.com\/fr\/wp-json\/wp\/v2\/product_brand?post=1012"},{"taxonomy":"product_cat","embeddable":true,"href":"https:\/\/tomvaylo.com\/fr\/wp-json\/wp\/v2\/product_cat?post=1012"},{"taxonomy":"product_tag","embeddable":true,"href":"https:\/\/tomvaylo.com\/fr\/wp-json\/wp\/v2\/product_tag?post=1012"}],"curies":[{"name":"wp","href":"https:\/\/api.w.org\/{rel}","templated":true}]}}