{"id":1100,"date":"2025-03-12T10:20:57","date_gmt":"2025-03-12T10:20:57","guid":{"rendered":"https:\/\/tomvaylo.com\/?post_type=product&#038;p=1100"},"modified":"2025-12-05T15:16:34","modified_gmt":"2025-12-05T15:16:34","slug":"atelier-stage-handpan-lyon-06-09-2025","status":"publish","type":"product","link":"https:\/\/tomvaylo.com\/fr\/produit\/atelier-stage-handpan-lyon-06-09-2025\/","title":{"rendered":"Atelier \/ stage de handpan \u00e0 Lyon &#8211; 06\/09\/2025"},"content":{"rendered":"<h3>Atelier \/ Stage de Handpan \u00e0 Lyon<\/h3>\n<h3>L&rsquo;ATELIER\u00a0 DU 6\/09 EST COMPLET !<\/h3>\n<p>Offrez ou offrez-vous un moment de partage et de progression en groupe lors d&rsquo;une journ\u00e9e d&rsquo;atelier \/ stage de handpan \u00e0 Lyon !<br \/>\nFaites confiance \u00e0 un musicien recconu pour d\u00e9couvrir la magie de cet instrument, et apprendre \u00e0 vous exprimer en musique !<\/p>\n<p>Cet atelier \/ stage de handpan \u00e0 Lyon est anim\u00e9 par Tom Vaylo, professeur de Handpan depuis 12 ans, musicien depuis 30 ans (7 albums), et passionn\u00e9 de p\u00e9dagogie et de transmission. Durant ces derni\u00e8res ann\u00e9es, Tom a d\u00e9velopp\u00e9 une m\u00e9thode unique d&rsquo;apprentissage du handpan, bas\u00e9e sur une approche ludique et p\u00e9dagogique, r\u00e9fl\u00e9chie, \u00e9prouv\u00e9e et efficace.<\/p>\n<p>Ce stage d&rsquo;une journ\u00e9e comprend :<\/p>\n<ul>\n<li>Une journ\u00e9e enti\u00e8re d&rsquo;immersion dans le monde du handpan en groupe intimiste (9 personnes maximum)<\/li>\n<li>Le pr\u00eat d&rsquo;un handpan si n\u00e9cessaire<\/li>\n<li>La possibilit\u00e9 d&rsquo;essayer de nombreux handpans de fabricants et de mat\u00e9riaux diff\u00e9rents<\/li>\n<li>L&rsquo;apprentissage de toutes les bases n\u00e9cessaires pour pouvoir d\u00e9buter sa pratique sereinement et efficacement<\/li>\n<li>La d\u00e9couverte du jeu en groupe, o\u00f9 vous apprendrez \u00e0 vous exprimer et discuter en musique \u00e0 plusieurs, m\u00eame sans connaissances en solf\u00e8ge<\/li>\n<li>Un programme p\u00e9dagogique \u00e9tudi\u00e9 et efficace, sous forme de mini-ateliers, toujours adapt\u00e9s aux besoins et envies des participants, qui met en avant le plaisir ludique tout en transmettant des bases solides<\/li>\n<li>Des conseils d&rsquo;achats, avec parfois des instruments d&rsquo;occasion disponibles sur place \u00e0 la vente<\/li>\n<li>Des moments privil\u00e9gies pour chacun avec Tom afin de pouvoir avancer \u00e0 son rythme<\/li>\n<li>Et bien s\u00fbr, beaucoup de plaisir, de partage, de bonne humeur<\/li>\n<\/ul>\n<p>Vous vivrez au cours de cette journ\u00e9e une v\u00e9ritable exp\u00e9rience, unique et inoubliable, et repartirez avec assez de connaissances et de pratique pour pouvoir jouer quelques m\u00e9lodies au handpan, et comprendre la musique d&rsquo;une autre mani\u00e8re !<\/p>\n<p>Liens utiles :<\/p>\n<p><a href=\"https:\/\/tomvaylo.com\/fr\/ateliers-stages\/\">Retrouvez ici toutes les dates de stages<\/a><br \/>\n<a href=\"https:\/\/tomvaylo.com\/fr\/cours\/\">D\u00e9couvrez le format Cours \/ Initiations individuel<\/a><br \/>\n<a href=\"https:\/\/tomvaylo.com\/fr\/bio\/\">En savoir plus sur Tom<\/a><br \/>\n<a href=\"https:\/\/tomvaylo.com\/fr\/pre-sauvegarder-mes-prochains-titres\/\">Ecoutez le dernier album de Tom<\/a><br \/>\n<a href=\"https:\/\/www.youtube.com\/tomvaylo\">Retrouvez Tom sur Youtube<\/a><\/p>\n<p>&nbsp;<\/p>\n","protected":false},"excerpt":{"rendered":"<p>Offrez ou offrez-vous un moment de partage et de progression en groupe lors d&rsquo;une journ\u00e9e d&rsquo;ateliers d\u00e9di\u00e9e au Handpan !<\/p>\n<p>Venez d\u00e9couvrir la magie de cet instrument, et apprendre \u00e0 vous exprimer en musique !<\/p>\n<p>Apprivoisez les bases du toucher, d\u00e9couvrez vos premi\u00e8res m\u00e9lodies, testez plusieurs instruments diff\u00e9rents de fabricants reconnus, et plongez dans le monde merveilleux du handpan \u00e0 plusieurs !<\/p>\n<p>Aucun connaissance en musique ou en solf\u00e8ge n&rsquo;est n\u00e9cessaire pour ce stage, et il est possible de vous pr\u00eater un instrument sur place.<\/p>\n<p>Le stage aura lieu le 06\/09 sur la journ\u00e9e enti\u00e8re, de 10h \u00e0 18h.<\/p>\n<p>Merci de pr\u00e9ciser lors de la commande si vous avez votre instrument ou si vous souhaitez en avoir un en pr\u00eat.<\/p>\n<p>&nbsp;<\/p>\n","protected":false},"featured_media":1519,"comment_status":"open","ping_status":"closed","template":"","meta":{"_acf_changed":false},"product_brand":[],"product_cat":[30],"product_tag":[],"class_list":{"0":"post-1100","1":"product","2":"type-product","3":"status-publish","4":"has-post-thumbnail","6":"product_cat-handpan-lessons","8":"first","9":"outofstock","10":"virtual","11":"purchasable","12":"product-type-simple","14":"catalog-layout-default","15":"columns-xs-1"},"acf":[],"yoast_head":"<!-- This site is optimized with the Yoast SEO plugin v26.9 - https:\/\/yoast.com\/product\/yoast-seo-wordpress\/ -->\n<title>Atelier \/ stage de handpan \u00e0 Lyon - 06\/09\/2025 - Tom Vaylo<\/title>\n<meta name=\"description\" content=\"Atelier \/ stage de Handpan \u00e0 Lyon, anim\u00e9 par Tom Vaylo, professeur de Handpan depuis 12 ans, musicien depuis 30 ans (7 albums)\" \/>\n<meta name=\"robots\" content=\"index, follow, max-snippet:-1, max-image-preview:large, max-video-preview:-1\" \/>\n<link rel=\"canonical\" href=\"https:\/\/tomvaylo.com\/fr\/produit\/atelier-stage-handpan-lyon-06-09-2025\/\" \/>\n<meta property=\"og:locale\" content=\"fr_FR\" \/>\n<meta property=\"og:type\" content=\"article\" \/>\n<meta property=\"og:title\" content=\"Atelier \/ stage de handpan \u00e0 Lyon - 06\/09\/2025 - Tom Vaylo\" \/>\n<meta property=\"og:description\" content=\"Atelier \/ stage de Handpan \u00e0 Lyon, anim\u00e9 par Tom Vaylo, professeur de Handpan depuis 12 ans, musicien depuis 30 ans (7 albums)\" \/>\n<meta property=\"og:url\" content=\"https:\/\/tomvaylo.com\/fr\/produit\/atelier-stage-handpan-lyon-06-09-2025\/\" \/>\n<meta property=\"og:site_name\" content=\"Tom Vaylo\" \/>\n<meta property=\"article:publisher\" content=\"https:\/\/www.facebook.com\/tomvaylo\" \/>\n<meta property=\"article:modified_time\" content=\"2025-12-05T15:16:34+00:00\" \/>\n<meta property=\"og:image\" content=\"https:\/\/tomvaylo.com\/wp-content\/uploads\/2025\/03\/ateliers-2025-2026.jpg\" \/>\n\t<meta property=\"og:image:width\" content=\"548\" \/>\n\t<meta property=\"og:image:height\" content=\"685\" \/>\n\t<meta property=\"og:image:type\" content=\"image\/jpeg\" \/>\n<meta name=\"twitter:card\" content=\"summary_large_image\" \/>\n<meta name=\"twitter:label1\" content=\"Dur\u00e9e de lecture estim\u00e9e\" \/>\n\t<meta name=\"twitter:data1\" content=\"2 minutes\" \/>\n<script type=\"application\/ld+json\" class=\"yoast-schema-graph\">{\"@context\":\"https:\/\/schema.org\",\"@graph\":[{\"@type\":\"WebPage\",\"@id\":\"https:\/\/tomvaylo.com\/fr\/produit\/atelier-stage-handpan-lyon-06-09-2025\/\",\"url\":\"https:\/\/tomvaylo.com\/fr\/produit\/atelier-stage-handpan-lyon-06-09-2025\/\",\"name\":\"Atelier \/ stage de handpan \u00e0 Lyon - 06\/09\/2025 - Tom Vaylo\",\"isPartOf\":{\"@id\":\"https:\/\/tomvaylo.com\/fr\/#website\"},\"primaryImageOfPage\":{\"@id\":\"https:\/\/tomvaylo.com\/fr\/produit\/atelier-stage-handpan-lyon-06-09-2025\/#primaryimage\"},\"image\":{\"@id\":\"https:\/\/tomvaylo.com\/fr\/produit\/atelier-stage-handpan-lyon-06-09-2025\/#primaryimage\"},\"thumbnailUrl\":\"https:\/\/tomvaylo.com\/wp-content\/uploads\/2025\/03\/ateliers-2025-2026.jpg\",\"datePublished\":\"2025-03-12T10:20:57+00:00\",\"dateModified\":\"2025-12-05T15:16:34+00:00\",\"description\":\"Atelier \/ stage de Handpan \u00e0 Lyon, anim\u00e9 par Tom Vaylo, professeur de Handpan depuis 12 ans, musicien depuis 30 ans (7 albums)\",\"breadcrumb\":{\"@id\":\"https:\/\/tomvaylo.com\/fr\/produit\/atelier-stage-handpan-lyon-06-09-2025\/#breadcrumb\"},\"inLanguage\":\"fr-FR\",\"potentialAction\":[{\"@type\":\"ReadAction\",\"target\":[\"https:\/\/tomvaylo.com\/fr\/produit\/atelier-stage-handpan-lyon-06-09-2025\/\"]}]},{\"@type\":\"ImageObject\",\"inLanguage\":\"fr-FR\",\"@id\":\"https:\/\/tomvaylo.com\/fr\/produit\/atelier-stage-handpan-lyon-06-09-2025\/#primaryimage\",\"url\":\"https:\/\/tomvaylo.com\/wp-content\/uploads\/2025\/03\/ateliers-2025-2026.jpg\",\"contentUrl\":\"https:\/\/tomvaylo.com\/wp-content\/uploads\/2025\/03\/ateliers-2025-2026.jpg\",\"width\":548,\"height\":685,\"caption\":\"Atelier \/ Stage Handpan \u00e0 Lyon\"},{\"@type\":\"BreadcrumbList\",\"@id\":\"https:\/\/tomvaylo.com\/fr\/produit\/atelier-stage-handpan-lyon-06-09-2025\/#breadcrumb\",\"itemListElement\":[{\"@type\":\"ListItem\",\"position\":1,\"name\":\"Home\",\"item\":\"https:\/\/tomvaylo.com\/fr\/\"},{\"@type\":\"ListItem\",\"position\":2,\"name\":\"Boutique\",\"item\":\"https:\/\/tomvaylo.com\/shop\/\"},{\"@type\":\"ListItem\",\"position\":3,\"name\":\"Atelier \/ stage de handpan \u00e0 Lyon &#8211; 06\/09\/2025\"}]},{\"@type\":\"WebSite\",\"@id\":\"https:\/\/tomvaylo.com\/fr\/#website\",\"url\":\"https:\/\/tomvaylo.com\/fr\/\",\"name\":\"Tom Vaylo\",\"description\":\"Handpan electro chillout\",\"publisher\":{\"@id\":\"https:\/\/tomvaylo.com\/fr\/#\/schema\/person\/8794eff11bdd772b4ab3e884b744b512\"},\"potentialAction\":[{\"@type\":\"SearchAction\",\"target\":{\"@type\":\"EntryPoint\",\"urlTemplate\":\"https:\/\/tomvaylo.com\/fr\/?s={search_term_string}\"},\"query-input\":{\"@type\":\"PropertyValueSpecification\",\"valueRequired\":true,\"valueName\":\"search_term_string\"}}],\"inLanguage\":\"fr-FR\"},{\"@type\":[\"Person\",\"Organization\"],\"@id\":\"https:\/\/tomvaylo.com\/fr\/#\/schema\/person\/8794eff11bdd772b4ab3e884b744b512\",\"name\":\"TomVaylo\",\"image\":{\"@type\":\"ImageObject\",\"inLanguage\":\"fr-FR\",\"@id\":\"https:\/\/tomvaylo.com\/fr\/#\/schema\/person\/image\/\",\"url\":\"https:\/\/tomvaylo.com\/wp-content\/uploads\/2025\/08\/tomvaylo.png\",\"contentUrl\":\"https:\/\/tomvaylo.com\/wp-content\/uploads\/2025\/08\/tomvaylo.png\",\"width\":416,\"height\":183,\"caption\":\"TomVaylo\"},\"logo\":{\"@id\":\"https:\/\/tomvaylo.com\/fr\/#\/schema\/person\/image\/\"},\"description\":\"Tom Vaylo embodies the fusion of handpan (Hang) with magnetic electronic beats in a unique trip\/hop, dub and world musical trip. Creative traveler and sound crafter, he had the opportunity throughout his 3 albums to collaborate with many musicians and perform- ers (flute, trumpet, saxophone, dance,...) ; and to present live with them his project all around Europe (France, Belgium, UK, Hungary). Musician since his very young age (flute, guitar, saxophone,...) and french handpan pioneer, Tom Vaylo has settled since 2007 his place in the handpan players community. Not only did he played in the most famous handpan festivals (Handpan Festival, HangOut UK, HUG festival,...), he also shared music and handpan playing lessons in the \u201cLearn from the Best\u201d serie on MasterTheHandpan, as well as in his own association in Lyon and in several international workshops (Handpan Academy, le RDV du Hang, ...).\",\"sameAs\":[\"https:\/\/www.tomvaylo.com\",\"https:\/\/www.facebook.com\/tomvaylo\",\"https:\/\/www.instagram.com\/tom_vaylo\"]}]}<\/script>\n<!-- \/ Yoast SEO plugin. -->","yoast_head_json":{"title":"Atelier \/ stage de handpan \u00e0 Lyon - 06\/09\/2025 - Tom Vaylo","description":"Atelier \/ stage de Handpan \u00e0 Lyon, anim\u00e9 par Tom Vaylo, professeur de Handpan depuis 12 ans, musicien depuis 30 ans (7 albums)","robots":{"index":"index","follow":"follow","max-snippet":"max-snippet:-1","max-image-preview":"max-image-preview:large","max-video-preview":"max-video-preview:-1"},"canonical":"https:\/\/tomvaylo.com\/fr\/produit\/atelier-stage-handpan-lyon-06-09-2025\/","og_locale":"fr_FR","og_type":"article","og_title":"Atelier \/ stage de handpan \u00e0 Lyon - 06\/09\/2025 - Tom Vaylo","og_description":"Atelier \/ stage de Handpan \u00e0 Lyon, anim\u00e9 par Tom Vaylo, professeur de Handpan depuis 12 ans, musicien depuis 30 ans (7 albums)","og_url":"https:\/\/tomvaylo.com\/fr\/produit\/atelier-stage-handpan-lyon-06-09-2025\/","og_site_name":"Tom Vaylo","article_publisher":"https:\/\/www.facebook.com\/tomvaylo","article_modified_time":"2025-12-05T15:16:34+00:00","og_image":[{"width":548,"height":685,"url":"https:\/\/tomvaylo.com\/wp-content\/uploads\/2025\/03\/ateliers-2025-2026.jpg","type":"image\/jpeg"}],"twitter_card":"summary_large_image","twitter_misc":{"Dur\u00e9e de lecture estim\u00e9e":"2 minutes"},"schema":{"@context":"https:\/\/schema.org","@graph":[{"@type":"WebPage","@id":"https:\/\/tomvaylo.com\/fr\/produit\/atelier-stage-handpan-lyon-06-09-2025\/","url":"https:\/\/tomvaylo.com\/fr\/produit\/atelier-stage-handpan-lyon-06-09-2025\/","name":"Atelier \/ stage de handpan \u00e0 Lyon - 06\/09\/2025 - Tom Vaylo","isPartOf":{"@id":"https:\/\/tomvaylo.com\/fr\/#website"},"primaryImageOfPage":{"@id":"https:\/\/tomvaylo.com\/fr\/produit\/atelier-stage-handpan-lyon-06-09-2025\/#primaryimage"},"image":{"@id":"https:\/\/tomvaylo.com\/fr\/produit\/atelier-stage-handpan-lyon-06-09-2025\/#primaryimage"},"thumbnailUrl":"https:\/\/tomvaylo.com\/wp-content\/uploads\/2025\/03\/ateliers-2025-2026.jpg","datePublished":"2025-03-12T10:20:57+00:00","dateModified":"2025-12-05T15:16:34+00:00","description":"Atelier \/ stage de Handpan \u00e0 Lyon, anim\u00e9 par Tom Vaylo, professeur de Handpan depuis 12 ans, musicien depuis 30 ans (7 albums)","breadcrumb":{"@id":"https:\/\/tomvaylo.com\/fr\/produit\/atelier-stage-handpan-lyon-06-09-2025\/#breadcrumb"},"inLanguage":"fr-FR","potentialAction":[{"@type":"ReadAction","target":["https:\/\/tomvaylo.com\/fr\/produit\/atelier-stage-handpan-lyon-06-09-2025\/"]}]},{"@type":"ImageObject","inLanguage":"fr-FR","@id":"https:\/\/tomvaylo.com\/fr\/produit\/atelier-stage-handpan-lyon-06-09-2025\/#primaryimage","url":"https:\/\/tomvaylo.com\/wp-content\/uploads\/2025\/03\/ateliers-2025-2026.jpg","contentUrl":"https:\/\/tomvaylo.com\/wp-content\/uploads\/2025\/03\/ateliers-2025-2026.jpg","width":548,"height":685,"caption":"Atelier \/ Stage Handpan \u00e0 Lyon"},{"@type":"BreadcrumbList","@id":"https:\/\/tomvaylo.com\/fr\/produit\/atelier-stage-handpan-lyon-06-09-2025\/#breadcrumb","itemListElement":[{"@type":"ListItem","position":1,"name":"Home","item":"https:\/\/tomvaylo.com\/fr\/"},{"@type":"ListItem","position":2,"name":"Boutique","item":"https:\/\/tomvaylo.com\/shop\/"},{"@type":"ListItem","position":3,"name":"Atelier \/ stage de handpan \u00e0 Lyon &#8211; 06\/09\/2025"}]},{"@type":"WebSite","@id":"https:\/\/tomvaylo.com\/fr\/#website","url":"https:\/\/tomvaylo.com\/fr\/","name":"Tom Vaylo","description":"Handpan electro chillout","publisher":{"@id":"https:\/\/tomvaylo.com\/fr\/#\/schema\/person\/8794eff11bdd772b4ab3e884b744b512"},"potentialAction":[{"@type":"SearchAction","target":{"@type":"EntryPoint","urlTemplate":"https:\/\/tomvaylo.com\/fr\/?s={search_term_string}"},"query-input":{"@type":"PropertyValueSpecification","valueRequired":true,"valueName":"search_term_string"}}],"inLanguage":"fr-FR"},{"@type":["Person","Organization"],"@id":"https:\/\/tomvaylo.com\/fr\/#\/schema\/person\/8794eff11bdd772b4ab3e884b744b512","name":"TomVaylo","image":{"@type":"ImageObject","inLanguage":"fr-FR","@id":"https:\/\/tomvaylo.com\/fr\/#\/schema\/person\/image\/","url":"https:\/\/tomvaylo.com\/wp-content\/uploads\/2025\/08\/tomvaylo.png","contentUrl":"https:\/\/tomvaylo.com\/wp-content\/uploads\/2025\/08\/tomvaylo.png","width":416,"height":183,"caption":"TomVaylo"},"logo":{"@id":"https:\/\/tomvaylo.com\/fr\/#\/schema\/person\/image\/"},"description":"Tom Vaylo embodies the fusion of handpan (Hang) with magnetic electronic beats in a unique trip\/hop, dub and world musical trip. Creative traveler and sound crafter, he had the opportunity throughout his 3 albums to collaborate with many musicians and perform- ers (flute, trumpet, saxophone, dance,...) ; and to present live with them his project all around Europe (France, Belgium, UK, Hungary). Musician since his very young age (flute, guitar, saxophone,...) and french handpan pioneer, Tom Vaylo has settled since 2007 his place in the handpan players community. Not only did he played in the most famous handpan festivals (Handpan Festival, HangOut UK, HUG festival,...), he also shared music and handpan playing lessons in the \u201cLearn from the Best\u201d serie on MasterTheHandpan, as well as in his own association in Lyon and in several international workshops (Handpan Academy, le RDV du Hang, ...).","sameAs":["https:\/\/www.tomvaylo.com","https:\/\/www.facebook.com\/tomvaylo","https:\/\/www.instagram.com\/tom_vaylo"]}]}},"_links":{"self":[{"href":"https:\/\/tomvaylo.com\/fr\/wp-json\/wp\/v2\/product\/1100","targetHints":{"allow":["GET"]}}],"collection":[{"href":"https:\/\/tomvaylo.com\/fr\/wp-json\/wp\/v2\/product"}],"about":[{"href":"https:\/\/tomvaylo.com\/fr\/wp-json\/wp\/v2\/types\/product"}],"replies":[{"embeddable":true,"href":"https:\/\/tomvaylo.com\/fr\/wp-json\/wp\/v2\/comments?post=1100"}],"wp:featuredmedia":[{"embeddable":true,"href":"https:\/\/tomvaylo.com\/fr\/wp-json\/wp\/v2\/media\/1519"}],"wp:attachment":[{"href":"https:\/\/tomvaylo.com\/fr\/wp-json\/wp\/v2\/media?parent=1100"}],"wp:term":[{"taxonomy":"product_brand","embeddable":true,"href":"https:\/\/tomvaylo.com\/fr\/wp-json\/wp\/v2\/product_brand?post=1100"},{"taxonomy":"product_cat","embeddable":true,"href":"https:\/\/tomvaylo.com\/fr\/wp-json\/wp\/v2\/product_cat?post=1100"},{"taxonomy":"product_tag","embeddable":true,"href":"https:\/\/tomvaylo.com\/fr\/wp-json\/wp\/v2\/product_tag?post=1100"}],"curies":[{"name":"wp","href":"https:\/\/api.w.org\/{rel}","templated":true}]}}