{"id":1536,"date":"2025-08-13T12:53:28","date_gmt":"2025-08-13T12:53:28","guid":{"rendered":"https:\/\/tomvaylo.com\/?post_type=product&#038;p=1536"},"modified":"2026-02-13T10:55:30","modified_gmt":"2026-02-13T10:55:30","slug":"stage-debutants-progression-handpan-a-lyon-14-02-2026","status":"publish","type":"product","link":"https:\/\/tomvaylo.com\/fr\/produit\/stage-debutants-progression-handpan-a-lyon-14-02-2026\/","title":{"rendered":"Stage d\u00e9butants \/ progression handpan \u00e0 Lyon &#8211; 14\/02\/2026"},"content":{"rendered":"<h3>Stage d\u00e9butants \/ progression Handpan \u00e0 Lyon &#8211; 14\/02\/2026<\/h3>\n<p>Offrez ou offrez-vous un moment de partage et de progression en groupe lors d&rsquo;une journ\u00e9e de stage d\u00e9butants \/ progression handpan \u00e0 Lyon !<br \/>\nFaites confiance \u00e0 un musicien et professeur reconnu pour d\u00e9velopper votre jeu et lib\u00e9rer votre expression musicale !<\/p>\n<p>Ce stage d\u00e9butants \/ progression handpan \u00e0 Lyon est anim\u00e9 par Tom Vaylo, professeur de Handpan depuis 12 ans, musicien depuis 30 ans (7 albums), et passionn\u00e9 de p\u00e9dagogie et de transmission. Durant ces derni\u00e8res ann\u00e9es, Tom a d\u00e9velopp\u00e9 une m\u00e9thode unique d&rsquo;apprentissage du handpan, bas\u00e9e sur une approche ludique et p\u00e9dagogique, r\u00e9fl\u00e9chie, \u00e9prouv\u00e9e et efficace.<\/p>\n<p>Ce stage d&rsquo;une journ\u00e9e comprend :<\/p>\n<ul>\n<li>Une journ\u00e9e enti\u00e8re de progression en immersion avec un groupe intimiste (9 personnes maximum)<\/li>\n<li>Le pr\u00eat d&rsquo;un handpan si n\u00e9cessaire<\/li>\n<li>La possibilit\u00e9 d&rsquo;essayer de nombreux handpans de fabricants et de mat\u00e9riaux diff\u00e9rents<\/li>\n<li>La d\u00e9couverte et la pratique de la m\u00e9thode de Tom pour le handpan, qui vous permettra de lib\u00e9rer facilement et efficacement votre jeu<\/li>\n<li>Un programme p\u00e9dagogique \u00e9tudi\u00e9 et efficace, sous forme de mini-ateliers, toujours adapt\u00e9s aux besoins et envies des participants, qui met en avant le plaisir ludique tout en transmettant des techniques solides<\/li>\n<li>Un travail sur l&rsquo;expression musicale \u00e0 plusieurs<\/li>\n<li>De nouveaux patterns et m\u00e9lodies bien s\u00fbr, mais surtout des concepts fort que vous pourrez r\u00e9utiliser dans vos propres compositions et avec nimporte quel pattern<\/li>\n<li>Des moments privil\u00e9gies pour chacun avec Tom afin de pouvoir avancer \u00e0 son rythme<\/li>\n<li>Et bien s\u00fbr, beaucoup de plaisir, de partage, de bonne humeur<\/li>\n<\/ul>\n<p>Le stage aura lieu de 10h \u00e0 18h au <a href=\"https:\/\/chanka-studio-lyon.fr\/\">Studio Chanka<\/a>, un lieu accueillant et enchanteur avec une \u00e2me puissante, d\u00e9di\u00e9e \u00e0 l&rsquo;art et au mouvement.<\/p>\n<p>Cette journ\u00e9e vous permettra d&rsquo;aborder le jeu au handpan sous un angle nouveau, tout en d\u00e9veloppant vos techniques et en d\u00e9couvrant de nouveaux concepts extr\u00eamement efficaces pour composer et improviser. Vous arr\u00eaterez de tourner en rond dans votre pratique, aurez les outils pour avancer plus vite et plus loin, et lib\u00e9rerez votre expression musicale au handpan !<\/p>\n<p>Liens utiles :<\/p>\n<p><a href=\"https:\/\/tomvaylo.com\/fr\/ateliers-stages\/\">Retrouvez ici toutes les dates de stages<\/a><br \/>\n<a href=\"https:\/\/tomvaylo.com\/fr\/cours\/\">D\u00e9couvrez le format Cours \/ Initiations individuel<\/a><br \/>\n<a href=\"https:\/\/tomvaylo.com\/fr\/bio\/\">En savoir plus sur Tom<\/a><br \/>\n<a href=\"https:\/\/tomvaylo.com\/fr\/pre-sauvegarder-mes-prochains-titres\/\">Ecoutez le dernier album de Tom<\/a><br \/>\n<a href=\"https:\/\/www.youtube.com\/tomvaylo\">Retrouvez Tom sur Youtube<\/a><\/p>\n","protected":false},"excerpt":{"rendered":"<p>Offrez ou offrez-vous un moment de partage et de progression en groupe lors d&rsquo;une journ\u00e9e handpan \u00e0 Lyon !<br \/>\nFaites confiance \u00e0 un musicien et professeur reconnu pour d\u00e9velopper votre jeu et lib\u00e9rer votre expression musicale.<\/p>\n<p>Ce stage est anim\u00e9 par Tom Vaylo, professeur de Handpan depuis 12 ans, musicien depuis 30 ans (7 albums), et passionn\u00e9 de p\u00e9dagogie et de transmission. Durant ces derni\u00e8res ann\u00e9es, Tom a d\u00e9velopp\u00e9 une m\u00e9thode unique d&rsquo;apprentissage du handpan, bas\u00e9e sur une approche ludique et p\u00e9dagogique, r\u00e9fl\u00e9chie, \u00e9prouv\u00e9e et efficace.<\/p>\n<hr \/>\n<p><strong>Ce stage d&rsquo;une journ\u00e9e comprend<\/strong> :<\/p>\n<ul>\n<li>Une journ\u00e9e enti\u00e8re de progression en immersion avec un groupe intimiste (9 personnes maximum)<\/li>\n<li>Le pr\u00eat d&rsquo;un handpan si n\u00e9cessaire<\/li>\n<li>La possibilit\u00e9 d&rsquo;essayer de nombreux handpans de fabricants et de mat\u00e9riaux diff\u00e9rents<\/li>\n<li>La d\u00e9couverte et la pratique de la m\u00e9thode de Tom pour le handpan, qui vous permettra de lib\u00e9rer facilement et efficacement votre jeu<\/li>\n<li>Un programme p\u00e9dagogique \u00e9tudi\u00e9 et efficace, sous forme de mini-ateliers, toujours adapt\u00e9s aux besoins et envies des participants, qui met en avant le plaisir ludique tout en transmettant des techniques solides<\/li>\n<li>Un travail sur l&rsquo;expression musicale \u00e0 plusieurs<\/li>\n<li>De nouveaux patterns et m\u00e9lodies bien s\u00fbr, mais surtout des concepts fort que vous pourrez r\u00e9utiliser dans vos propres compositions et avec nimporte quel pattern<\/li>\n<li>Des moments privil\u00e9gies pour chacun avec Tom afin de pouvoir avancer \u00e0 son rythme<\/li>\n<li>Et bien s\u00fbr, beaucoup de plaisir, de partage, de bonne humeur<\/li>\n<\/ul>\n<hr \/>\n<p>Le stage aura lieu de 10h \u00e0 18h au <a href=\"https:\/\/chanka-studio-lyon.fr\/\">Studio Chanka<\/a>, un lieu accueillant et enchanteur avec une \u00e2me puissante, d\u00e9di\u00e9e \u00e0 l&rsquo;art et au mouvement.<\/p>\n<p>Cette journ\u00e9e vous permettra d&rsquo;aborder le jeu au handpan sous un angle nouveau, tout en d\u00e9veloppant vos techniques et en d\u00e9couvrant de nouveaux concepts extr\u00eamement efficaces pour composer et improviser. Vous arr\u00eaterez de tourner en rond dans votre pratique, aurez les outils pour avancer plus vite et plus loin, et lib\u00e9rerez votre expression musicale au handpan !<\/p>\n<hr \/>\n<p>Liens utiles :<\/p>\n<p><a href=\"https:\/\/tomvaylo.com\/fr\/ateliers-stages\/\">Retrouvez ici toutes les dates de stages<\/a><br \/>\n<a href=\"https:\/\/tomvaylo.com\/fr\/cours\/\">D\u00e9couvrez le format Cours \/ Initiations individuel<\/a><br \/>\n<a href=\"https:\/\/tomvaylo.com\/fr\/bio\/\">En savoir plus sur Tom<\/a><br \/>\n<a href=\"https:\/\/tomvaylo.com\/fr\/pre-sauvegarder-mes-prochains-titres\/\">Ecoutez le dernier album de Tom<\/a><br \/>\n<a href=\"https:\/\/www.youtube.com\/tomvaylo\">Retrouvez Tom sur Youtube<\/a><\/p>\n","protected":false},"featured_media":1519,"comment_status":"open","ping_status":"closed","template":"","meta":{"_acf_changed":false},"product_brand":[],"product_cat":[30],"product_tag":[],"class_list":{"0":"post-1536","1":"product","2":"type-product","3":"status-publish","4":"has-post-thumbnail","6":"product_cat-handpan-lessons","8":"first","9":"instock","10":"virtual","11":"purchasable","12":"product-type-simple","14":"catalog-layout-default","15":"columns-xs-1"},"acf":[],"yoast_head":"<!-- This site is optimized with the Yoast SEO plugin v26.9 - https:\/\/yoast.com\/product\/yoast-seo-wordpress\/ -->\n<title>Stage d\u00e9butants \/ progression handpan \u00e0 Lyon - 14\/02\/2026 - Tom Vaylo<\/title>\n<meta name=\"description\" content=\"Stage d\u00e9butants \/ progression Handpan \u00e0 Lyon, anim\u00e9 par Tom Vaylo, professeur de Handpan depuis 12 ans, musicien depuis 30 ans (7 albums)\" \/>\n<meta name=\"robots\" content=\"index, follow, max-snippet:-1, max-image-preview:large, max-video-preview:-1\" \/>\n<link rel=\"canonical\" href=\"https:\/\/tomvaylo.com\/fr\/produit\/stage-debutants-progression-handpan-a-lyon-14-02-2026\/\" \/>\n<meta property=\"og:locale\" content=\"fr_FR\" \/>\n<meta property=\"og:type\" content=\"article\" \/>\n<meta property=\"og:title\" content=\"Stage d\u00e9butants \/ progression handpan \u00e0 Lyon - 14\/02\/2026 - Tom Vaylo\" \/>\n<meta property=\"og:description\" content=\"Stage d\u00e9butants \/ progression Handpan \u00e0 Lyon, anim\u00e9 par Tom Vaylo, professeur de Handpan depuis 12 ans, musicien depuis 30 ans (7 albums)\" \/>\n<meta property=\"og:url\" content=\"https:\/\/tomvaylo.com\/fr\/produit\/stage-debutants-progression-handpan-a-lyon-14-02-2026\/\" \/>\n<meta property=\"og:site_name\" content=\"Tom Vaylo\" \/>\n<meta property=\"article:publisher\" content=\"https:\/\/www.facebook.com\/tomvaylo\" \/>\n<meta property=\"article:modified_time\" content=\"2026-02-13T10:55:30+00:00\" \/>\n<meta property=\"og:image\" content=\"https:\/\/tomvaylo.com\/wp-content\/uploads\/2025\/03\/ateliers-2025-2026.jpg\" \/>\n\t<meta property=\"og:image:width\" content=\"548\" \/>\n\t<meta property=\"og:image:height\" content=\"685\" \/>\n\t<meta property=\"og:image:type\" content=\"image\/jpeg\" \/>\n<meta name=\"twitter:card\" content=\"summary_large_image\" \/>\n<meta name=\"twitter:label1\" content=\"Dur\u00e9e de lecture estim\u00e9e\" \/>\n\t<meta name=\"twitter:data1\" content=\"2 minutes\" \/>\n<script type=\"application\/ld+json\" class=\"yoast-schema-graph\">{\"@context\":\"https:\/\/schema.org\",\"@graph\":[{\"@type\":\"WebPage\",\"@id\":\"https:\/\/tomvaylo.com\/fr\/produit\/stage-debutants-progression-handpan-a-lyon-14-02-2026\/\",\"url\":\"https:\/\/tomvaylo.com\/fr\/produit\/stage-debutants-progression-handpan-a-lyon-14-02-2026\/\",\"name\":\"Stage d\u00e9butants \/ progression handpan \u00e0 Lyon - 14\/02\/2026 - Tom Vaylo\",\"isPartOf\":{\"@id\":\"https:\/\/tomvaylo.com\/fr\/#website\"},\"primaryImageOfPage\":{\"@id\":\"https:\/\/tomvaylo.com\/fr\/produit\/stage-debutants-progression-handpan-a-lyon-14-02-2026\/#primaryimage\"},\"image\":{\"@id\":\"https:\/\/tomvaylo.com\/fr\/produit\/stage-debutants-progression-handpan-a-lyon-14-02-2026\/#primaryimage\"},\"thumbnailUrl\":\"https:\/\/tomvaylo.com\/wp-content\/uploads\/2025\/03\/ateliers-2025-2026.jpg\",\"datePublished\":\"2025-08-13T12:53:28+00:00\",\"dateModified\":\"2026-02-13T10:55:30+00:00\",\"description\":\"Stage d\u00e9butants \/ progression Handpan \u00e0 Lyon, anim\u00e9 par Tom Vaylo, professeur de Handpan depuis 12 ans, musicien depuis 30 ans (7 albums)\",\"breadcrumb\":{\"@id\":\"https:\/\/tomvaylo.com\/fr\/produit\/stage-debutants-progression-handpan-a-lyon-14-02-2026\/#breadcrumb\"},\"inLanguage\":\"fr-FR\",\"potentialAction\":[{\"@type\":\"ReadAction\",\"target\":[\"https:\/\/tomvaylo.com\/fr\/produit\/stage-debutants-progression-handpan-a-lyon-14-02-2026\/\"]}]},{\"@type\":\"ImageObject\",\"inLanguage\":\"fr-FR\",\"@id\":\"https:\/\/tomvaylo.com\/fr\/produit\/stage-debutants-progression-handpan-a-lyon-14-02-2026\/#primaryimage\",\"url\":\"https:\/\/tomvaylo.com\/wp-content\/uploads\/2025\/03\/ateliers-2025-2026.jpg\",\"contentUrl\":\"https:\/\/tomvaylo.com\/wp-content\/uploads\/2025\/03\/ateliers-2025-2026.jpg\",\"width\":548,\"height\":685,\"caption\":\"Atelier \/ Stage Handpan \u00e0 Lyon\"},{\"@type\":\"BreadcrumbList\",\"@id\":\"https:\/\/tomvaylo.com\/fr\/produit\/stage-debutants-progression-handpan-a-lyon-14-02-2026\/#breadcrumb\",\"itemListElement\":[{\"@type\":\"ListItem\",\"position\":1,\"name\":\"Home\",\"item\":\"https:\/\/tomvaylo.com\/fr\/\"},{\"@type\":\"ListItem\",\"position\":2,\"name\":\"Boutique\",\"item\":\"https:\/\/tomvaylo.com\/shop\/\"},{\"@type\":\"ListItem\",\"position\":3,\"name\":\"Stage d\u00e9butants \/ progression handpan \u00e0 Lyon &#8211; 14\/02\/2026\"}]},{\"@type\":\"WebSite\",\"@id\":\"https:\/\/tomvaylo.com\/fr\/#website\",\"url\":\"https:\/\/tomvaylo.com\/fr\/\",\"name\":\"Tom Vaylo\",\"description\":\"Handpan electro chillout\",\"publisher\":{\"@id\":\"https:\/\/tomvaylo.com\/fr\/#\/schema\/person\/8794eff11bdd772b4ab3e884b744b512\"},\"potentialAction\":[{\"@type\":\"SearchAction\",\"target\":{\"@type\":\"EntryPoint\",\"urlTemplate\":\"https:\/\/tomvaylo.com\/fr\/?s={search_term_string}\"},\"query-input\":{\"@type\":\"PropertyValueSpecification\",\"valueRequired\":true,\"valueName\":\"search_term_string\"}}],\"inLanguage\":\"fr-FR\"},{\"@type\":[\"Person\",\"Organization\"],\"@id\":\"https:\/\/tomvaylo.com\/fr\/#\/schema\/person\/8794eff11bdd772b4ab3e884b744b512\",\"name\":\"TomVaylo\",\"image\":{\"@type\":\"ImageObject\",\"inLanguage\":\"fr-FR\",\"@id\":\"https:\/\/tomvaylo.com\/fr\/#\/schema\/person\/image\/\",\"url\":\"https:\/\/tomvaylo.com\/wp-content\/uploads\/2025\/08\/tomvaylo.png\",\"contentUrl\":\"https:\/\/tomvaylo.com\/wp-content\/uploads\/2025\/08\/tomvaylo.png\",\"width\":416,\"height\":183,\"caption\":\"TomVaylo\"},\"logo\":{\"@id\":\"https:\/\/tomvaylo.com\/fr\/#\/schema\/person\/image\/\"},\"description\":\"Tom Vaylo embodies the fusion of handpan (Hang) with magnetic electronic beats in a unique trip\/hop, dub and world musical trip. Creative traveler and sound crafter, he had the opportunity throughout his 3 albums to collaborate with many musicians and perform- ers (flute, trumpet, saxophone, dance,...) ; and to present live with them his project all around Europe (France, Belgium, UK, Hungary). Musician since his very young age (flute, guitar, saxophone,...) and french handpan pioneer, Tom Vaylo has settled since 2007 his place in the handpan players community. Not only did he played in the most famous handpan festivals (Handpan Festival, HangOut UK, HUG festival,...), he also shared music and handpan playing lessons in the \u201cLearn from the Best\u201d serie on MasterTheHandpan, as well as in his own association in Lyon and in several international workshops (Handpan Academy, le RDV du Hang, ...).\",\"sameAs\":[\"https:\/\/www.tomvaylo.com\",\"https:\/\/www.facebook.com\/tomvaylo\",\"https:\/\/www.instagram.com\/tom_vaylo\"]}]}<\/script>\n<!-- \/ Yoast SEO plugin. -->","yoast_head_json":{"title":"Stage d\u00e9butants \/ progression handpan \u00e0 Lyon - 14\/02\/2026 - Tom Vaylo","description":"Stage d\u00e9butants \/ progression Handpan \u00e0 Lyon, anim\u00e9 par Tom Vaylo, professeur de Handpan depuis 12 ans, musicien depuis 30 ans (7 albums)","robots":{"index":"index","follow":"follow","max-snippet":"max-snippet:-1","max-image-preview":"max-image-preview:large","max-video-preview":"max-video-preview:-1"},"canonical":"https:\/\/tomvaylo.com\/fr\/produit\/stage-debutants-progression-handpan-a-lyon-14-02-2026\/","og_locale":"fr_FR","og_type":"article","og_title":"Stage d\u00e9butants \/ progression handpan \u00e0 Lyon - 14\/02\/2026 - Tom Vaylo","og_description":"Stage d\u00e9butants \/ progression Handpan \u00e0 Lyon, anim\u00e9 par Tom Vaylo, professeur de Handpan depuis 12 ans, musicien depuis 30 ans (7 albums)","og_url":"https:\/\/tomvaylo.com\/fr\/produit\/stage-debutants-progression-handpan-a-lyon-14-02-2026\/","og_site_name":"Tom Vaylo","article_publisher":"https:\/\/www.facebook.com\/tomvaylo","article_modified_time":"2026-02-13T10:55:30+00:00","og_image":[{"width":548,"height":685,"url":"https:\/\/tomvaylo.com\/wp-content\/uploads\/2025\/03\/ateliers-2025-2026.jpg","type":"image\/jpeg"}],"twitter_card":"summary_large_image","twitter_misc":{"Dur\u00e9e de lecture estim\u00e9e":"2 minutes"},"schema":{"@context":"https:\/\/schema.org","@graph":[{"@type":"WebPage","@id":"https:\/\/tomvaylo.com\/fr\/produit\/stage-debutants-progression-handpan-a-lyon-14-02-2026\/","url":"https:\/\/tomvaylo.com\/fr\/produit\/stage-debutants-progression-handpan-a-lyon-14-02-2026\/","name":"Stage d\u00e9butants \/ progression handpan \u00e0 Lyon - 14\/02\/2026 - Tom Vaylo","isPartOf":{"@id":"https:\/\/tomvaylo.com\/fr\/#website"},"primaryImageOfPage":{"@id":"https:\/\/tomvaylo.com\/fr\/produit\/stage-debutants-progression-handpan-a-lyon-14-02-2026\/#primaryimage"},"image":{"@id":"https:\/\/tomvaylo.com\/fr\/produit\/stage-debutants-progression-handpan-a-lyon-14-02-2026\/#primaryimage"},"thumbnailUrl":"https:\/\/tomvaylo.com\/wp-content\/uploads\/2025\/03\/ateliers-2025-2026.jpg","datePublished":"2025-08-13T12:53:28+00:00","dateModified":"2026-02-13T10:55:30+00:00","description":"Stage d\u00e9butants \/ progression Handpan \u00e0 Lyon, anim\u00e9 par Tom Vaylo, professeur de Handpan depuis 12 ans, musicien depuis 30 ans (7 albums)","breadcrumb":{"@id":"https:\/\/tomvaylo.com\/fr\/produit\/stage-debutants-progression-handpan-a-lyon-14-02-2026\/#breadcrumb"},"inLanguage":"fr-FR","potentialAction":[{"@type":"ReadAction","target":["https:\/\/tomvaylo.com\/fr\/produit\/stage-debutants-progression-handpan-a-lyon-14-02-2026\/"]}]},{"@type":"ImageObject","inLanguage":"fr-FR","@id":"https:\/\/tomvaylo.com\/fr\/produit\/stage-debutants-progression-handpan-a-lyon-14-02-2026\/#primaryimage","url":"https:\/\/tomvaylo.com\/wp-content\/uploads\/2025\/03\/ateliers-2025-2026.jpg","contentUrl":"https:\/\/tomvaylo.com\/wp-content\/uploads\/2025\/03\/ateliers-2025-2026.jpg","width":548,"height":685,"caption":"Atelier \/ Stage Handpan \u00e0 Lyon"},{"@type":"BreadcrumbList","@id":"https:\/\/tomvaylo.com\/fr\/produit\/stage-debutants-progression-handpan-a-lyon-14-02-2026\/#breadcrumb","itemListElement":[{"@type":"ListItem","position":1,"name":"Home","item":"https:\/\/tomvaylo.com\/fr\/"},{"@type":"ListItem","position":2,"name":"Boutique","item":"https:\/\/tomvaylo.com\/shop\/"},{"@type":"ListItem","position":3,"name":"Stage d\u00e9butants \/ progression handpan \u00e0 Lyon &#8211; 14\/02\/2026"}]},{"@type":"WebSite","@id":"https:\/\/tomvaylo.com\/fr\/#website","url":"https:\/\/tomvaylo.com\/fr\/","name":"Tom Vaylo","description":"Handpan electro chillout","publisher":{"@id":"https:\/\/tomvaylo.com\/fr\/#\/schema\/person\/8794eff11bdd772b4ab3e884b744b512"},"potentialAction":[{"@type":"SearchAction","target":{"@type":"EntryPoint","urlTemplate":"https:\/\/tomvaylo.com\/fr\/?s={search_term_string}"},"query-input":{"@type":"PropertyValueSpecification","valueRequired":true,"valueName":"search_term_string"}}],"inLanguage":"fr-FR"},{"@type":["Person","Organization"],"@id":"https:\/\/tomvaylo.com\/fr\/#\/schema\/person\/8794eff11bdd772b4ab3e884b744b512","name":"TomVaylo","image":{"@type":"ImageObject","inLanguage":"fr-FR","@id":"https:\/\/tomvaylo.com\/fr\/#\/schema\/person\/image\/","url":"https:\/\/tomvaylo.com\/wp-content\/uploads\/2025\/08\/tomvaylo.png","contentUrl":"https:\/\/tomvaylo.com\/wp-content\/uploads\/2025\/08\/tomvaylo.png","width":416,"height":183,"caption":"TomVaylo"},"logo":{"@id":"https:\/\/tomvaylo.com\/fr\/#\/schema\/person\/image\/"},"description":"Tom Vaylo embodies the fusion of handpan (Hang) with magnetic electronic beats in a unique trip\/hop, dub and world musical trip. Creative traveler and sound crafter, he had the opportunity throughout his 3 albums to collaborate with many musicians and perform- ers (flute, trumpet, saxophone, dance,...) ; and to present live with them his project all around Europe (France, Belgium, UK, Hungary). Musician since his very young age (flute, guitar, saxophone,...) and french handpan pioneer, Tom Vaylo has settled since 2007 his place in the handpan players community. Not only did he played in the most famous handpan festivals (Handpan Festival, HangOut UK, HUG festival,...), he also shared music and handpan playing lessons in the \u201cLearn from the Best\u201d serie on MasterTheHandpan, as well as in his own association in Lyon and in several international workshops (Handpan Academy, le RDV du Hang, ...).","sameAs":["https:\/\/www.tomvaylo.com","https:\/\/www.facebook.com\/tomvaylo","https:\/\/www.instagram.com\/tom_vaylo"]}]}},"_links":{"self":[{"href":"https:\/\/tomvaylo.com\/fr\/wp-json\/wp\/v2\/product\/1536","targetHints":{"allow":["GET"]}}],"collection":[{"href":"https:\/\/tomvaylo.com\/fr\/wp-json\/wp\/v2\/product"}],"about":[{"href":"https:\/\/tomvaylo.com\/fr\/wp-json\/wp\/v2\/types\/product"}],"replies":[{"embeddable":true,"href":"https:\/\/tomvaylo.com\/fr\/wp-json\/wp\/v2\/comments?post=1536"}],"wp:featuredmedia":[{"embeddable":true,"href":"https:\/\/tomvaylo.com\/fr\/wp-json\/wp\/v2\/media\/1519"}],"wp:attachment":[{"href":"https:\/\/tomvaylo.com\/fr\/wp-json\/wp\/v2\/media?parent=1536"}],"wp:term":[{"taxonomy":"product_brand","embeddable":true,"href":"https:\/\/tomvaylo.com\/fr\/wp-json\/wp\/v2\/product_brand?post=1536"},{"taxonomy":"product_cat","embeddable":true,"href":"https:\/\/tomvaylo.com\/fr\/wp-json\/wp\/v2\/product_cat?post=1536"},{"taxonomy":"product_tag","embeddable":true,"href":"https:\/\/tomvaylo.com\/fr\/wp-json\/wp\/v2\/product_tag?post=1536"}],"curies":[{"name":"wp","href":"https:\/\/api.w.org\/{rel}","templated":true}]}}