{"id":1610,"date":"2025-12-03T13:17:01","date_gmt":"2025-12-03T13:17:01","guid":{"rendered":"https:\/\/tomvaylo.com\/?post_type=product&#038;p=1610"},"modified":"2026-01-24T20:58:14","modified_gmt":"2026-01-24T20:58:14","slug":"stage-handpan-avril-a-chambery-25-04-2026","status":"publish","type":"product","link":"https:\/\/tomvaylo.com\/fr\/produit\/stage-handpan-avril-a-chambery-25-04-2026\/","title":{"rendered":"Stage Handpan d&rsquo;avril \u00e0 Chamb\u00e9ry &#8211; 25\/04\/2026"},"content":{"rendered":"<h3>Atelier \/ Stage Handpan d&rsquo;avril \u00e0 Chamb\u00e9ry (Challes-les-eaux) &#8211; 25\/04\/2025 &#8211; Initiation \/ d\u00e9butants<\/h3>\n<p>Offrez ou offrez-vous un moment de partage et de progression en groupe lors d&rsquo;une journ\u00e9e d&rsquo;atelier \/ Stage Handpan d&rsquo;avril \u00e0 Chamb\u00e9ry !<br \/>\nFaites confiance \u00e0 un musicien reconnu pour d\u00e9couvrir la magie de cet instrument, et apprendre \u00e0 vous exprimer en musique !<\/p>\n<p>Cet atelier \/Stage Handpan d&rsquo;avril \u00e0 Chamb\u00e9ry (Challes-les-eaux) est anim\u00e9 par Tom Vaylo, professeur de Handpan depuis 12 ans, musicien depuis 30 ans (7 albums), et passionn\u00e9 de p\u00e9dagogie et de transmission. Durant ces derni\u00e8res ann\u00e9es, Tom a d\u00e9velopp\u00e9 une m\u00e9thode unique d&rsquo;apprentissage du handpan, bas\u00e9e sur une approche ludique et p\u00e9dagogique, r\u00e9fl\u00e9chie, \u00e9prouv\u00e9e et efficace.<\/p>\n<p>Ce stage d&rsquo;une journ\u00e9e comprend :<\/p>\n<ul>\n<li>Une journ\u00e9e enti\u00e8re d&rsquo;immersion dans le monde du handpan en groupe intimiste (9 personnes maximum)<\/li>\n<li>Le pr\u00eat d&rsquo;un handpan si n\u00e9cessaire<\/li>\n<li>La possibilit\u00e9 d&rsquo;essayer de nombreux handpans de fabricants et de mat\u00e9riaux diff\u00e9rents<\/li>\n<li>L&rsquo;apprentissage de toutes les bases n\u00e9cessaires pour pouvoir d\u00e9buter sa pratique sereinement et efficacement<\/li>\n<li>La d\u00e9couverte du jeu en groupe, o\u00f9 vous apprendrez \u00e0 vous exprimer et discuter en musique \u00e0 plusieurs, m\u00eame sans connaissances en solf\u00e8ge<\/li>\n<li>Un programme p\u00e9dagogique \u00e9tudi\u00e9 et efficace, sous forme de mini-ateliers, toujours adapt\u00e9s aux besoins et envies des participants, qui met en avant le plaisir ludique tout en transmettant des bases solides<\/li>\n<li>Des conseils d&rsquo;achats, avec parfois des instruments d&rsquo;occasion disponibles sur place \u00e0 la vente<\/li>\n<li>Des moments privil\u00e9gies pour chacun avec Tom afin de pouvoir avancer \u00e0 son rythme<\/li>\n<li>Et bien s\u00fbr, beaucoup de plaisir, de partage, de bonne humeur<\/li>\n<\/ul>\n<p>Vous vivrez au cours de cette journ\u00e9e une v\u00e9ritable exp\u00e9rience, unique et inoubliable, et repartirez avec assez de connaissances et de pratique pour pouvoir jouer quelques m\u00e9lodies au handpan, et comprendre la musique d&rsquo;une autre mani\u00e8re !<\/p>\n<p>Le stage aura lieu \u00e0 Challes-les-eaux, en banlieue de Chamb\u00e9ry. Vous recevrez toutes les informations pratiques par mail apr\u00e8s inscription.<\/p>\n<p>Liens utiles :<\/p>\n<p><a href=\"https:\/\/tomvaylo.com\/fr\/ateliers-stages\/\">Retrouvez ici toutes les dates de stages<\/a><br \/>\n<a href=\"https:\/\/tomvaylo.com\/fr\/cours\/\">D\u00e9couvrez le format Cours \/ Initiations individuel<\/a><br \/>\n<a href=\"https:\/\/tomvaylo.com\/fr\/bio\/\">En savoir plus sur Tom<\/a><br \/>\n<a href=\"https:\/\/tomvaylo.com\/fr\/pre-sauvegarder-mes-prochains-titres\/\">Ecoutez le dernier album de Tom<\/a><br \/>\n<a href=\"https:\/\/www.youtube.com\/tomvaylo\">Retrouvez Tom sur Youtube<\/a><\/p>\n<p>&nbsp;<\/p>\n","protected":false},"excerpt":{"rendered":"<p>Offrez ou offrez-vous un moment de partage et d&rsquo;expression musicale en groupe lors d&rsquo;une journ\u00e9e Handpan \u00e0 Chamb\u00e9ry !<br \/>\nFaites confiance \u00e0 un musicien reconnu pour d\u00e9couvrir la magie de cet instrument, et apprendre \u00e0 vous exprimer en musique !<\/p>\n<p>Ce stage est anim\u00e9 par Tom Vaylo, professeur de Handpan depuis 12 ans, musicien depuis 30 ans (7 albums), et passionn\u00e9 de p\u00e9dagogie et de transmission. Durant ces derni\u00e8res ann\u00e9es, Tom a d\u00e9velopp\u00e9 une m\u00e9thode unique d&rsquo;apprentissage du handpan, bas\u00e9e sur une approche ludique et p\u00e9dagogique, r\u00e9fl\u00e9chie, \u00e9prouv\u00e9e et efficace.<\/p>\n<hr \/>\n<p>Ce stage d&rsquo;une journ\u00e9e comprend :<\/p>\n<ul>\n<li>Une journ\u00e9e enti\u00e8re d&rsquo;immersion dans le monde du handpan en groupe intimiste (9 personnes maximum)<\/li>\n<li>Le pr\u00eat d&rsquo;un handpan si n\u00e9cessaire<\/li>\n<li>La possibilit\u00e9 d&rsquo;essayer de nombreux handpans de fabricants et de mat\u00e9riaux diff\u00e9rents<\/li>\n<li>L&rsquo;apprentissage de toutes les bases n\u00e9cessaires pour pouvoir d\u00e9buter sa pratique sereinement et efficacement<\/li>\n<li>La d\u00e9couverte du jeu en groupe, o\u00f9 vous apprendrez \u00e0 vous exprimer et discuter en musique \u00e0 plusieurs, m\u00eame sans connaissances en solf\u00e8ge<\/li>\n<li>Un programme p\u00e9dagogique \u00e9tudi\u00e9 et efficace, sous forme de mini-ateliers, toujours adapt\u00e9s aux besoins et envies des participants, qui met en avant le plaisir ludique tout en transmettant des bases solides<\/li>\n<li>Des conseils d&rsquo;achats, avec parfois des instruments d&rsquo;occasion disponibles sur place \u00e0 la vente<\/li>\n<li>Des moments privil\u00e9gies pour chacun avec Tom afin de pouvoir avancer \u00e0 son rythme<\/li>\n<li>Et bien s\u00fbr, beaucoup de plaisir, de partage, de bonne humeur<\/li>\n<\/ul>\n<hr \/>\n<p>Vous vivrez au cours de cette journ\u00e9e une v\u00e9ritable exp\u00e9rience, unique et inoubliable, et repartirez avec assez de connaissances et de pratique pour pouvoir jouer quelques m\u00e9lodies au handpan, et comprendre la musique d&rsquo;une autre mani\u00e8re !<\/p>\n<hr \/>\n<p>Liens utiles :<\/p>\n<p><a href=\"https:\/\/tomvaylo.com\/fr\/ateliers-stages\/\">Retrouvez ici toutes les dates de stages<\/a><br \/>\n<a href=\"https:\/\/tomvaylo.com\/fr\/cours\/\">D\u00e9couvrez le format Cours \/ Initiations individuel<\/a><br \/>\n<a href=\"https:\/\/tomvaylo.com\/fr\/bio\/\">En savoir plus sur Tom<\/a><br \/>\n<a href=\"https:\/\/tomvaylo.com\/fr\/pre-sauvegarder-mes-prochains-titres\/\">Ecoutez le dernier album de Tom<\/a><br \/>\n<a href=\"https:\/\/www.youtube.com\/tomvaylo\">Retrouvez Tom sur Youtube<\/a><\/p>\n","protected":false},"featured_media":1626,"comment_status":"open","ping_status":"closed","template":"","meta":{"_acf_changed":false},"product_brand":[],"product_cat":[30],"product_tag":[],"class_list":{"0":"post-1610","1":"product","2":"type-product","3":"status-publish","4":"has-post-thumbnail","6":"product_cat-handpan-lessons","8":"first","9":"outofstock","10":"virtual","11":"purchasable","12":"product-type-simple","14":"catalog-layout-default","15":"columns-xs-1"},"acf":[],"yoast_head":"<!-- This site is optimized with the Yoast SEO plugin v26.9 - https:\/\/yoast.com\/product\/yoast-seo-wordpress\/ -->\n<title>Stage Handpan d&#039;avril \u00e0 Chamb\u00e9ry - 25\/04\/2026 - Tom Vaylo<\/title>\n<meta name=\"description\" content=\"Stage Handpan d&#039;avril \u00e0 Chamb\u00e9ry, anim\u00e9 par Tom Vaylo, professeur de Handpan depuis 12 ans, musicien depuis 30 ans (6 albums)\" \/>\n<meta name=\"robots\" content=\"index, follow, max-snippet:-1, max-image-preview:large, max-video-preview:-1\" \/>\n<link rel=\"canonical\" href=\"https:\/\/tomvaylo.com\/fr\/produit\/stage-handpan-avril-a-chambery-25-04-2026\/\" \/>\n<meta property=\"og:locale\" content=\"fr_FR\" \/>\n<meta property=\"og:type\" content=\"article\" \/>\n<meta property=\"og:title\" content=\"Stage Handpan d&#039;avril \u00e0 Chamb\u00e9ry - 25\/04\/2026 - Tom Vaylo\" \/>\n<meta property=\"og:description\" content=\"Stage Handpan d&#039;avril \u00e0 Chamb\u00e9ry, anim\u00e9 par Tom Vaylo, professeur de Handpan depuis 12 ans, musicien depuis 30 ans (6 albums)\" \/>\n<meta property=\"og:url\" content=\"https:\/\/tomvaylo.com\/fr\/produit\/stage-handpan-avril-a-chambery-25-04-2026\/\" \/>\n<meta property=\"og:site_name\" content=\"Tom Vaylo\" \/>\n<meta property=\"article:publisher\" content=\"https:\/\/www.facebook.com\/tomvaylo\" \/>\n<meta property=\"article:modified_time\" content=\"2026-01-24T20:58:14+00:00\" \/>\n<meta property=\"og:image\" content=\"https:\/\/tomvaylo.com\/wp-content\/uploads\/2025\/12\/DSC05441.jpg\" \/>\n\t<meta property=\"og:image:width\" content=\"823\" \/>\n\t<meta property=\"og:image:height\" content=\"1058\" \/>\n\t<meta property=\"og:image:type\" content=\"image\/jpeg\" \/>\n<meta name=\"twitter:card\" content=\"summary_large_image\" \/>\n<meta name=\"twitter:label1\" content=\"Dur\u00e9e de lecture estim\u00e9e\" \/>\n\t<meta name=\"twitter:data1\" content=\"2 minutes\" \/>\n<script type=\"application\/ld+json\" class=\"yoast-schema-graph\">{\"@context\":\"https:\/\/schema.org\",\"@graph\":[{\"@type\":\"WebPage\",\"@id\":\"https:\/\/tomvaylo.com\/fr\/produit\/stage-handpan-avril-a-chambery-25-04-2026\/\",\"url\":\"https:\/\/tomvaylo.com\/fr\/produit\/stage-handpan-avril-a-chambery-25-04-2026\/\",\"name\":\"Stage Handpan d'avril \u00e0 Chamb\u00e9ry - 25\/04\/2026 - Tom Vaylo\",\"isPartOf\":{\"@id\":\"https:\/\/tomvaylo.com\/fr\/#website\"},\"primaryImageOfPage\":{\"@id\":\"https:\/\/tomvaylo.com\/fr\/produit\/stage-handpan-avril-a-chambery-25-04-2026\/#primaryimage\"},\"image\":{\"@id\":\"https:\/\/tomvaylo.com\/fr\/produit\/stage-handpan-avril-a-chambery-25-04-2026\/#primaryimage\"},\"thumbnailUrl\":\"https:\/\/tomvaylo.com\/wp-content\/uploads\/2025\/12\/DSC05441.jpg\",\"datePublished\":\"2025-12-03T13:17:01+00:00\",\"dateModified\":\"2026-01-24T20:58:14+00:00\",\"description\":\"Stage Handpan d'avril \u00e0 Chamb\u00e9ry, anim\u00e9 par Tom Vaylo, professeur de Handpan depuis 12 ans, musicien depuis 30 ans (6 albums)\",\"breadcrumb\":{\"@id\":\"https:\/\/tomvaylo.com\/fr\/produit\/stage-handpan-avril-a-chambery-25-04-2026\/#breadcrumb\"},\"inLanguage\":\"fr-FR\",\"potentialAction\":[{\"@type\":\"ReadAction\",\"target\":[\"https:\/\/tomvaylo.com\/fr\/produit\/stage-handpan-avril-a-chambery-25-04-2026\/\"]}]},{\"@type\":\"ImageObject\",\"inLanguage\":\"fr-FR\",\"@id\":\"https:\/\/tomvaylo.com\/fr\/produit\/stage-handpan-avril-a-chambery-25-04-2026\/#primaryimage\",\"url\":\"https:\/\/tomvaylo.com\/wp-content\/uploads\/2025\/12\/DSC05441.jpg\",\"contentUrl\":\"https:\/\/tomvaylo.com\/wp-content\/uploads\/2025\/12\/DSC05441.jpg\",\"width\":823,\"height\":1058},{\"@type\":\"BreadcrumbList\",\"@id\":\"https:\/\/tomvaylo.com\/fr\/produit\/stage-handpan-avril-a-chambery-25-04-2026\/#breadcrumb\",\"itemListElement\":[{\"@type\":\"ListItem\",\"position\":1,\"name\":\"Home\",\"item\":\"https:\/\/tomvaylo.com\/fr\/\"},{\"@type\":\"ListItem\",\"position\":2,\"name\":\"Boutique\",\"item\":\"https:\/\/tomvaylo.com\/shop\/\"},{\"@type\":\"ListItem\",\"position\":3,\"name\":\"Stage Handpan d&#8217;avril \u00e0 Chamb\u00e9ry &#8211; 25\/04\/2026\"}]},{\"@type\":\"WebSite\",\"@id\":\"https:\/\/tomvaylo.com\/fr\/#website\",\"url\":\"https:\/\/tomvaylo.com\/fr\/\",\"name\":\"Tom Vaylo\",\"description\":\"Handpan electro chillout\",\"publisher\":{\"@id\":\"https:\/\/tomvaylo.com\/fr\/#\/schema\/person\/8794eff11bdd772b4ab3e884b744b512\"},\"potentialAction\":[{\"@type\":\"SearchAction\",\"target\":{\"@type\":\"EntryPoint\",\"urlTemplate\":\"https:\/\/tomvaylo.com\/fr\/?s={search_term_string}\"},\"query-input\":{\"@type\":\"PropertyValueSpecification\",\"valueRequired\":true,\"valueName\":\"search_term_string\"}}],\"inLanguage\":\"fr-FR\"},{\"@type\":[\"Person\",\"Organization\"],\"@id\":\"https:\/\/tomvaylo.com\/fr\/#\/schema\/person\/8794eff11bdd772b4ab3e884b744b512\",\"name\":\"TomVaylo\",\"image\":{\"@type\":\"ImageObject\",\"inLanguage\":\"fr-FR\",\"@id\":\"https:\/\/tomvaylo.com\/fr\/#\/schema\/person\/image\/\",\"url\":\"https:\/\/tomvaylo.com\/wp-content\/uploads\/2025\/08\/tomvaylo.png\",\"contentUrl\":\"https:\/\/tomvaylo.com\/wp-content\/uploads\/2025\/08\/tomvaylo.png\",\"width\":416,\"height\":183,\"caption\":\"TomVaylo\"},\"logo\":{\"@id\":\"https:\/\/tomvaylo.com\/fr\/#\/schema\/person\/image\/\"},\"description\":\"Tom Vaylo embodies the fusion of handpan (Hang) with magnetic electronic beats in a unique trip\/hop, dub and world musical trip. Creative traveler and sound crafter, he had the opportunity throughout his 3 albums to collaborate with many musicians and perform- ers (flute, trumpet, saxophone, dance,...) ; and to present live with them his project all around Europe (France, Belgium, UK, Hungary). Musician since his very young age (flute, guitar, saxophone,...) and french handpan pioneer, Tom Vaylo has settled since 2007 his place in the handpan players community. Not only did he played in the most famous handpan festivals (Handpan Festival, HangOut UK, HUG festival,...), he also shared music and handpan playing lessons in the \u201cLearn from the Best\u201d serie on MasterTheHandpan, as well as in his own association in Lyon and in several international workshops (Handpan Academy, le RDV du Hang, ...).\",\"sameAs\":[\"https:\/\/www.tomvaylo.com\",\"https:\/\/www.facebook.com\/tomvaylo\",\"https:\/\/www.instagram.com\/tom_vaylo\"]}]}<\/script>\n<!-- \/ Yoast SEO plugin. -->","yoast_head_json":{"title":"Stage Handpan d'avril \u00e0 Chamb\u00e9ry - 25\/04\/2026 - Tom Vaylo","description":"Stage Handpan d'avril \u00e0 Chamb\u00e9ry, anim\u00e9 par Tom Vaylo, professeur de Handpan depuis 12 ans, musicien depuis 30 ans (6 albums)","robots":{"index":"index","follow":"follow","max-snippet":"max-snippet:-1","max-image-preview":"max-image-preview:large","max-video-preview":"max-video-preview:-1"},"canonical":"https:\/\/tomvaylo.com\/fr\/produit\/stage-handpan-avril-a-chambery-25-04-2026\/","og_locale":"fr_FR","og_type":"article","og_title":"Stage Handpan d'avril \u00e0 Chamb\u00e9ry - 25\/04\/2026 - Tom Vaylo","og_description":"Stage Handpan d'avril \u00e0 Chamb\u00e9ry, anim\u00e9 par Tom Vaylo, professeur de Handpan depuis 12 ans, musicien depuis 30 ans (6 albums)","og_url":"https:\/\/tomvaylo.com\/fr\/produit\/stage-handpan-avril-a-chambery-25-04-2026\/","og_site_name":"Tom Vaylo","article_publisher":"https:\/\/www.facebook.com\/tomvaylo","article_modified_time":"2026-01-24T20:58:14+00:00","og_image":[{"width":823,"height":1058,"url":"https:\/\/tomvaylo.com\/wp-content\/uploads\/2025\/12\/DSC05441.jpg","type":"image\/jpeg"}],"twitter_card":"summary_large_image","twitter_misc":{"Dur\u00e9e de lecture estim\u00e9e":"2 minutes"},"schema":{"@context":"https:\/\/schema.org","@graph":[{"@type":"WebPage","@id":"https:\/\/tomvaylo.com\/fr\/produit\/stage-handpan-avril-a-chambery-25-04-2026\/","url":"https:\/\/tomvaylo.com\/fr\/produit\/stage-handpan-avril-a-chambery-25-04-2026\/","name":"Stage Handpan d'avril \u00e0 Chamb\u00e9ry - 25\/04\/2026 - Tom Vaylo","isPartOf":{"@id":"https:\/\/tomvaylo.com\/fr\/#website"},"primaryImageOfPage":{"@id":"https:\/\/tomvaylo.com\/fr\/produit\/stage-handpan-avril-a-chambery-25-04-2026\/#primaryimage"},"image":{"@id":"https:\/\/tomvaylo.com\/fr\/produit\/stage-handpan-avril-a-chambery-25-04-2026\/#primaryimage"},"thumbnailUrl":"https:\/\/tomvaylo.com\/wp-content\/uploads\/2025\/12\/DSC05441.jpg","datePublished":"2025-12-03T13:17:01+00:00","dateModified":"2026-01-24T20:58:14+00:00","description":"Stage Handpan d'avril \u00e0 Chamb\u00e9ry, anim\u00e9 par Tom Vaylo, professeur de Handpan depuis 12 ans, musicien depuis 30 ans (6 albums)","breadcrumb":{"@id":"https:\/\/tomvaylo.com\/fr\/produit\/stage-handpan-avril-a-chambery-25-04-2026\/#breadcrumb"},"inLanguage":"fr-FR","potentialAction":[{"@type":"ReadAction","target":["https:\/\/tomvaylo.com\/fr\/produit\/stage-handpan-avril-a-chambery-25-04-2026\/"]}]},{"@type":"ImageObject","inLanguage":"fr-FR","@id":"https:\/\/tomvaylo.com\/fr\/produit\/stage-handpan-avril-a-chambery-25-04-2026\/#primaryimage","url":"https:\/\/tomvaylo.com\/wp-content\/uploads\/2025\/12\/DSC05441.jpg","contentUrl":"https:\/\/tomvaylo.com\/wp-content\/uploads\/2025\/12\/DSC05441.jpg","width":823,"height":1058},{"@type":"BreadcrumbList","@id":"https:\/\/tomvaylo.com\/fr\/produit\/stage-handpan-avril-a-chambery-25-04-2026\/#breadcrumb","itemListElement":[{"@type":"ListItem","position":1,"name":"Home","item":"https:\/\/tomvaylo.com\/fr\/"},{"@type":"ListItem","position":2,"name":"Boutique","item":"https:\/\/tomvaylo.com\/shop\/"},{"@type":"ListItem","position":3,"name":"Stage Handpan d&#8217;avril \u00e0 Chamb\u00e9ry &#8211; 25\/04\/2026"}]},{"@type":"WebSite","@id":"https:\/\/tomvaylo.com\/fr\/#website","url":"https:\/\/tomvaylo.com\/fr\/","name":"Tom Vaylo","description":"Handpan electro chillout","publisher":{"@id":"https:\/\/tomvaylo.com\/fr\/#\/schema\/person\/8794eff11bdd772b4ab3e884b744b512"},"potentialAction":[{"@type":"SearchAction","target":{"@type":"EntryPoint","urlTemplate":"https:\/\/tomvaylo.com\/fr\/?s={search_term_string}"},"query-input":{"@type":"PropertyValueSpecification","valueRequired":true,"valueName":"search_term_string"}}],"inLanguage":"fr-FR"},{"@type":["Person","Organization"],"@id":"https:\/\/tomvaylo.com\/fr\/#\/schema\/person\/8794eff11bdd772b4ab3e884b744b512","name":"TomVaylo","image":{"@type":"ImageObject","inLanguage":"fr-FR","@id":"https:\/\/tomvaylo.com\/fr\/#\/schema\/person\/image\/","url":"https:\/\/tomvaylo.com\/wp-content\/uploads\/2025\/08\/tomvaylo.png","contentUrl":"https:\/\/tomvaylo.com\/wp-content\/uploads\/2025\/08\/tomvaylo.png","width":416,"height":183,"caption":"TomVaylo"},"logo":{"@id":"https:\/\/tomvaylo.com\/fr\/#\/schema\/person\/image\/"},"description":"Tom Vaylo embodies the fusion of handpan (Hang) with magnetic electronic beats in a unique trip\/hop, dub and world musical trip. Creative traveler and sound crafter, he had the opportunity throughout his 3 albums to collaborate with many musicians and perform- ers (flute, trumpet, saxophone, dance,...) ; and to present live with them his project all around Europe (France, Belgium, UK, Hungary). Musician since his very young age (flute, guitar, saxophone,...) and french handpan pioneer, Tom Vaylo has settled since 2007 his place in the handpan players community. Not only did he played in the most famous handpan festivals (Handpan Festival, HangOut UK, HUG festival,...), he also shared music and handpan playing lessons in the \u201cLearn from the Best\u201d serie on MasterTheHandpan, as well as in his own association in Lyon and in several international workshops (Handpan Academy, le RDV du Hang, ...).","sameAs":["https:\/\/www.tomvaylo.com","https:\/\/www.facebook.com\/tomvaylo","https:\/\/www.instagram.com\/tom_vaylo"]}]}},"_links":{"self":[{"href":"https:\/\/tomvaylo.com\/fr\/wp-json\/wp\/v2\/product\/1610","targetHints":{"allow":["GET"]}}],"collection":[{"href":"https:\/\/tomvaylo.com\/fr\/wp-json\/wp\/v2\/product"}],"about":[{"href":"https:\/\/tomvaylo.com\/fr\/wp-json\/wp\/v2\/types\/product"}],"replies":[{"embeddable":true,"href":"https:\/\/tomvaylo.com\/fr\/wp-json\/wp\/v2\/comments?post=1610"}],"wp:featuredmedia":[{"embeddable":true,"href":"https:\/\/tomvaylo.com\/fr\/wp-json\/wp\/v2\/media\/1626"}],"wp:attachment":[{"href":"https:\/\/tomvaylo.com\/fr\/wp-json\/wp\/v2\/media?parent=1610"}],"wp:term":[{"taxonomy":"product_brand","embeddable":true,"href":"https:\/\/tomvaylo.com\/fr\/wp-json\/wp\/v2\/product_brand?post=1610"},{"taxonomy":"product_cat","embeddable":true,"href":"https:\/\/tomvaylo.com\/fr\/wp-json\/wp\/v2\/product_cat?post=1610"},{"taxonomy":"product_tag","embeddable":true,"href":"https:\/\/tomvaylo.com\/fr\/wp-json\/wp\/v2\/product_tag?post=1610"}],"curies":[{"name":"wp","href":"https:\/\/api.w.org\/{rel}","templated":true}]}}