{"id":522,"date":"2022-10-25T12:47:32","date_gmt":"2022-10-25T12:47:32","guid":{"rendered":"https:\/\/tomvaylo.com\/produit\/variety-a-journey-in-the-snow-version-digitale\/"},"modified":"2022-10-26T16:50:54","modified_gmt":"2022-10-26T16:50:54","slug":"variety-a-journey-in-the-snow-version-digitale","status":"publish","type":"product","link":"https:\/\/tomvaylo.com\/fr\/produit\/variety-a-journey-in-the-snow-version-digitale\/","title":{"rendered":"Variety &#8211; A Journey in the Snow- Version Digitale"},"content":{"rendered":"","protected":false},"excerpt":{"rendered":"<p>&nbsp;<\/p>\n<div class=\"woocommerce-product-details__short-description\">\n<p>Variety &#8211; A Journey in the Snow est le nouvel album de Tom Vaylo, tir\u00e9 de la Bande Originale qu&rsquo;il a compos\u00e9 pour le film de ski freeride \/ alpinisme VARIETY de Simon Morice<\/p>\n<p>Cet album vous emm\u00e8nera dans un voyage cin\u00e9matique \u00e0 travers la montagne, et sera la bande son parfaite de votre prochaine aventure !<\/p>\n<p>Et pour vous remercier pour votre soutien et de suivre mon travail, je vous offre cet album au prix que vous souhaitez ! Estimez simplement le prix qu&rsquo;il vaut pour vous (ou t\u00e9l\u00e9chargez le gratuitement) et t\u00e9l\u00e9chargez-le imm\u00e9diatement !<\/p>\n<\/div>\n","protected":false},"featured_media":512,"comment_status":"open","ping_status":"closed","template":"","meta":{"_acf_changed":false},"product_brand":[],"product_cat":[33,34,26,27],"product_tag":[],"class_list":{"0":"post-522","1":"product","2":"type-product","3":"status-publish","4":"has-post-thumbnail","6":"product_cat-albums-2","7":"product_cat-digital-albums-2","8":"product_cat-albums","9":"product_cat-digital-albums","11":"first","12":"instock","13":"downloadable","14":"virtual","15":"purchasable","16":"product-type-simple","18":"catalog-layout-default","19":"columns-xs-1"},"acf":[],"yoast_head":"<!-- This site is optimized with the Yoast SEO plugin v26.9 - https:\/\/yoast.com\/product\/yoast-seo-wordpress\/ -->\n<title>Variety - A Journey in the Snow- Version Digitale - Tom Vaylo<\/title>\n<meta name=\"robots\" content=\"index, follow, max-snippet:-1, max-image-preview:large, max-video-preview:-1\" \/>\n<link rel=\"canonical\" href=\"https:\/\/tomvaylo.com\/fr\/produit\/variety-a-journey-in-the-snow-version-digitale\/\" \/>\n<meta property=\"og:locale\" content=\"fr_FR\" \/>\n<meta property=\"og:type\" content=\"article\" \/>\n<meta property=\"og:title\" content=\"Variety - A Journey in the Snow- Version Digitale - Tom Vaylo\" \/>\n<meta property=\"og:description\" content=\"&nbsp;   Variety - A Journey in the Snow est le nouvel album de Tom Vaylo, tir\u00e9 de la Bande Originale qu&#039;il a compos\u00e9 pour le film de ski freeride \/ alpinisme VARIETY de Simon Morice  Cet album vous emm\u00e8nera dans un voyage cin\u00e9matique \u00e0 travers la montagne, et sera la bande son parfaite de votre prochaine aventure !  Et pour vous remercier pour votre soutien et de suivre mon travail, je vous offre cet album au prix que vous souhaitez ! Estimez simplement le prix qu&#039;il vaut pour vous (ou t\u00e9l\u00e9chargez le gratuitement) et t\u00e9l\u00e9chargez-le imm\u00e9diatement !\" \/>\n<meta property=\"og:url\" content=\"https:\/\/tomvaylo.com\/fr\/produit\/variety-a-journey-in-the-snow-version-digitale\/\" \/>\n<meta property=\"og:site_name\" content=\"Tom Vaylo\" \/>\n<meta property=\"article:publisher\" content=\"https:\/\/www.facebook.com\/tomvaylo\" \/>\n<meta property=\"article:modified_time\" content=\"2022-10-26T16:50:54+00:00\" \/>\n<meta property=\"og:image\" content=\"https:\/\/tomvaylo.com\/wp-content\/uploads\/2022\/10\/Cover-scaled.jpg\" \/>\n\t<meta property=\"og:image:width\" content=\"2560\" \/>\n\t<meta property=\"og:image:height\" content=\"2560\" \/>\n\t<meta property=\"og:image:type\" content=\"image\/jpeg\" \/>\n<meta name=\"twitter:card\" content=\"summary_large_image\" \/>\n<script type=\"application\/ld+json\" class=\"yoast-schema-graph\">{\"@context\":\"https:\/\/schema.org\",\"@graph\":[{\"@type\":\"WebPage\",\"@id\":\"https:\/\/tomvaylo.com\/fr\/produit\/variety-a-journey-in-the-snow-version-digitale\/\",\"url\":\"https:\/\/tomvaylo.com\/fr\/produit\/variety-a-journey-in-the-snow-version-digitale\/\",\"name\":\"Variety - A Journey in the Snow- Version Digitale - Tom Vaylo\",\"isPartOf\":{\"@id\":\"https:\/\/tomvaylo.com\/fr\/#website\"},\"primaryImageOfPage\":{\"@id\":\"https:\/\/tomvaylo.com\/fr\/produit\/variety-a-journey-in-the-snow-version-digitale\/#primaryimage\"},\"image\":{\"@id\":\"https:\/\/tomvaylo.com\/fr\/produit\/variety-a-journey-in-the-snow-version-digitale\/#primaryimage\"},\"thumbnailUrl\":\"https:\/\/tomvaylo.com\/wp-content\/uploads\/2022\/10\/Cover-scaled.jpg\",\"datePublished\":\"2022-10-25T12:47:32+00:00\",\"dateModified\":\"2022-10-26T16:50:54+00:00\",\"breadcrumb\":{\"@id\":\"https:\/\/tomvaylo.com\/fr\/produit\/variety-a-journey-in-the-snow-version-digitale\/#breadcrumb\"},\"inLanguage\":\"fr-FR\",\"potentialAction\":[{\"@type\":\"ReadAction\",\"target\":[\"https:\/\/tomvaylo.com\/fr\/produit\/variety-a-journey-in-the-snow-version-digitale\/\"]}]},{\"@type\":\"ImageObject\",\"inLanguage\":\"fr-FR\",\"@id\":\"https:\/\/tomvaylo.com\/fr\/produit\/variety-a-journey-in-the-snow-version-digitale\/#primaryimage\",\"url\":\"https:\/\/tomvaylo.com\/wp-content\/uploads\/2022\/10\/Cover-scaled.jpg\",\"contentUrl\":\"https:\/\/tomvaylo.com\/wp-content\/uploads\/2022\/10\/Cover-scaled.jpg\",\"width\":2560,\"height\":2560},{\"@type\":\"BreadcrumbList\",\"@id\":\"https:\/\/tomvaylo.com\/fr\/produit\/variety-a-journey-in-the-snow-version-digitale\/#breadcrumb\",\"itemListElement\":[{\"@type\":\"ListItem\",\"position\":1,\"name\":\"Home\",\"item\":\"https:\/\/tomvaylo.com\/fr\/\"},{\"@type\":\"ListItem\",\"position\":2,\"name\":\"Boutique\",\"item\":\"https:\/\/tomvaylo.com\/shop\/\"},{\"@type\":\"ListItem\",\"position\":3,\"name\":\"Variety &#8211; A Journey in the Snow- Version Digitale\"}]},{\"@type\":\"WebSite\",\"@id\":\"https:\/\/tomvaylo.com\/fr\/#website\",\"url\":\"https:\/\/tomvaylo.com\/fr\/\",\"name\":\"Tom Vaylo\",\"description\":\"Handpan electro chillout\",\"publisher\":{\"@id\":\"https:\/\/tomvaylo.com\/fr\/#\/schema\/person\/8794eff11bdd772b4ab3e884b744b512\"},\"potentialAction\":[{\"@type\":\"SearchAction\",\"target\":{\"@type\":\"EntryPoint\",\"urlTemplate\":\"https:\/\/tomvaylo.com\/fr\/?s={search_term_string}\"},\"query-input\":{\"@type\":\"PropertyValueSpecification\",\"valueRequired\":true,\"valueName\":\"search_term_string\"}}],\"inLanguage\":\"fr-FR\"},{\"@type\":[\"Person\",\"Organization\"],\"@id\":\"https:\/\/tomvaylo.com\/fr\/#\/schema\/person\/8794eff11bdd772b4ab3e884b744b512\",\"name\":\"TomVaylo\",\"image\":{\"@type\":\"ImageObject\",\"inLanguage\":\"fr-FR\",\"@id\":\"https:\/\/tomvaylo.com\/fr\/#\/schema\/person\/image\/\",\"url\":\"https:\/\/tomvaylo.com\/wp-content\/uploads\/2025\/08\/tomvaylo.png\",\"contentUrl\":\"https:\/\/tomvaylo.com\/wp-content\/uploads\/2025\/08\/tomvaylo.png\",\"width\":416,\"height\":183,\"caption\":\"TomVaylo\"},\"logo\":{\"@id\":\"https:\/\/tomvaylo.com\/fr\/#\/schema\/person\/image\/\"},\"description\":\"Tom Vaylo embodies the fusion of handpan (Hang) with magnetic electronic beats in a unique trip\/hop, dub and world musical trip. Creative traveler and sound crafter, he had the opportunity throughout his 3 albums to collaborate with many musicians and perform- ers (flute, trumpet, saxophone, dance,...) ; and to present live with them his project all around Europe (France, Belgium, UK, Hungary). Musician since his very young age (flute, guitar, saxophone,...) and french handpan pioneer, Tom Vaylo has settled since 2007 his place in the handpan players community. Not only did he played in the most famous handpan festivals (Handpan Festival, HangOut UK, HUG festival,...), he also shared music and handpan playing lessons in the \u201cLearn from the Best\u201d serie on MasterTheHandpan, as well as in his own association in Lyon and in several international workshops (Handpan Academy, le RDV du Hang, ...).\",\"sameAs\":[\"https:\/\/www.tomvaylo.com\",\"https:\/\/www.facebook.com\/tomvaylo\",\"https:\/\/www.instagram.com\/tom_vaylo\"]}]}<\/script>\n<!-- \/ Yoast SEO plugin. -->","yoast_head_json":{"title":"Variety - A Journey in the Snow- Version Digitale - Tom Vaylo","robots":{"index":"index","follow":"follow","max-snippet":"max-snippet:-1","max-image-preview":"max-image-preview:large","max-video-preview":"max-video-preview:-1"},"canonical":"https:\/\/tomvaylo.com\/fr\/produit\/variety-a-journey-in-the-snow-version-digitale\/","og_locale":"fr_FR","og_type":"article","og_title":"Variety - A Journey in the Snow- Version Digitale - Tom Vaylo","og_description":"&nbsp;   Variety - A Journey in the Snow est le nouvel album de Tom Vaylo, tir\u00e9 de la Bande Originale qu'il a compos\u00e9 pour le film de ski freeride \/ alpinisme VARIETY de Simon Morice  Cet album vous emm\u00e8nera dans un voyage cin\u00e9matique \u00e0 travers la montagne, et sera la bande son parfaite de votre prochaine aventure !  Et pour vous remercier pour votre soutien et de suivre mon travail, je vous offre cet album au prix que vous souhaitez ! Estimez simplement le prix qu'il vaut pour vous (ou t\u00e9l\u00e9chargez le gratuitement) et t\u00e9l\u00e9chargez-le imm\u00e9diatement !","og_url":"https:\/\/tomvaylo.com\/fr\/produit\/variety-a-journey-in-the-snow-version-digitale\/","og_site_name":"Tom Vaylo","article_publisher":"https:\/\/www.facebook.com\/tomvaylo","article_modified_time":"2022-10-26T16:50:54+00:00","og_image":[{"width":2560,"height":2560,"url":"https:\/\/tomvaylo.com\/wp-content\/uploads\/2022\/10\/Cover-scaled.jpg","type":"image\/jpeg"}],"twitter_card":"summary_large_image","schema":{"@context":"https:\/\/schema.org","@graph":[{"@type":"WebPage","@id":"https:\/\/tomvaylo.com\/fr\/produit\/variety-a-journey-in-the-snow-version-digitale\/","url":"https:\/\/tomvaylo.com\/fr\/produit\/variety-a-journey-in-the-snow-version-digitale\/","name":"Variety - A Journey in the Snow- Version Digitale - Tom Vaylo","isPartOf":{"@id":"https:\/\/tomvaylo.com\/fr\/#website"},"primaryImageOfPage":{"@id":"https:\/\/tomvaylo.com\/fr\/produit\/variety-a-journey-in-the-snow-version-digitale\/#primaryimage"},"image":{"@id":"https:\/\/tomvaylo.com\/fr\/produit\/variety-a-journey-in-the-snow-version-digitale\/#primaryimage"},"thumbnailUrl":"https:\/\/tomvaylo.com\/wp-content\/uploads\/2022\/10\/Cover-scaled.jpg","datePublished":"2022-10-25T12:47:32+00:00","dateModified":"2022-10-26T16:50:54+00:00","breadcrumb":{"@id":"https:\/\/tomvaylo.com\/fr\/produit\/variety-a-journey-in-the-snow-version-digitale\/#breadcrumb"},"inLanguage":"fr-FR","potentialAction":[{"@type":"ReadAction","target":["https:\/\/tomvaylo.com\/fr\/produit\/variety-a-journey-in-the-snow-version-digitale\/"]}]},{"@type":"ImageObject","inLanguage":"fr-FR","@id":"https:\/\/tomvaylo.com\/fr\/produit\/variety-a-journey-in-the-snow-version-digitale\/#primaryimage","url":"https:\/\/tomvaylo.com\/wp-content\/uploads\/2022\/10\/Cover-scaled.jpg","contentUrl":"https:\/\/tomvaylo.com\/wp-content\/uploads\/2022\/10\/Cover-scaled.jpg","width":2560,"height":2560},{"@type":"BreadcrumbList","@id":"https:\/\/tomvaylo.com\/fr\/produit\/variety-a-journey-in-the-snow-version-digitale\/#breadcrumb","itemListElement":[{"@type":"ListItem","position":1,"name":"Home","item":"https:\/\/tomvaylo.com\/fr\/"},{"@type":"ListItem","position":2,"name":"Boutique","item":"https:\/\/tomvaylo.com\/shop\/"},{"@type":"ListItem","position":3,"name":"Variety &#8211; A Journey in the Snow- Version Digitale"}]},{"@type":"WebSite","@id":"https:\/\/tomvaylo.com\/fr\/#website","url":"https:\/\/tomvaylo.com\/fr\/","name":"Tom Vaylo","description":"Handpan electro chillout","publisher":{"@id":"https:\/\/tomvaylo.com\/fr\/#\/schema\/person\/8794eff11bdd772b4ab3e884b744b512"},"potentialAction":[{"@type":"SearchAction","target":{"@type":"EntryPoint","urlTemplate":"https:\/\/tomvaylo.com\/fr\/?s={search_term_string}"},"query-input":{"@type":"PropertyValueSpecification","valueRequired":true,"valueName":"search_term_string"}}],"inLanguage":"fr-FR"},{"@type":["Person","Organization"],"@id":"https:\/\/tomvaylo.com\/fr\/#\/schema\/person\/8794eff11bdd772b4ab3e884b744b512","name":"TomVaylo","image":{"@type":"ImageObject","inLanguage":"fr-FR","@id":"https:\/\/tomvaylo.com\/fr\/#\/schema\/person\/image\/","url":"https:\/\/tomvaylo.com\/wp-content\/uploads\/2025\/08\/tomvaylo.png","contentUrl":"https:\/\/tomvaylo.com\/wp-content\/uploads\/2025\/08\/tomvaylo.png","width":416,"height":183,"caption":"TomVaylo"},"logo":{"@id":"https:\/\/tomvaylo.com\/fr\/#\/schema\/person\/image\/"},"description":"Tom Vaylo embodies the fusion of handpan (Hang) with magnetic electronic beats in a unique trip\/hop, dub and world musical trip. Creative traveler and sound crafter, he had the opportunity throughout his 3 albums to collaborate with many musicians and perform- ers (flute, trumpet, saxophone, dance,...) ; and to present live with them his project all around Europe (France, Belgium, UK, Hungary). Musician since his very young age (flute, guitar, saxophone,...) and french handpan pioneer, Tom Vaylo has settled since 2007 his place in the handpan players community. Not only did he played in the most famous handpan festivals (Handpan Festival, HangOut UK, HUG festival,...), he also shared music and handpan playing lessons in the \u201cLearn from the Best\u201d serie on MasterTheHandpan, as well as in his own association in Lyon and in several international workshops (Handpan Academy, le RDV du Hang, ...).","sameAs":["https:\/\/www.tomvaylo.com","https:\/\/www.facebook.com\/tomvaylo","https:\/\/www.instagram.com\/tom_vaylo"]}]}},"_links":{"self":[{"href":"https:\/\/tomvaylo.com\/fr\/wp-json\/wp\/v2\/product\/522","targetHints":{"allow":["GET"]}}],"collection":[{"href":"https:\/\/tomvaylo.com\/fr\/wp-json\/wp\/v2\/product"}],"about":[{"href":"https:\/\/tomvaylo.com\/fr\/wp-json\/wp\/v2\/types\/product"}],"replies":[{"embeddable":true,"href":"https:\/\/tomvaylo.com\/fr\/wp-json\/wp\/v2\/comments?post=522"}],"wp:featuredmedia":[{"embeddable":true,"href":"https:\/\/tomvaylo.com\/fr\/wp-json\/wp\/v2\/media\/512"}],"wp:attachment":[{"href":"https:\/\/tomvaylo.com\/fr\/wp-json\/wp\/v2\/media?parent=522"}],"wp:term":[{"taxonomy":"product_brand","embeddable":true,"href":"https:\/\/tomvaylo.com\/fr\/wp-json\/wp\/v2\/product_brand?post=522"},{"taxonomy":"product_cat","embeddable":true,"href":"https:\/\/tomvaylo.com\/fr\/wp-json\/wp\/v2\/product_cat?post=522"},{"taxonomy":"product_tag","embeddable":true,"href":"https:\/\/tomvaylo.com\/fr\/wp-json\/wp\/v2\/product_tag?post=522"}],"curies":[{"name":"wp","href":"https:\/\/api.w.org\/{rel}","templated":true}]}}