{"id":78,"date":"2022-03-10T15:21:04","date_gmt":"2022-03-10T15:21:04","guid":{"rendered":"https:\/\/tomvaylo.thewebk.it\/?post_type=product&#038;p=78"},"modified":"2022-10-25T13:01:47","modified_gmt":"2022-10-25T13:01:47","slug":"earth-child-double-album","status":"publish","type":"product","link":"https:\/\/tomvaylo.com\/fr\/produit\/earth-child-double-album\/","title":{"rendered":"\u00ab\u00a0Earth Child\u00a0\u00bb Double album"},"content":{"rendered":"","protected":false},"excerpt":{"rendered":"<div class=\"woocommerce-product-details__short-description\">\n<p>Ce double album contient 2 diff\u00e9rents chemins \u00e0 emprunter, guid\u00e9s par le handpan :<\/p>\n<ul>\n<li>CD 1 : Le chemin \u201cChill\u201d : Profond, m\u00e9lodique, instrumental, ambient, m\u00e9ditatif, r\u00eaveur et orchestral. Une belle ballade musicale.<\/li>\n<li>CD2 : Le chemin \u201cPsych\u00e9d\u00e9lique\u201d : Puissant, dansant, entra\u00eenant et groovy. Un voyage audacieux dans un monde color\u00e9.<\/li>\n<\/ul>\n<p>Cette album comporte de nombreuses collaborations avec de talentueux artistes : Youthie (trompette, fl\u00fbte), Clara Bourdeix (violon), Mey (voix).<\/p>\n<p>Ce double album s\u2019appuie sur les arcanes majeurs du tarot, afin de proposer \u00e0 l\u2019auditeur plusieurs univers \u00e0 explorer\u2026 Quel chemin allez-vous emprunter ? Choisissez votre voie, explorez les mondes musicaux qui en d\u00e9coulent, guid\u00e9 par le tirage des cartes, et laissez-vous surprendre\u2026 Car seul l\u2019oracle peut pr\u00e9dire l\u2019\u00e9volution des morceaux. Et la carte associ\u00e9e est la cl\u00e9 qui en ouvre la lecture !<\/p>\n<\/div>\n","protected":false},"featured_media":79,"comment_status":"open","ping_status":"closed","template":"","meta":{"_acf_changed":false},"product_brand":[],"product_cat":[26,29],"product_tag":[],"class_list":{"0":"post-78","1":"product","2":"type-product","3":"status-publish","4":"has-post-thumbnail","6":"product_cat-albums","7":"product_cat-physical-albums","9":"first","10":"instock","11":"shipping-taxable","12":"purchasable","13":"product-type-simple","15":"catalog-layout-default","16":"columns-xs-1"},"acf":[],"yoast_head":"<!-- This site is optimized with the Yoast SEO plugin v26.9 - https:\/\/yoast.com\/product\/yoast-seo-wordpress\/ -->\n<title>&quot;Earth Child&quot; Double album - Tom Vaylo<\/title>\n<meta name=\"robots\" content=\"index, follow, max-snippet:-1, max-image-preview:large, max-video-preview:-1\" \/>\n<link rel=\"canonical\" href=\"https:\/\/tomvaylo.com\/fr\/produit\/earth-child-double-album\/\" \/>\n<meta property=\"og:locale\" content=\"fr_FR\" \/>\n<meta property=\"og:type\" content=\"article\" \/>\n<meta property=\"og:title\" content=\"&quot;Earth Child&quot; Double album - Tom Vaylo\" \/>\n<meta property=\"og:description\" content=\"Ce double album contient 2 diff\u00e9rents chemins \u00e0 emprunter, guid\u00e9s par le handpan :   CD 1 : Le chemin \u201cChill\u201d : Profond, m\u00e9lodique, instrumental, ambient, m\u00e9ditatif, r\u00eaveur et orchestral. Une belle ballade musicale.  CD2 : Le chemin \u201cPsych\u00e9d\u00e9lique\u201d : Puissant, dansant, entra\u00eenant et groovy. Un voyage audacieux dans un monde color\u00e9.  Cette album comporte de nombreuses collaborations avec de talentueux artistes : Youthie (trompette, fl\u00fbte), Clara Bourdeix (violon), Mey (voix).  Ce double album s\u2019appuie sur les arcanes majeurs du tarot, afin de proposer \u00e0 l\u2019auditeur plusieurs univers \u00e0 explorer\u2026 Quel chemin allez-vous emprunter ? Choisissez votre voie, explorez les mondes musicaux qui en d\u00e9coulent, guid\u00e9 par le tirage des cartes, et laissez-vous surprendre\u2026 Car seul l\u2019oracle peut pr\u00e9dire l\u2019\u00e9volution des morceaux. Et la carte associ\u00e9e est la cl\u00e9 qui en ouvre la lecture !\" \/>\n<meta property=\"og:url\" content=\"https:\/\/tomvaylo.com\/fr\/produit\/earth-child-double-album\/\" \/>\n<meta property=\"og:site_name\" content=\"Tom Vaylo\" \/>\n<meta property=\"article:publisher\" content=\"https:\/\/www.facebook.com\/tomvaylo\" \/>\n<meta property=\"article:modified_time\" content=\"2022-10-25T13:01:47+00:00\" \/>\n<meta property=\"og:image\" content=\"https:\/\/tomvaylo.com\/wp-content\/uploads\/2022\/03\/pochettepreview.jpg\" \/>\n\t<meta property=\"og:image:width\" content=\"1425\" \/>\n\t<meta property=\"og:image:height\" content=\"801\" \/>\n\t<meta property=\"og:image:type\" content=\"image\/jpeg\" \/>\n<meta name=\"twitter:card\" content=\"summary_large_image\" \/>\n<script type=\"application\/ld+json\" class=\"yoast-schema-graph\">{\"@context\":\"https:\/\/schema.org\",\"@graph\":[{\"@type\":\"WebPage\",\"@id\":\"https:\/\/tomvaylo.com\/fr\/produit\/earth-child-double-album\/\",\"url\":\"https:\/\/tomvaylo.com\/fr\/produit\/earth-child-double-album\/\",\"name\":\"\\\"Earth Child\\\" Double album - Tom Vaylo\",\"isPartOf\":{\"@id\":\"https:\/\/tomvaylo.com\/fr\/#website\"},\"primaryImageOfPage\":{\"@id\":\"https:\/\/tomvaylo.com\/fr\/produit\/earth-child-double-album\/#primaryimage\"},\"image\":{\"@id\":\"https:\/\/tomvaylo.com\/fr\/produit\/earth-child-double-album\/#primaryimage\"},\"thumbnailUrl\":\"https:\/\/tomvaylo.com\/wp-content\/uploads\/2022\/03\/pochettepreview.jpg\",\"datePublished\":\"2022-03-10T15:21:04+00:00\",\"dateModified\":\"2022-10-25T13:01:47+00:00\",\"breadcrumb\":{\"@id\":\"https:\/\/tomvaylo.com\/fr\/produit\/earth-child-double-album\/#breadcrumb\"},\"inLanguage\":\"fr-FR\",\"potentialAction\":[{\"@type\":\"ReadAction\",\"target\":[\"https:\/\/tomvaylo.com\/fr\/produit\/earth-child-double-album\/\"]}]},{\"@type\":\"ImageObject\",\"inLanguage\":\"fr-FR\",\"@id\":\"https:\/\/tomvaylo.com\/fr\/produit\/earth-child-double-album\/#primaryimage\",\"url\":\"https:\/\/tomvaylo.com\/wp-content\/uploads\/2022\/03\/pochettepreview.jpg\",\"contentUrl\":\"https:\/\/tomvaylo.com\/wp-content\/uploads\/2022\/03\/pochettepreview.jpg\",\"width\":1425,\"height\":801},{\"@type\":\"BreadcrumbList\",\"@id\":\"https:\/\/tomvaylo.com\/fr\/produit\/earth-child-double-album\/#breadcrumb\",\"itemListElement\":[{\"@type\":\"ListItem\",\"position\":1,\"name\":\"Home\",\"item\":\"https:\/\/tomvaylo.com\/fr\/\"},{\"@type\":\"ListItem\",\"position\":2,\"name\":\"Boutique\",\"item\":\"https:\/\/tomvaylo.com\/shop\/\"},{\"@type\":\"ListItem\",\"position\":3,\"name\":\"&#8220;Earth Child&#8221; Double album\"}]},{\"@type\":\"WebSite\",\"@id\":\"https:\/\/tomvaylo.com\/fr\/#website\",\"url\":\"https:\/\/tomvaylo.com\/fr\/\",\"name\":\"Tom Vaylo\",\"description\":\"Handpan electro chillout\",\"publisher\":{\"@id\":\"https:\/\/tomvaylo.com\/fr\/#\/schema\/person\/8794eff11bdd772b4ab3e884b744b512\"},\"potentialAction\":[{\"@type\":\"SearchAction\",\"target\":{\"@type\":\"EntryPoint\",\"urlTemplate\":\"https:\/\/tomvaylo.com\/fr\/?s={search_term_string}\"},\"query-input\":{\"@type\":\"PropertyValueSpecification\",\"valueRequired\":true,\"valueName\":\"search_term_string\"}}],\"inLanguage\":\"fr-FR\"},{\"@type\":[\"Person\",\"Organization\"],\"@id\":\"https:\/\/tomvaylo.com\/fr\/#\/schema\/person\/8794eff11bdd772b4ab3e884b744b512\",\"name\":\"TomVaylo\",\"image\":{\"@type\":\"ImageObject\",\"inLanguage\":\"fr-FR\",\"@id\":\"https:\/\/tomvaylo.com\/fr\/#\/schema\/person\/image\/\",\"url\":\"https:\/\/tomvaylo.com\/wp-content\/uploads\/2025\/08\/tomvaylo.png\",\"contentUrl\":\"https:\/\/tomvaylo.com\/wp-content\/uploads\/2025\/08\/tomvaylo.png\",\"width\":416,\"height\":183,\"caption\":\"TomVaylo\"},\"logo\":{\"@id\":\"https:\/\/tomvaylo.com\/fr\/#\/schema\/person\/image\/\"},\"description\":\"Tom Vaylo embodies the fusion of handpan (Hang) with magnetic electronic beats in a unique trip\/hop, dub and world musical trip. Creative traveler and sound crafter, he had the opportunity throughout his 3 albums to collaborate with many musicians and perform- ers (flute, trumpet, saxophone, dance,...) ; and to present live with them his project all around Europe (France, Belgium, UK, Hungary). Musician since his very young age (flute, guitar, saxophone,...) and french handpan pioneer, Tom Vaylo has settled since 2007 his place in the handpan players community. Not only did he played in the most famous handpan festivals (Handpan Festival, HangOut UK, HUG festival,...), he also shared music and handpan playing lessons in the \u201cLearn from the Best\u201d serie on MasterTheHandpan, as well as in his own association in Lyon and in several international workshops (Handpan Academy, le RDV du Hang, ...).\",\"sameAs\":[\"https:\/\/www.tomvaylo.com\",\"https:\/\/www.facebook.com\/tomvaylo\",\"https:\/\/www.instagram.com\/tom_vaylo\"]}]}<\/script>\n<!-- \/ Yoast SEO plugin. -->","yoast_head_json":{"title":"\"Earth Child\" Double album - Tom Vaylo","robots":{"index":"index","follow":"follow","max-snippet":"max-snippet:-1","max-image-preview":"max-image-preview:large","max-video-preview":"max-video-preview:-1"},"canonical":"https:\/\/tomvaylo.com\/fr\/produit\/earth-child-double-album\/","og_locale":"fr_FR","og_type":"article","og_title":"\"Earth Child\" Double album - Tom Vaylo","og_description":"Ce double album contient 2 diff\u00e9rents chemins \u00e0 emprunter, guid\u00e9s par le handpan :   CD 1 : Le chemin \u201cChill\u201d : Profond, m\u00e9lodique, instrumental, ambient, m\u00e9ditatif, r\u00eaveur et orchestral. Une belle ballade musicale.  CD2 : Le chemin \u201cPsych\u00e9d\u00e9lique\u201d : Puissant, dansant, entra\u00eenant et groovy. Un voyage audacieux dans un monde color\u00e9.  Cette album comporte de nombreuses collaborations avec de talentueux artistes : Youthie (trompette, fl\u00fbte), Clara Bourdeix (violon), Mey (voix).  Ce double album s\u2019appuie sur les arcanes majeurs du tarot, afin de proposer \u00e0 l\u2019auditeur plusieurs univers \u00e0 explorer\u2026 Quel chemin allez-vous emprunter ? Choisissez votre voie, explorez les mondes musicaux qui en d\u00e9coulent, guid\u00e9 par le tirage des cartes, et laissez-vous surprendre\u2026 Car seul l\u2019oracle peut pr\u00e9dire l\u2019\u00e9volution des morceaux. Et la carte associ\u00e9e est la cl\u00e9 qui en ouvre la lecture !","og_url":"https:\/\/tomvaylo.com\/fr\/produit\/earth-child-double-album\/","og_site_name":"Tom Vaylo","article_publisher":"https:\/\/www.facebook.com\/tomvaylo","article_modified_time":"2022-10-25T13:01:47+00:00","og_image":[{"width":1425,"height":801,"url":"https:\/\/tomvaylo.com\/wp-content\/uploads\/2022\/03\/pochettepreview.jpg","type":"image\/jpeg"}],"twitter_card":"summary_large_image","schema":{"@context":"https:\/\/schema.org","@graph":[{"@type":"WebPage","@id":"https:\/\/tomvaylo.com\/fr\/produit\/earth-child-double-album\/","url":"https:\/\/tomvaylo.com\/fr\/produit\/earth-child-double-album\/","name":"\"Earth Child\" Double album - Tom Vaylo","isPartOf":{"@id":"https:\/\/tomvaylo.com\/fr\/#website"},"primaryImageOfPage":{"@id":"https:\/\/tomvaylo.com\/fr\/produit\/earth-child-double-album\/#primaryimage"},"image":{"@id":"https:\/\/tomvaylo.com\/fr\/produit\/earth-child-double-album\/#primaryimage"},"thumbnailUrl":"https:\/\/tomvaylo.com\/wp-content\/uploads\/2022\/03\/pochettepreview.jpg","datePublished":"2022-03-10T15:21:04+00:00","dateModified":"2022-10-25T13:01:47+00:00","breadcrumb":{"@id":"https:\/\/tomvaylo.com\/fr\/produit\/earth-child-double-album\/#breadcrumb"},"inLanguage":"fr-FR","potentialAction":[{"@type":"ReadAction","target":["https:\/\/tomvaylo.com\/fr\/produit\/earth-child-double-album\/"]}]},{"@type":"ImageObject","inLanguage":"fr-FR","@id":"https:\/\/tomvaylo.com\/fr\/produit\/earth-child-double-album\/#primaryimage","url":"https:\/\/tomvaylo.com\/wp-content\/uploads\/2022\/03\/pochettepreview.jpg","contentUrl":"https:\/\/tomvaylo.com\/wp-content\/uploads\/2022\/03\/pochettepreview.jpg","width":1425,"height":801},{"@type":"BreadcrumbList","@id":"https:\/\/tomvaylo.com\/fr\/produit\/earth-child-double-album\/#breadcrumb","itemListElement":[{"@type":"ListItem","position":1,"name":"Home","item":"https:\/\/tomvaylo.com\/fr\/"},{"@type":"ListItem","position":2,"name":"Boutique","item":"https:\/\/tomvaylo.com\/shop\/"},{"@type":"ListItem","position":3,"name":"&#8220;Earth Child&#8221; Double album"}]},{"@type":"WebSite","@id":"https:\/\/tomvaylo.com\/fr\/#website","url":"https:\/\/tomvaylo.com\/fr\/","name":"Tom Vaylo","description":"Handpan electro chillout","publisher":{"@id":"https:\/\/tomvaylo.com\/fr\/#\/schema\/person\/8794eff11bdd772b4ab3e884b744b512"},"potentialAction":[{"@type":"SearchAction","target":{"@type":"EntryPoint","urlTemplate":"https:\/\/tomvaylo.com\/fr\/?s={search_term_string}"},"query-input":{"@type":"PropertyValueSpecification","valueRequired":true,"valueName":"search_term_string"}}],"inLanguage":"fr-FR"},{"@type":["Person","Organization"],"@id":"https:\/\/tomvaylo.com\/fr\/#\/schema\/person\/8794eff11bdd772b4ab3e884b744b512","name":"TomVaylo","image":{"@type":"ImageObject","inLanguage":"fr-FR","@id":"https:\/\/tomvaylo.com\/fr\/#\/schema\/person\/image\/","url":"https:\/\/tomvaylo.com\/wp-content\/uploads\/2025\/08\/tomvaylo.png","contentUrl":"https:\/\/tomvaylo.com\/wp-content\/uploads\/2025\/08\/tomvaylo.png","width":416,"height":183,"caption":"TomVaylo"},"logo":{"@id":"https:\/\/tomvaylo.com\/fr\/#\/schema\/person\/image\/"},"description":"Tom Vaylo embodies the fusion of handpan (Hang) with magnetic electronic beats in a unique trip\/hop, dub and world musical trip. Creative traveler and sound crafter, he had the opportunity throughout his 3 albums to collaborate with many musicians and perform- ers (flute, trumpet, saxophone, dance,...) ; and to present live with them his project all around Europe (France, Belgium, UK, Hungary). Musician since his very young age (flute, guitar, saxophone,...) and french handpan pioneer, Tom Vaylo has settled since 2007 his place in the handpan players community. Not only did he played in the most famous handpan festivals (Handpan Festival, HangOut UK, HUG festival,...), he also shared music and handpan playing lessons in the \u201cLearn from the Best\u201d serie on MasterTheHandpan, as well as in his own association in Lyon and in several international workshops (Handpan Academy, le RDV du Hang, ...).","sameAs":["https:\/\/www.tomvaylo.com","https:\/\/www.facebook.com\/tomvaylo","https:\/\/www.instagram.com\/tom_vaylo"]}]}},"_links":{"self":[{"href":"https:\/\/tomvaylo.com\/fr\/wp-json\/wp\/v2\/product\/78","targetHints":{"allow":["GET"]}}],"collection":[{"href":"https:\/\/tomvaylo.com\/fr\/wp-json\/wp\/v2\/product"}],"about":[{"href":"https:\/\/tomvaylo.com\/fr\/wp-json\/wp\/v2\/types\/product"}],"replies":[{"embeddable":true,"href":"https:\/\/tomvaylo.com\/fr\/wp-json\/wp\/v2\/comments?post=78"}],"wp:featuredmedia":[{"embeddable":true,"href":"https:\/\/tomvaylo.com\/fr\/wp-json\/wp\/v2\/media\/79"}],"wp:attachment":[{"href":"https:\/\/tomvaylo.com\/fr\/wp-json\/wp\/v2\/media?parent=78"}],"wp:term":[{"taxonomy":"product_brand","embeddable":true,"href":"https:\/\/tomvaylo.com\/fr\/wp-json\/wp\/v2\/product_brand?post=78"},{"taxonomy":"product_cat","embeddable":true,"href":"https:\/\/tomvaylo.com\/fr\/wp-json\/wp\/v2\/product_cat?post=78"},{"taxonomy":"product_tag","embeddable":true,"href":"https:\/\/tomvaylo.com\/fr\/wp-json\/wp\/v2\/product_tag?post=78"}],"curies":[{"name":"wp","href":"https:\/\/api.w.org\/{rel}","templated":true}]}}