{"id":93,"date":"2022-03-10T15:42:12","date_gmt":"2022-03-10T15:42:12","guid":{"rendered":"https:\/\/tomvaylo.thewebk.it\/?post_type=product&#038;p=93"},"modified":"2024-11-25T15:08:55","modified_gmt":"2024-11-25T15:08:55","slug":"handpan-initiation-gift-card","status":"publish","type":"product","link":"https:\/\/tomvaylo.com\/fr\/produit\/handpan-initiation-gift-card\/","title":{"rendered":"Initiation Handpan &#8211; Carte Cadeau"},"content":{"rendered":"","protected":false},"excerpt":{"rendered":"<p>Offrez ou offrez-vous un moment de magie avec cette carte cadeau pour une initiaiton au handpan !<\/p>\n<p>Les initiations sont des sessions individuelles de 2h durant laquelle je vous ferais d\u00e9couvrir toutes les subtilit\u00e9s de cet instrument. De son histoire aux techniques de jeu, vous apprendrez tout ce qu&rsquo;il faut savoir sur le handpan, notamment comment en choisir un qui vous pla\u00eet vraiment, comment \u00e9viter les arnaques, reconna\u00eetre la qualit\u00e9 d&rsquo;un handpan, les bases du toucher et du jeu, et comment jouer vos premi\u00e8res m\u00e9lodies.<\/p>\n<p>Pour plus d&rsquo;infos, n&rsquo;h\u00e9sitez pas \u00e0 me contacter directement !<\/p>\n","protected":false},"featured_media":910,"comment_status":"open","ping_status":"closed","template":"","meta":{"_acf_changed":false},"product_brand":[],"product_cat":[30],"product_tag":[],"class_list":{"0":"post-93","1":"product","2":"type-product","3":"status-publish","4":"has-post-thumbnail","6":"product_cat-handpan-lessons","8":"first","9":"instock","10":"virtual","11":"purchasable","12":"product-type-simple","14":"catalog-layout-default","15":"columns-xs-1"},"acf":[],"yoast_head":"<!-- This site is optimized with the Yoast SEO plugin v26.9 - https:\/\/yoast.com\/product\/yoast-seo-wordpress\/ -->\n<title>Initiation Handpan - Carte Cadeau - Tom Vaylo<\/title>\n<meta name=\"robots\" content=\"index, follow, max-snippet:-1, max-image-preview:large, max-video-preview:-1\" \/>\n<link rel=\"canonical\" href=\"https:\/\/tomvaylo.com\/fr\/produit\/handpan-initiation-gift-card\/\" \/>\n<meta property=\"og:locale\" content=\"fr_FR\" \/>\n<meta property=\"og:type\" content=\"article\" \/>\n<meta property=\"og:title\" content=\"Initiation Handpan - Carte Cadeau - Tom Vaylo\" \/>\n<meta property=\"og:description\" content=\"Offrez ou offrez-vous un moment de magie avec cette carte cadeau pour une initiaiton au handpan !  Les initiations sont des sessions individuelles de 2h durant laquelle je vous ferais d\u00e9couvrir toutes les subtilit\u00e9s de cet instrument. De son histoire aux techniques de jeu, vous apprendrez tout ce qu&#039;il faut savoir sur le handpan, notamment comment en choisir un qui vous pla\u00eet vraiment, comment \u00e9viter les arnaques, reconna\u00eetre la qualit\u00e9 d&#039;un handpan, les bases du toucher et du jeu, et comment jouer vos premi\u00e8res m\u00e9lodies.  Pour plus d&#039;infos, n&#039;h\u00e9sitez pas \u00e0 me contacter directement !\" \/>\n<meta property=\"og:url\" content=\"https:\/\/tomvaylo.com\/fr\/produit\/handpan-initiation-gift-card\/\" \/>\n<meta property=\"og:site_name\" content=\"Tom Vaylo\" \/>\n<meta property=\"article:publisher\" content=\"https:\/\/www.facebook.com\/tomvaylo\" \/>\n<meta property=\"article:modified_time\" content=\"2024-11-25T15:08:55+00:00\" \/>\n<meta property=\"og:image\" content=\"https:\/\/tomvaylo.com\/wp-content\/uploads\/2022\/03\/carte-cadeau-Initiation-handpan-scaled.jpg\" \/>\n\t<meta property=\"og:image:width\" content=\"2560\" \/>\n\t<meta property=\"og:image:height\" content=\"1440\" \/>\n\t<meta property=\"og:image:type\" content=\"image\/jpeg\" \/>\n<meta name=\"twitter:card\" content=\"summary_large_image\" \/>\n<script type=\"application\/ld+json\" class=\"yoast-schema-graph\">{\"@context\":\"https:\/\/schema.org\",\"@graph\":[{\"@type\":\"WebPage\",\"@id\":\"https:\/\/tomvaylo.com\/fr\/produit\/handpan-initiation-gift-card\/\",\"url\":\"https:\/\/tomvaylo.com\/fr\/produit\/handpan-initiation-gift-card\/\",\"name\":\"Initiation Handpan - Carte Cadeau - Tom Vaylo\",\"isPartOf\":{\"@id\":\"https:\/\/tomvaylo.com\/fr\/#website\"},\"primaryImageOfPage\":{\"@id\":\"https:\/\/tomvaylo.com\/fr\/produit\/handpan-initiation-gift-card\/#primaryimage\"},\"image\":{\"@id\":\"https:\/\/tomvaylo.com\/fr\/produit\/handpan-initiation-gift-card\/#primaryimage\"},\"thumbnailUrl\":\"https:\/\/tomvaylo.com\/wp-content\/uploads\/2022\/03\/carte-cadeau-Initiation-handpan-scaled.jpg\",\"datePublished\":\"2022-03-10T15:42:12+00:00\",\"dateModified\":\"2024-11-25T15:08:55+00:00\",\"breadcrumb\":{\"@id\":\"https:\/\/tomvaylo.com\/fr\/produit\/handpan-initiation-gift-card\/#breadcrumb\"},\"inLanguage\":\"fr-FR\",\"potentialAction\":[{\"@type\":\"ReadAction\",\"target\":[\"https:\/\/tomvaylo.com\/fr\/produit\/handpan-initiation-gift-card\/\"]}]},{\"@type\":\"ImageObject\",\"inLanguage\":\"fr-FR\",\"@id\":\"https:\/\/tomvaylo.com\/fr\/produit\/handpan-initiation-gift-card\/#primaryimage\",\"url\":\"https:\/\/tomvaylo.com\/wp-content\/uploads\/2022\/03\/carte-cadeau-Initiation-handpan-scaled.jpg\",\"contentUrl\":\"https:\/\/tomvaylo.com\/wp-content\/uploads\/2022\/03\/carte-cadeau-Initiation-handpan-scaled.jpg\",\"width\":2560,\"height\":1440},{\"@type\":\"BreadcrumbList\",\"@id\":\"https:\/\/tomvaylo.com\/fr\/produit\/handpan-initiation-gift-card\/#breadcrumb\",\"itemListElement\":[{\"@type\":\"ListItem\",\"position\":1,\"name\":\"Home\",\"item\":\"https:\/\/tomvaylo.com\/fr\/\"},{\"@type\":\"ListItem\",\"position\":2,\"name\":\"Boutique\",\"item\":\"https:\/\/tomvaylo.com\/shop\/\"},{\"@type\":\"ListItem\",\"position\":3,\"name\":\"Initiation Handpan &#8211; Carte Cadeau\"}]},{\"@type\":\"WebSite\",\"@id\":\"https:\/\/tomvaylo.com\/fr\/#website\",\"url\":\"https:\/\/tomvaylo.com\/fr\/\",\"name\":\"Tom Vaylo\",\"description\":\"Handpan electro chillout\",\"publisher\":{\"@id\":\"https:\/\/tomvaylo.com\/fr\/#\/schema\/person\/8794eff11bdd772b4ab3e884b744b512\"},\"potentialAction\":[{\"@type\":\"SearchAction\",\"target\":{\"@type\":\"EntryPoint\",\"urlTemplate\":\"https:\/\/tomvaylo.com\/fr\/?s={search_term_string}\"},\"query-input\":{\"@type\":\"PropertyValueSpecification\",\"valueRequired\":true,\"valueName\":\"search_term_string\"}}],\"inLanguage\":\"fr-FR\"},{\"@type\":[\"Person\",\"Organization\"],\"@id\":\"https:\/\/tomvaylo.com\/fr\/#\/schema\/person\/8794eff11bdd772b4ab3e884b744b512\",\"name\":\"TomVaylo\",\"image\":{\"@type\":\"ImageObject\",\"inLanguage\":\"fr-FR\",\"@id\":\"https:\/\/tomvaylo.com\/fr\/#\/schema\/person\/image\/\",\"url\":\"https:\/\/tomvaylo.com\/wp-content\/uploads\/2025\/08\/tomvaylo.png\",\"contentUrl\":\"https:\/\/tomvaylo.com\/wp-content\/uploads\/2025\/08\/tomvaylo.png\",\"width\":416,\"height\":183,\"caption\":\"TomVaylo\"},\"logo\":{\"@id\":\"https:\/\/tomvaylo.com\/fr\/#\/schema\/person\/image\/\"},\"description\":\"Tom Vaylo embodies the fusion of handpan (Hang) with magnetic electronic beats in a unique trip\/hop, dub and world musical trip. Creative traveler and sound crafter, he had the opportunity throughout his 3 albums to collaborate with many musicians and perform- ers (flute, trumpet, saxophone, dance,...) ; and to present live with them his project all around Europe (France, Belgium, UK, Hungary). Musician since his very young age (flute, guitar, saxophone,...) and french handpan pioneer, Tom Vaylo has settled since 2007 his place in the handpan players community. Not only did he played in the most famous handpan festivals (Handpan Festival, HangOut UK, HUG festival,...), he also shared music and handpan playing lessons in the \u201cLearn from the Best\u201d serie on MasterTheHandpan, as well as in his own association in Lyon and in several international workshops (Handpan Academy, le RDV du Hang, ...).\",\"sameAs\":[\"https:\/\/www.tomvaylo.com\",\"https:\/\/www.facebook.com\/tomvaylo\",\"https:\/\/www.instagram.com\/tom_vaylo\"]}]}<\/script>\n<!-- \/ Yoast SEO plugin. -->","yoast_head_json":{"title":"Initiation Handpan - Carte Cadeau - Tom Vaylo","robots":{"index":"index","follow":"follow","max-snippet":"max-snippet:-1","max-image-preview":"max-image-preview:large","max-video-preview":"max-video-preview:-1"},"canonical":"https:\/\/tomvaylo.com\/fr\/produit\/handpan-initiation-gift-card\/","og_locale":"fr_FR","og_type":"article","og_title":"Initiation Handpan - Carte Cadeau - Tom Vaylo","og_description":"Offrez ou offrez-vous un moment de magie avec cette carte cadeau pour une initiaiton au handpan !  Les initiations sont des sessions individuelles de 2h durant laquelle je vous ferais d\u00e9couvrir toutes les subtilit\u00e9s de cet instrument. De son histoire aux techniques de jeu, vous apprendrez tout ce qu'il faut savoir sur le handpan, notamment comment en choisir un qui vous pla\u00eet vraiment, comment \u00e9viter les arnaques, reconna\u00eetre la qualit\u00e9 d'un handpan, les bases du toucher et du jeu, et comment jouer vos premi\u00e8res m\u00e9lodies.  Pour plus d'infos, n'h\u00e9sitez pas \u00e0 me contacter directement !","og_url":"https:\/\/tomvaylo.com\/fr\/produit\/handpan-initiation-gift-card\/","og_site_name":"Tom Vaylo","article_publisher":"https:\/\/www.facebook.com\/tomvaylo","article_modified_time":"2024-11-25T15:08:55+00:00","og_image":[{"width":2560,"height":1440,"url":"https:\/\/tomvaylo.com\/wp-content\/uploads\/2022\/03\/carte-cadeau-Initiation-handpan-scaled.jpg","type":"image\/jpeg"}],"twitter_card":"summary_large_image","schema":{"@context":"https:\/\/schema.org","@graph":[{"@type":"WebPage","@id":"https:\/\/tomvaylo.com\/fr\/produit\/handpan-initiation-gift-card\/","url":"https:\/\/tomvaylo.com\/fr\/produit\/handpan-initiation-gift-card\/","name":"Initiation Handpan - Carte Cadeau - Tom Vaylo","isPartOf":{"@id":"https:\/\/tomvaylo.com\/fr\/#website"},"primaryImageOfPage":{"@id":"https:\/\/tomvaylo.com\/fr\/produit\/handpan-initiation-gift-card\/#primaryimage"},"image":{"@id":"https:\/\/tomvaylo.com\/fr\/produit\/handpan-initiation-gift-card\/#primaryimage"},"thumbnailUrl":"https:\/\/tomvaylo.com\/wp-content\/uploads\/2022\/03\/carte-cadeau-Initiation-handpan-scaled.jpg","datePublished":"2022-03-10T15:42:12+00:00","dateModified":"2024-11-25T15:08:55+00:00","breadcrumb":{"@id":"https:\/\/tomvaylo.com\/fr\/produit\/handpan-initiation-gift-card\/#breadcrumb"},"inLanguage":"fr-FR","potentialAction":[{"@type":"ReadAction","target":["https:\/\/tomvaylo.com\/fr\/produit\/handpan-initiation-gift-card\/"]}]},{"@type":"ImageObject","inLanguage":"fr-FR","@id":"https:\/\/tomvaylo.com\/fr\/produit\/handpan-initiation-gift-card\/#primaryimage","url":"https:\/\/tomvaylo.com\/wp-content\/uploads\/2022\/03\/carte-cadeau-Initiation-handpan-scaled.jpg","contentUrl":"https:\/\/tomvaylo.com\/wp-content\/uploads\/2022\/03\/carte-cadeau-Initiation-handpan-scaled.jpg","width":2560,"height":1440},{"@type":"BreadcrumbList","@id":"https:\/\/tomvaylo.com\/fr\/produit\/handpan-initiation-gift-card\/#breadcrumb","itemListElement":[{"@type":"ListItem","position":1,"name":"Home","item":"https:\/\/tomvaylo.com\/fr\/"},{"@type":"ListItem","position":2,"name":"Boutique","item":"https:\/\/tomvaylo.com\/shop\/"},{"@type":"ListItem","position":3,"name":"Initiation Handpan &#8211; Carte Cadeau"}]},{"@type":"WebSite","@id":"https:\/\/tomvaylo.com\/fr\/#website","url":"https:\/\/tomvaylo.com\/fr\/","name":"Tom Vaylo","description":"Handpan electro chillout","publisher":{"@id":"https:\/\/tomvaylo.com\/fr\/#\/schema\/person\/8794eff11bdd772b4ab3e884b744b512"},"potentialAction":[{"@type":"SearchAction","target":{"@type":"EntryPoint","urlTemplate":"https:\/\/tomvaylo.com\/fr\/?s={search_term_string}"},"query-input":{"@type":"PropertyValueSpecification","valueRequired":true,"valueName":"search_term_string"}}],"inLanguage":"fr-FR"},{"@type":["Person","Organization"],"@id":"https:\/\/tomvaylo.com\/fr\/#\/schema\/person\/8794eff11bdd772b4ab3e884b744b512","name":"TomVaylo","image":{"@type":"ImageObject","inLanguage":"fr-FR","@id":"https:\/\/tomvaylo.com\/fr\/#\/schema\/person\/image\/","url":"https:\/\/tomvaylo.com\/wp-content\/uploads\/2025\/08\/tomvaylo.png","contentUrl":"https:\/\/tomvaylo.com\/wp-content\/uploads\/2025\/08\/tomvaylo.png","width":416,"height":183,"caption":"TomVaylo"},"logo":{"@id":"https:\/\/tomvaylo.com\/fr\/#\/schema\/person\/image\/"},"description":"Tom Vaylo embodies the fusion of handpan (Hang) with magnetic electronic beats in a unique trip\/hop, dub and world musical trip. Creative traveler and sound crafter, he had the opportunity throughout his 3 albums to collaborate with many musicians and perform- ers (flute, trumpet, saxophone, dance,...) ; and to present live with them his project all around Europe (France, Belgium, UK, Hungary). Musician since his very young age (flute, guitar, saxophone,...) and french handpan pioneer, Tom Vaylo has settled since 2007 his place in the handpan players community. Not only did he played in the most famous handpan festivals (Handpan Festival, HangOut UK, HUG festival,...), he also shared music and handpan playing lessons in the \u201cLearn from the Best\u201d serie on MasterTheHandpan, as well as in his own association in Lyon and in several international workshops (Handpan Academy, le RDV du Hang, ...).","sameAs":["https:\/\/www.tomvaylo.com","https:\/\/www.facebook.com\/tomvaylo","https:\/\/www.instagram.com\/tom_vaylo"]}]}},"_links":{"self":[{"href":"https:\/\/tomvaylo.com\/fr\/wp-json\/wp\/v2\/product\/93","targetHints":{"allow":["GET"]}}],"collection":[{"href":"https:\/\/tomvaylo.com\/fr\/wp-json\/wp\/v2\/product"}],"about":[{"href":"https:\/\/tomvaylo.com\/fr\/wp-json\/wp\/v2\/types\/product"}],"replies":[{"embeddable":true,"href":"https:\/\/tomvaylo.com\/fr\/wp-json\/wp\/v2\/comments?post=93"}],"wp:featuredmedia":[{"embeddable":true,"href":"https:\/\/tomvaylo.com\/fr\/wp-json\/wp\/v2\/media\/910"}],"wp:attachment":[{"href":"https:\/\/tomvaylo.com\/fr\/wp-json\/wp\/v2\/media?parent=93"}],"wp:term":[{"taxonomy":"product_brand","embeddable":true,"href":"https:\/\/tomvaylo.com\/fr\/wp-json\/wp\/v2\/product_brand?post=93"},{"taxonomy":"product_cat","embeddable":true,"href":"https:\/\/tomvaylo.com\/fr\/wp-json\/wp\/v2\/product_cat?post=93"},{"taxonomy":"product_tag","embeddable":true,"href":"https:\/\/tomvaylo.com\/fr\/wp-json\/wp\/v2\/product_tag?post=93"}],"curies":[{"name":"wp","href":"https:\/\/api.w.org\/{rel}","templated":true}]}}