{"id":96,"date":"2022-03-10T15:44:49","date_gmt":"2022-03-10T15:44:49","guid":{"rendered":"https:\/\/tomvaylo.thewebk.it\/?post_type=product&#038;p=96"},"modified":"2024-03-02T23:23:29","modified_gmt":"2024-03-02T23:23:29","slug":"handpan-lesson","status":"publish","type":"product","link":"https:\/\/tomvaylo.com\/fr\/produit\/handpan-lesson\/","title":{"rendered":"Cours de Handpan"},"content":{"rendered":"","protected":false},"excerpt":{"rendered":"<p>Vous souhaitez am\u00e9liorer votre jeu, obtenir des astuces pour arr\u00eater de tourner en rond ou d\u00e9couvrir de nouvelles techniques ?<\/p>\n<p>Je propose aussi des le\u00e7ons de handpan \u00e0 Lyon ! Les le\u00e7ons sont individuelles et adapt\u00e9es \u00e0 chaque \u00e9l\u00e8ve selon ses envies et besoins ; et s\u2019appuient sur plusieurs th\u00e8mes : technique\/rythme\/m\u00e9lodie\/th\u00e9orie\/composition\/interpr\u00e9tation\/improvisation \u2026 Tout est possible, bien que j\u2019aime \u00e0 voir la musique comme un moyen d\u2019expression, et \u00e0 conforter mes \u00e9l\u00e8ves dans la composition et l\u2019improvisation.<\/p>\n<p>Je suis tr\u00e8s \u00e0 l\u2019\u00e9coute des \u00e9l\u00e8ves pour leur fournir des cours tr\u00e8s personnels et adapt\u00e9s \u00e0 leurs envies.<\/p>\n<p>Vous pouvez r\u00e9server des cours directement depuis le site, ou tout simplement me contacter via le formulaire \u201cContact\u201d pour en discuter ensemble.<\/p>\n","protected":false},"featured_media":97,"comment_status":"open","ping_status":"closed","template":"","meta":{"_acf_changed":false},"product_brand":[],"product_cat":[26,27],"product_tag":[],"class_list":{"0":"post-96","1":"product","2":"type-product","3":"status-publish","4":"has-post-thumbnail","6":"product_cat-albums","7":"product_cat-digital-albums","8":"product_shipping_class-flat-rate-shipping","10":"first","11":"instock","12":"virtual","13":"purchasable","14":"product-type-simple","16":"catalog-layout-default","17":"columns-xs-1"},"acf":[],"yoast_head":"<!-- This site is optimized with the Yoast SEO plugin v26.9 - https:\/\/yoast.com\/product\/yoast-seo-wordpress\/ -->\n<title>Cours de Handpan - Tom Vaylo<\/title>\n<meta name=\"robots\" content=\"index, follow, max-snippet:-1, max-image-preview:large, max-video-preview:-1\" \/>\n<link rel=\"canonical\" href=\"https:\/\/tomvaylo.com\/fr\/produit\/handpan-lesson\/\" \/>\n<meta property=\"og:locale\" content=\"fr_FR\" \/>\n<meta property=\"og:type\" content=\"article\" \/>\n<meta property=\"og:title\" content=\"Cours de Handpan - Tom Vaylo\" \/>\n<meta property=\"og:description\" content=\"Vous souhaitez am\u00e9liorer votre jeu, obtenir des astuces pour arr\u00eater de tourner en rond ou d\u00e9couvrir de nouvelles techniques ?  Je propose aussi des le\u00e7ons de handpan \u00e0 Lyon ! Les le\u00e7ons sont individuelles et adapt\u00e9es \u00e0 chaque \u00e9l\u00e8ve selon ses envies et besoins ; et s\u2019appuient sur plusieurs th\u00e8mes : technique\/rythme\/m\u00e9lodie\/th\u00e9orie\/composition\/interpr\u00e9tation\/improvisation \u2026 Tout est possible, bien que j\u2019aime \u00e0 voir la musique comme un moyen d\u2019expression, et \u00e0 conforter mes \u00e9l\u00e8ves dans la composition et l\u2019improvisation.  Je suis tr\u00e8s \u00e0 l\u2019\u00e9coute des \u00e9l\u00e8ves pour leur fournir des cours tr\u00e8s personnels et adapt\u00e9s \u00e0 leurs envies.  Vous pouvez r\u00e9server des cours directement depuis le site, ou tout simplement me contacter via le formulaire \u201cContact\u201d pour en discuter ensemble.\" \/>\n<meta property=\"og:url\" content=\"https:\/\/tomvaylo.com\/fr\/produit\/handpan-lesson\/\" \/>\n<meta property=\"og:site_name\" content=\"Tom Vaylo\" \/>\n<meta property=\"article:publisher\" content=\"https:\/\/www.facebook.com\/tomvaylo\" \/>\n<meta property=\"article:modified_time\" content=\"2024-03-02T23:23:29+00:00\" \/>\n<meta property=\"og:image\" content=\"https:\/\/tomvaylo.com\/wp-content\/uploads\/2022\/03\/VF9A3010-scaled.jpg\" \/>\n\t<meta property=\"og:image:width\" content=\"2560\" \/>\n\t<meta property=\"og:image:height\" content=\"1707\" \/>\n\t<meta property=\"og:image:type\" content=\"image\/jpeg\" \/>\n<meta name=\"twitter:card\" content=\"summary_large_image\" \/>\n<script type=\"application\/ld+json\" class=\"yoast-schema-graph\">{\"@context\":\"https:\/\/schema.org\",\"@graph\":[{\"@type\":\"WebPage\",\"@id\":\"https:\/\/tomvaylo.com\/fr\/produit\/handpan-lesson\/\",\"url\":\"https:\/\/tomvaylo.com\/fr\/produit\/handpan-lesson\/\",\"name\":\"Cours de Handpan - Tom Vaylo\",\"isPartOf\":{\"@id\":\"https:\/\/tomvaylo.com\/fr\/#website\"},\"primaryImageOfPage\":{\"@id\":\"https:\/\/tomvaylo.com\/fr\/produit\/handpan-lesson\/#primaryimage\"},\"image\":{\"@id\":\"https:\/\/tomvaylo.com\/fr\/produit\/handpan-lesson\/#primaryimage\"},\"thumbnailUrl\":\"https:\/\/tomvaylo.com\/wp-content\/uploads\/2022\/03\/VF9A3010-scaled.jpg\",\"datePublished\":\"2022-03-10T15:44:49+00:00\",\"dateModified\":\"2024-03-02T23:23:29+00:00\",\"breadcrumb\":{\"@id\":\"https:\/\/tomvaylo.com\/fr\/produit\/handpan-lesson\/#breadcrumb\"},\"inLanguage\":\"fr-FR\",\"potentialAction\":[{\"@type\":\"ReadAction\",\"target\":[\"https:\/\/tomvaylo.com\/fr\/produit\/handpan-lesson\/\"]}]},{\"@type\":\"ImageObject\",\"inLanguage\":\"fr-FR\",\"@id\":\"https:\/\/tomvaylo.com\/fr\/produit\/handpan-lesson\/#primaryimage\",\"url\":\"https:\/\/tomvaylo.com\/wp-content\/uploads\/2022\/03\/VF9A3010-scaled.jpg\",\"contentUrl\":\"https:\/\/tomvaylo.com\/wp-content\/uploads\/2022\/03\/VF9A3010-scaled.jpg\",\"width\":2560,\"height\":1707},{\"@type\":\"BreadcrumbList\",\"@id\":\"https:\/\/tomvaylo.com\/fr\/produit\/handpan-lesson\/#breadcrumb\",\"itemListElement\":[{\"@type\":\"ListItem\",\"position\":1,\"name\":\"Home\",\"item\":\"https:\/\/tomvaylo.com\/fr\/\"},{\"@type\":\"ListItem\",\"position\":2,\"name\":\"Boutique\",\"item\":\"https:\/\/tomvaylo.com\/shop\/\"},{\"@type\":\"ListItem\",\"position\":3,\"name\":\"Cours de Handpan\"}]},{\"@type\":\"WebSite\",\"@id\":\"https:\/\/tomvaylo.com\/fr\/#website\",\"url\":\"https:\/\/tomvaylo.com\/fr\/\",\"name\":\"Tom Vaylo\",\"description\":\"Handpan electro chillout\",\"publisher\":{\"@id\":\"https:\/\/tomvaylo.com\/fr\/#\/schema\/person\/8794eff11bdd772b4ab3e884b744b512\"},\"potentialAction\":[{\"@type\":\"SearchAction\",\"target\":{\"@type\":\"EntryPoint\",\"urlTemplate\":\"https:\/\/tomvaylo.com\/fr\/?s={search_term_string}\"},\"query-input\":{\"@type\":\"PropertyValueSpecification\",\"valueRequired\":true,\"valueName\":\"search_term_string\"}}],\"inLanguage\":\"fr-FR\"},{\"@type\":[\"Person\",\"Organization\"],\"@id\":\"https:\/\/tomvaylo.com\/fr\/#\/schema\/person\/8794eff11bdd772b4ab3e884b744b512\",\"name\":\"TomVaylo\",\"image\":{\"@type\":\"ImageObject\",\"inLanguage\":\"fr-FR\",\"@id\":\"https:\/\/tomvaylo.com\/fr\/#\/schema\/person\/image\/\",\"url\":\"https:\/\/tomvaylo.com\/wp-content\/uploads\/2025\/08\/tomvaylo.png\",\"contentUrl\":\"https:\/\/tomvaylo.com\/wp-content\/uploads\/2025\/08\/tomvaylo.png\",\"width\":416,\"height\":183,\"caption\":\"TomVaylo\"},\"logo\":{\"@id\":\"https:\/\/tomvaylo.com\/fr\/#\/schema\/person\/image\/\"},\"description\":\"Tom Vaylo embodies the fusion of handpan (Hang) with magnetic electronic beats in a unique trip\/hop, dub and world musical trip. Creative traveler and sound crafter, he had the opportunity throughout his 3 albums to collaborate with many musicians and perform- ers (flute, trumpet, saxophone, dance,...) ; and to present live with them his project all around Europe (France, Belgium, UK, Hungary). Musician since his very young age (flute, guitar, saxophone,...) and french handpan pioneer, Tom Vaylo has settled since 2007 his place in the handpan players community. Not only did he played in the most famous handpan festivals (Handpan Festival, HangOut UK, HUG festival,...), he also shared music and handpan playing lessons in the \u201cLearn from the Best\u201d serie on MasterTheHandpan, as well as in his own association in Lyon and in several international workshops (Handpan Academy, le RDV du Hang, ...).\",\"sameAs\":[\"https:\/\/www.tomvaylo.com\",\"https:\/\/www.facebook.com\/tomvaylo\",\"https:\/\/www.instagram.com\/tom_vaylo\"]}]}<\/script>\n<!-- \/ Yoast SEO plugin. -->","yoast_head_json":{"title":"Cours de Handpan - Tom Vaylo","robots":{"index":"index","follow":"follow","max-snippet":"max-snippet:-1","max-image-preview":"max-image-preview:large","max-video-preview":"max-video-preview:-1"},"canonical":"https:\/\/tomvaylo.com\/fr\/produit\/handpan-lesson\/","og_locale":"fr_FR","og_type":"article","og_title":"Cours de Handpan - Tom Vaylo","og_description":"Vous souhaitez am\u00e9liorer votre jeu, obtenir des astuces pour arr\u00eater de tourner en rond ou d\u00e9couvrir de nouvelles techniques ?  Je propose aussi des le\u00e7ons de handpan \u00e0 Lyon ! Les le\u00e7ons sont individuelles et adapt\u00e9es \u00e0 chaque \u00e9l\u00e8ve selon ses envies et besoins ; et s\u2019appuient sur plusieurs th\u00e8mes : technique\/rythme\/m\u00e9lodie\/th\u00e9orie\/composition\/interpr\u00e9tation\/improvisation \u2026 Tout est possible, bien que j\u2019aime \u00e0 voir la musique comme un moyen d\u2019expression, et \u00e0 conforter mes \u00e9l\u00e8ves dans la composition et l\u2019improvisation.  Je suis tr\u00e8s \u00e0 l\u2019\u00e9coute des \u00e9l\u00e8ves pour leur fournir des cours tr\u00e8s personnels et adapt\u00e9s \u00e0 leurs envies.  Vous pouvez r\u00e9server des cours directement depuis le site, ou tout simplement me contacter via le formulaire \u201cContact\u201d pour en discuter ensemble.","og_url":"https:\/\/tomvaylo.com\/fr\/produit\/handpan-lesson\/","og_site_name":"Tom Vaylo","article_publisher":"https:\/\/www.facebook.com\/tomvaylo","article_modified_time":"2024-03-02T23:23:29+00:00","og_image":[{"width":2560,"height":1707,"url":"https:\/\/tomvaylo.com\/wp-content\/uploads\/2022\/03\/VF9A3010-scaled.jpg","type":"image\/jpeg"}],"twitter_card":"summary_large_image","schema":{"@context":"https:\/\/schema.org","@graph":[{"@type":"WebPage","@id":"https:\/\/tomvaylo.com\/fr\/produit\/handpan-lesson\/","url":"https:\/\/tomvaylo.com\/fr\/produit\/handpan-lesson\/","name":"Cours de Handpan - Tom Vaylo","isPartOf":{"@id":"https:\/\/tomvaylo.com\/fr\/#website"},"primaryImageOfPage":{"@id":"https:\/\/tomvaylo.com\/fr\/produit\/handpan-lesson\/#primaryimage"},"image":{"@id":"https:\/\/tomvaylo.com\/fr\/produit\/handpan-lesson\/#primaryimage"},"thumbnailUrl":"https:\/\/tomvaylo.com\/wp-content\/uploads\/2022\/03\/VF9A3010-scaled.jpg","datePublished":"2022-03-10T15:44:49+00:00","dateModified":"2024-03-02T23:23:29+00:00","breadcrumb":{"@id":"https:\/\/tomvaylo.com\/fr\/produit\/handpan-lesson\/#breadcrumb"},"inLanguage":"fr-FR","potentialAction":[{"@type":"ReadAction","target":["https:\/\/tomvaylo.com\/fr\/produit\/handpan-lesson\/"]}]},{"@type":"ImageObject","inLanguage":"fr-FR","@id":"https:\/\/tomvaylo.com\/fr\/produit\/handpan-lesson\/#primaryimage","url":"https:\/\/tomvaylo.com\/wp-content\/uploads\/2022\/03\/VF9A3010-scaled.jpg","contentUrl":"https:\/\/tomvaylo.com\/wp-content\/uploads\/2022\/03\/VF9A3010-scaled.jpg","width":2560,"height":1707},{"@type":"BreadcrumbList","@id":"https:\/\/tomvaylo.com\/fr\/produit\/handpan-lesson\/#breadcrumb","itemListElement":[{"@type":"ListItem","position":1,"name":"Home","item":"https:\/\/tomvaylo.com\/fr\/"},{"@type":"ListItem","position":2,"name":"Boutique","item":"https:\/\/tomvaylo.com\/shop\/"},{"@type":"ListItem","position":3,"name":"Cours de Handpan"}]},{"@type":"WebSite","@id":"https:\/\/tomvaylo.com\/fr\/#website","url":"https:\/\/tomvaylo.com\/fr\/","name":"Tom Vaylo","description":"Handpan electro chillout","publisher":{"@id":"https:\/\/tomvaylo.com\/fr\/#\/schema\/person\/8794eff11bdd772b4ab3e884b744b512"},"potentialAction":[{"@type":"SearchAction","target":{"@type":"EntryPoint","urlTemplate":"https:\/\/tomvaylo.com\/fr\/?s={search_term_string}"},"query-input":{"@type":"PropertyValueSpecification","valueRequired":true,"valueName":"search_term_string"}}],"inLanguage":"fr-FR"},{"@type":["Person","Organization"],"@id":"https:\/\/tomvaylo.com\/fr\/#\/schema\/person\/8794eff11bdd772b4ab3e884b744b512","name":"TomVaylo","image":{"@type":"ImageObject","inLanguage":"fr-FR","@id":"https:\/\/tomvaylo.com\/fr\/#\/schema\/person\/image\/","url":"https:\/\/tomvaylo.com\/wp-content\/uploads\/2025\/08\/tomvaylo.png","contentUrl":"https:\/\/tomvaylo.com\/wp-content\/uploads\/2025\/08\/tomvaylo.png","width":416,"height":183,"caption":"TomVaylo"},"logo":{"@id":"https:\/\/tomvaylo.com\/fr\/#\/schema\/person\/image\/"},"description":"Tom Vaylo embodies the fusion of handpan (Hang) with magnetic electronic beats in a unique trip\/hop, dub and world musical trip. Creative traveler and sound crafter, he had the opportunity throughout his 3 albums to collaborate with many musicians and perform- ers (flute, trumpet, saxophone, dance,...) ; and to present live with them his project all around Europe (France, Belgium, UK, Hungary). Musician since his very young age (flute, guitar, saxophone,...) and french handpan pioneer, Tom Vaylo has settled since 2007 his place in the handpan players community. Not only did he played in the most famous handpan festivals (Handpan Festival, HangOut UK, HUG festival,...), he also shared music and handpan playing lessons in the \u201cLearn from the Best\u201d serie on MasterTheHandpan, as well as in his own association in Lyon and in several international workshops (Handpan Academy, le RDV du Hang, ...).","sameAs":["https:\/\/www.tomvaylo.com","https:\/\/www.facebook.com\/tomvaylo","https:\/\/www.instagram.com\/tom_vaylo"]}]}},"_links":{"self":[{"href":"https:\/\/tomvaylo.com\/fr\/wp-json\/wp\/v2\/product\/96","targetHints":{"allow":["GET"]}}],"collection":[{"href":"https:\/\/tomvaylo.com\/fr\/wp-json\/wp\/v2\/product"}],"about":[{"href":"https:\/\/tomvaylo.com\/fr\/wp-json\/wp\/v2\/types\/product"}],"replies":[{"embeddable":true,"href":"https:\/\/tomvaylo.com\/fr\/wp-json\/wp\/v2\/comments?post=96"}],"wp:featuredmedia":[{"embeddable":true,"href":"https:\/\/tomvaylo.com\/fr\/wp-json\/wp\/v2\/media\/97"}],"wp:attachment":[{"href":"https:\/\/tomvaylo.com\/fr\/wp-json\/wp\/v2\/media?parent=96"}],"wp:term":[{"taxonomy":"product_brand","embeddable":true,"href":"https:\/\/tomvaylo.com\/fr\/wp-json\/wp\/v2\/product_brand?post=96"},{"taxonomy":"product_cat","embeddable":true,"href":"https:\/\/tomvaylo.com\/fr\/wp-json\/wp\/v2\/product_cat?post=96"},{"taxonomy":"product_tag","embeddable":true,"href":"https:\/\/tomvaylo.com\/fr\/wp-json\/wp\/v2\/product_tag?post=96"}],"curies":[{"name":"wp","href":"https:\/\/api.w.org\/{rel}","templated":true}]}}